{"id":157840,"date":"2023-06-27T10:56:35","date_gmt":"2023-06-27T08:56:35","guid":{"rendered":"https:\/\/trimakasi.eu\/?post_type=product&#038;p=157840"},"modified":"2024-09-22T11:10:05","modified_gmt":"2024-09-22T09:10:05","slug":"collar-de-punta-de-flecha-de-obsidiana-para-hombre","status":"publish","type":"product","link":"https:\/\/trimakasi.eu\/es\/product\/obsidian-arrowhead-necklace-for-men\/","title":{"rendered":"Punta de flecha de obsidiana - collar para hombre"},"content":{"rendered":"<h3>Obsidiana negra<\/h3>\n<p><span lang=\"en\" tabindex=\"0\">La obsidiana es una forma especial de vidrio natural, que se crea por el r\u00e1pido enfriamiento de la lava caliente en la superficie de la tierra. Ha sido utilizado por la humanidad desde la Edad de Piedra, cuando los cazadores fabricaban las puntas de sus armas con sus afiladas astillas. Esta piedra tambi\u00e9n fue\u00a0<\/span><span lang=\"en\" tabindex=\"0\">valorado entre los antiguos aztecas, quienes lo llamaron \u201cPiedra de Dios\u201d. Su daga sagrada, dise\u00f1ada para su infame ritual de realizar sacrificios humanos a los dioses, estaba hecha de esta piedra.<\/span><\/p>\n<p><span lang=\"en\" tabindex=\"0\">El \u00f3nix negro, la turmalina negra y la obsidiana negra se consideran piedras protectoras tradicionales debido a su color oscuro. Pueden rodearte de una atm\u00f3sfera protectora que absorba toda la negatividad de tu entorno. Sobre todo, ayudan a superar los patrones de pensamiento negativos que surgen de las emociones m\u00e1s debilitantes y t\u00f3xicas: el miedo.<\/span><\/p>\n<p>Elemento: <strong>Fuego<\/strong><\/p>\n<p>Signo del zodiaco:\u00a0<strong>Sagitario, Escorpio<\/strong><\/p>\n<p>La pulsera armoniza el chakra de la ra\u00edz.<\/p>\n<p><a href=\"https:\/\/trimakasi.eu\/wp-content\/uploads\/\u010dakra1.jpg\"><img loading=\"lazy\" decoding=\"async\" class=\"alignnone size-full wp-image-138513\" src=\"https:\/\/trimakasi.eu\/wp-content\/uploads\/\u010dakra1.jpg\" alt=\"Chakra de la ra\u00edz\" width=\"81\" height=\"88\" srcset=\"https:\/\/trimakasi.eu\/wp-content\/uploads\/\u010dakra1.jpg 81w, https:\/\/trimakasi.eu\/wp-content\/uploads\/\u010dakra1-11x12.jpg 11w\" sizes=\"auto, (max-width: 81px) 100vw, 81px\" \/><\/a><\/p>\n<p><a href=\"https:\/\/trimakasi.eu\/es\/vlog\/\"><u>Visita nuestro video blog para descubrir las conexiones entre piedras preciosas, signos del zod\u00edaco, chakras y mucho m\u00e1s.<\/u><\/a><\/p>","protected":false},"excerpt":{"rendered":"<p>Descubre el guerrero feroz que llevas dentro con nuestro atrevido amuleto de punta de flecha de obsidiana negra. Hecho a mano con obsidiana, una piedra venerada por los nativos americanos por sus propiedades para fabricar armas, este amuleto es m\u00e1s que una pieza de joyer\u00eda: es un s\u00edmbolo de coraje indomable y b\u00fasqueda incesante de sus objetivos.<\/p>\n<p>Siente la energ\u00eda de los antiguos cazadores surgir dentro de ti cada vez que lo usas. Conoce m\u00e1s sobre las propiedades de esta piedra a continuaci\u00f3n.<\/p>\n<p>Longitud de la cadena: 69 cm o 80 cm<\/p>\n<p>Color\/material de la cadena: Acero inoxidable recubierto de PVD negro<\/p>\n<p>Dimensiones de la piedra: aprox. 5 cm x 2 cm<\/p>","protected":false},"featured_media":165115,"comment_status":"open","ping_status":"closed","template":"","meta":{"_acf_changed":false,"_themeisle_gutenberg_block_has_review":false},"product_brand":[],"product_cat":[1064,1150,1690],"product_tag":[],"class_list":{"0":"post-157840","1":"product","2":"type-product","3":"status-publish","4":"has-post-thumbnail","6":"product_cat-mens-jewellery","7":"product_cat-necklaces-for-men","8":"product_cat-necklaces","10":"first","11":"instock","12":"taxable","13":"shipping-taxable","14":"purchasable","15":"product-type-variable","16":"has-default-attributes"},"acf":[],"_links":{"self":[{"href":"https:\/\/trimakasi.eu\/es\/wp-json\/wp\/v2\/product\/157840","targetHints":{"allow":["GET"]}}],"collection":[{"href":"https:\/\/trimakasi.eu\/es\/wp-json\/wp\/v2\/product"}],"about":[{"href":"https:\/\/trimakasi.eu\/es\/wp-json\/wp\/v2\/types\/product"}],"replies":[{"embeddable":true,"href":"https:\/\/trimakasi.eu\/es\/wp-json\/wp\/v2\/comments?post=157840"}],"wp:featuredmedia":[{"embeddable":true,"href":"https:\/\/trimakasi.eu\/es\/wp-json\/wp\/v2\/media\/165115"}],"wp:attachment":[{"href":"https:\/\/trimakasi.eu\/es\/wp-json\/wp\/v2\/media?parent=157840"}],"wp:term":[{"taxonomy":"product_brand","embeddable":true,"href":"https:\/\/trimakasi.eu\/es\/wp-json\/wp\/v2\/product_brand?post=157840"},{"taxonomy":"product_cat","embeddable":true,"href":"https:\/\/trimakasi.eu\/es\/wp-json\/wp\/v2\/product_cat?post=157840"},{"taxonomy":"product_tag","embeddable":true,"href":"https:\/\/trimakasi.eu\/es\/wp-json\/wp\/v2\/product_tag?post=157840"}],"curies":[{"name":"wp","href":"https:\/\/api.w.org\/{rel}","templated":true}]}}