{"id":157832,"date":"2023-11-27T10:43:46","date_gmt":"2023-11-27T09:43:46","guid":{"rendered":"https:\/\/trimakasi.eu\/?post_type=product&#038;p=157832"},"modified":"2026-05-10T12:28:54","modified_gmt":"2026-05-10T10:28:54","slug":"collar-para-hombre-obsidiana-negra","status":"publish","type":"product","link":"https:\/\/trimakasi.eu\/es\/product\/necklace-for-men-black-obsidian\/","title":{"rendered":"Collar de cristal para hombre \u2013 Obsidiana"},"content":{"rendered":"<div class=\"video video-fit mb\" style=\"padding-top:56.25%;\"><p><iframe loading=\"lazy\" title=\"Collares de cristal para hombre Trimakasi \/ N\u00e1hrdeln\u00edky pro mu\u017ee Trimakasi\" width=\"1020\" height=\"574\" src=\"https:\/\/www.youtube.com\/embed\/z70WqxmBk1E?feature=oembed\" frameborder=\"0\" allow=\"accelerometer; autoplay; clipboard-write; encrypted-media; gyroscope; picture-in-picture\" allowfullscreen><\/iframe><\/p>\n<\/div>\n<h3>Obsidiana negra<\/h3>\n<p>Obsidian is a special form of natural gemstone, which is created by the rapid cooling of the hot lava on the earth&#8217;s surface. It has been used by mankind since the Stone Age, when hunters made the tips of their weapons from its sharp chips. This stone was also valued among the ancient Aztecs, who called him &#8220;God&#8217;s Stone&#8221;. Their sacred dagger, designed for their infamous ritual of performing human sacrifices to the gods, was made of this stone.<\/p>\n<p>El \u00f3nix negro, la turmalina negra y la obsidiana negra se consideran piedras protectoras tradicionales debido a su color oscuro. Pueden rodearte de una atm\u00f3sfera protectora que absorba toda la negatividad de tu entorno. Sobre todo, ayudan a superar los patrones de pensamiento negativos que surgen de las emociones m\u00e1s debilitantes y t\u00f3xicas: el miedo.<\/p>\n<p>Elemento: <strong>Fuego<\/strong><\/p>\n<p>Signo del zodiaco:\u00a0<strong>Sagitario, Escorpio<\/strong><\/p>\n<p>La pulsera armoniza el chakra de la ra\u00edz.<\/p>\n<p><a href=\"https:\/\/trimakasi.eu\/wp-content\/uploads\/\u010dakra1.jpg\"><img loading=\"lazy\" decoding=\"async\" class=\"alignnone size-full wp-image-138513\" src=\"https:\/\/trimakasi.eu\/wp-content\/uploads\/\u010dakra1.jpg\" alt=\"Chakra de la ra\u00edz\" width=\"81\" height=\"88\" srcset=\"https:\/\/trimakasi.eu\/wp-content\/uploads\/\u010dakra1.jpg 81w, https:\/\/trimakasi.eu\/wp-content\/uploads\/\u010dakra1-11x12.jpg 11w\" sizes=\"auto, (max-width: 81px) 100vw, 81px\" \/><\/a><\/p>\n<p><a href=\"https:\/\/trimakasi.eu\/es\/vlog\/\"><u>Visita nuestro video blog para descubrir las conexiones entre piedras preciosas, signos del zod\u00edaco, chakras y mucho m\u00e1s.<\/u><\/a><\/p>","protected":false},"excerpt":{"rendered":"<p>Descubra nuestro Collar de Cristal de Obsidiana para Hombre, un verdadero testimonio de fuerza y protecci\u00f3n. El collar presenta un llamativo colgante hexagonal elaborado con obsidiana negra natural, una piedra preciosa rara nacida de la actividad volc\u00e1nica.<\/p>\n<p>Usar un colgante de cristal negro es como llevar a tu guardi\u00e1n personal, ya que se cree que la obsidiana crea un aura protectora que te protege de la negatividad. Imag\u00ednese caminar, fortalecido contra todas las vibraciones negativas. \u00bfInteresado? Obtenga m\u00e1s informaci\u00f3n sobre las propiedades de esta piedra preciosa volc\u00e1nica a continuaci\u00f3n.<\/p>\n<p>Longitud de la cadena: 69 cm o 80 cm<\/p>\n<p>Color y material de la cadena: Acero inoxidable con revestimiento PVD negro<br \/>\nDimensiones de la piedra: aprox. 3,5 x 1 cm<\/p>","protected":false},"featured_media":163112,"comment_status":"open","ping_status":"closed","template":"","meta":{"_acf_changed":false,"_themeisle_gutenberg_block_has_review":false},"product_brand":[],"product_cat":[1064,1150,1690],"product_tag":[],"class_list":{"0":"post-157832","1":"product","2":"type-product","3":"status-publish","4":"has-post-thumbnail","6":"product_cat-mens-jewellery","7":"product_cat-necklaces-for-men","8":"product_cat-necklaces","10":"first","11":"instock","12":"taxable","13":"shipping-taxable","14":"purchasable","15":"product-type-variable","16":"has-default-attributes"},"acf":[],"_links":{"self":[{"href":"https:\/\/trimakasi.eu\/es\/wp-json\/wp\/v2\/product\/157832","targetHints":{"allow":["GET"]}}],"collection":[{"href":"https:\/\/trimakasi.eu\/es\/wp-json\/wp\/v2\/product"}],"about":[{"href":"https:\/\/trimakasi.eu\/es\/wp-json\/wp\/v2\/types\/product"}],"replies":[{"embeddable":true,"href":"https:\/\/trimakasi.eu\/es\/wp-json\/wp\/v2\/comments?post=157832"}],"wp:featuredmedia":[{"embeddable":true,"href":"https:\/\/trimakasi.eu\/es\/wp-json\/wp\/v2\/media\/163112"}],"wp:attachment":[{"href":"https:\/\/trimakasi.eu\/es\/wp-json\/wp\/v2\/media?parent=157832"}],"wp:term":[{"taxonomy":"product_brand","embeddable":true,"href":"https:\/\/trimakasi.eu\/es\/wp-json\/wp\/v2\/product_brand?post=157832"},{"taxonomy":"product_cat","embeddable":true,"href":"https:\/\/trimakasi.eu\/es\/wp-json\/wp\/v2\/product_cat?post=157832"},{"taxonomy":"product_tag","embeddable":true,"href":"https:\/\/trimakasi.eu\/es\/wp-json\/wp\/v2\/product_tag?post=157832"}],"curies":[{"name":"wp","href":"https:\/\/api.w.org\/{rel}","templated":true}]}}