{"id":144779,"date":"2020-01-03T21:38:16","date_gmt":"2020-01-03T20:38:16","guid":{"rendered":"https:\/\/trimakasi.eu\/?post_type=product&#038;p=144779"},"modified":"2024-08-04T18:14:00","modified_gmt":"2024-08-04T16:14:00","slug":"pulsera-trenzada-de-cuarzo-rutilado","status":"publish","type":"product","link":"https:\/\/trimakasi.eu\/es\/product\/rutilated-quartz-braided-bracelet\/","title":{"rendered":"Pulsera trenzada de cuarzo rutilado"},"content":{"rendered":"<h3>Pulseras trenzadas Trimakasi<\/h3>\n<p>Pulseras de lujo artesanales que combinan espiritualidad y modernidad. Las pulseras Trimakasi son talismanes de gratitud, equilibrio y esperanza, que te recargar\u00e1n de energ\u00eda positiva incluso durante los d\u00edas m\u00e1s oscuros.<\/p>\n<p>Las pulseras trenzadas Trimakasi est\u00e1n hechas de cord\u00f3n de nylon de la m\u00e1s alta calidad atado con gui\u00f1os especiales. Contienen el poder oculto de la naturaleza en las cuentas hechas de piedras preciosas naturales.<\/p>\n<h3>Cuarzo rutilado colorido<\/h3>\n<p>Este tipo relativamente raro de cuarzo de cristal natural contiene diminutas agujas de rutilo. Puede traer energ\u00eda vital a la vida humana y recordar la energ\u00eda brillante del Sol en momentos oscuros.<\/p>\n<p>El rutilo es una forma natural de di\u00f3xido de titanio combinado con cantidades variables de \u00f3xido de hierro. Es el hierro que le da al rutilo su tinte rojo, dorado a cobrizo y proporciona un efecto visual espectacular. Las inclusiones de rutilo en forma de aguja se doblan naturalmente al azar en el cristal de cuarzo, \u00a1haciendo que cada cuenta sea un original inconfundible! La actinolita es un mineral que se forma en agujas de cristal de cuarzo verde.<br \/>\nProtege la pureza del alma, mejora la concentraci\u00f3n, protege contra la negatividad, es apto para la meditaci\u00f3n y en general aumenta la fuerza mental.<\/p>\n<p>Los nombres hist\u00f3ricos de este cuarzo de cristal incluyen frases como \u201cluz helada\u201d, \u201cagua sagrada\u201d o \u201cesencia de drag\u00f3n\u201d, como se la conoce en las tradiciones china y japonesa. Los budistas lo llamaron &quot;nada visible&quot;, y los abor\u00edgenes australianos lo llamaron &quot;luz fosilizada&quot; y cre\u00edan que contiene la esencia del Gran Esp\u00edritu. En la tradici\u00f3n griega, se llamaba &quot;hielo puro&quot;, que seg\u00fan las leyendas se rompi\u00f3 en miles de pedazos despu\u00e9s de que H\u00e9rcules lo dejara caer del sagrado monte Olimpo.<\/p>\n<p>Elemento: <strong>Tierra, Fuego, Agua, Aire<\/strong><\/p>\n<p>Signo del zodiaco: <strong>Adecuado para todos los signos.<\/strong><\/p>\n<p>La pulsera armoniza todos los chakras pero principalmente el chakra de la corona:<\/p>\n<p><img loading=\"lazy\" decoding=\"async\" class=\"alignnone wp-image-74571\" src=\"https:\/\/trimakasi.eu\/wp-content\/uploads\/2019\/05\/akra7.jpg\" alt=\"\" width=\"68\" height=\"75\" srcset=\"https:\/\/trimakasi.eu\/wp-content\/uploads\/2019\/05\/akra7.jpg 92w, https:\/\/trimakasi.eu\/wp-content\/uploads\/2019\/05\/akra7-11x12.jpg 11w\" sizes=\"auto, (max-width: 68px) 100vw, 68px\" \/><\/p>\n<p><a href=\"https:\/\/trimakasi.eu\/es\/vlog\/\"><u>Visita nuestro video blog para descubrir las conexiones entre piedras preciosas, signos del zod\u00edaco, chakras y mucho m\u00e1s.<\/u><\/a><\/p>","protected":false},"excerpt":{"rendered":"<p>Crystal quartz symbolizes the light and is valued for its ability to preserve energy of Sun and improve human concentration. Rutile crystals are a rare natural form of crystal quartz that contains copper-colored rutile needles. Learn more about the properties of this stone below.<\/p>\n<div class=\"product-short-description\">\n<p>Braided bracelet that is adjustable by size, but we recommend choosing it according to the size of your wrist circumference.\u00a0<u><a href=\"https:\/\/trimakasi.eu\/how-to-choose-the-bracelet-size\/\">Instructions on how to correctly determine t<\/a><\/u><u><\/u><a href=\"https:\/\/trimakasi.eu\/how-to-choose-the-bracelet-size\/\"><u>he size can be found here<\/u><\/a><\/p>\n<\/div>\n<form class=\"variations_form cart AVAST_PAM_nonloginform\" style=\"box-sizing: border-box; margin-bottom: 1.3em; color: #777777; font-family: Lora, sans-serif; font-size: 18.4px; font-style: normal; font-variant-ligatures: normal; font-variant-caps: normal; font-weight: 400; letter-spacing: normal; orphans: 2; text-align: left; text-indent: 0px; text-transform: none; white-space: normal; widows: 2; word-spacing: 0px; -webkit-text-stroke-width: 0px; background-color: #ffffff; text-decoration-thickness: initial; text-decoration-style: initial; text-decoration-color: initial;\" action=\"https:\/\/trimakasi.eu\/product\/malachite-braided-bracelet\/\" enctype=\"multipart\/form-data\" method=\"post\" data-product_id=\"74167\" data-product_variations=\"[{&quot;attributes&quot;:{&quot;attribute_select-the-size&quot;:&quot;XS-15cm&quot;},&quot;availability_html&quot;:&quot;&lt;p class=\\&quot;stock in-stock\\&quot;&gt;In stock&lt;\\\/p&gt;\\n&quot;,&quot;backorders_allowed&quot;:false,&quot;dimensions&quot;:{&quot;length&quot;:&quot;&quot;,&quot;width&quot;:&quot;&quot;,&quot;height&quot;:&quot;&quot;},&quot;dimensions_html&quot;:&quot;N\\\/A&quot;,&quot;display_price&quot;:58,&quot;display_regular_price&quot;:58,&quot;image&quot;:{&quot;title&quot;:&quot;Malachite braided bracelet&quot;,&quot;caption&quot;:&quot;&quot;,&quot;url&quot;:&quot;https:\\\/\\\/trimakasi.eu\\\/wp-content\\\/uploads\\\/2019\\\/05\\\/malachit-e1550682993797-1.jpg&quot;,&quot;alt&quot;:&quot;Malachite braided bracelet&quot;,&quot;src&quot;:&quot;https:\\\/\\\/trimakasi.eu\\\/wp-content\\\/uploads\\\/2019\\\/05\\\/malachit-e1550682993797-1-600x826.jpg&quot;,&quot;srcset&quot;:&quot;https:\\\/\\\/trimakasi.eu\\\/wp-content\\\/uploads\\\/2019\\\/05\\\/malachit-e1550682993797-1-600x826.jpg 600w, https:\\\/\\\/trimakasi.eu\\\/wp-content\\\/uploads\\\/2019\\\/05\\\/malachit-e1550682993797-1-218x300.jpg 218w, https:\\\/\\\/trimakasi.eu\\\/wp-content\\\/uploads\\\/2019\\\/05\\\/malachit-e1550682993797-1-768x1057.jpg 768w, https:\\\/\\\/trimakasi.eu\\\/wp-content\\\/uploads\\\/2019\\\/05\\\/malachit-e1550682993797-1-744x1024.jpg 744w, https:\\\/\\\/trimakasi.eu\\\/wp-content\\\/uploads\\\/2019\\\/05\\\/malachit-e1550682993797-1.jpg 800w&quot;,&quot;sizes&quot;:&quot;(max-width: 600px) 100vw, 600px&quot;,&quot;full_src&quot;:&quot;https:\\\/\\\/trimakasi.eu\\\/wp-content\\\/uploads\\\/2019\\\/05\\\/malachit-e1550682993797-1.jpg&quot;,&quot;full_src_w&quot;:800,&quot;full_src_h&quot;:1101,&quot;gallery_thumbnail_src&quot;:&quot;https:\\\/\\\/trimakasi.eu\\\/wp-content\\\/uploads\\\/2019\\\/05\\\/malachit-e1550682993797-1-100x100.jpg&quot;,&quot;gallery_thumbnail_src_w&quot;:100,&quot;gallery_thumbnail_src_h&quot;:100,&quot;thumb_src&quot;:&quot;https:\\\/\\\/trimakasi.eu\\\/wp-content\\\/uploads\\\/2019\\\/05\\\/malachit-e1550682993797-1-300x450.jpg&quot;,&quot;thumb_src_w&quot;:300,&quot;thumb_src_h&quot;:450,&quot;src_w&quot;:600,&quot;src_h&quot;:826},&quot;image_id&quot;:74950,&quot;is_downloadable&quot;:false,&quot;is_in_stock&quot;:true,&quot;is_purchasable&quot;:true,&quot;is_sold_individually&quot;:&quot;no&quot;,&quot;is_virtual&quot;:false,&quot;max_qty&quot;:10,&quot;min_qty&quot;:1,&quot;price_html&quot;:&quot;&quot;,&quot;sku&quot;:&quot;edb8f3e3e7f1&quot;,&quot;variation_description&quot;:&quot;&lt;p&gt;Material composition: Malachite, 316L stainless steel with PVD coating, nylon cord.&lt;\\\/p&gt;\\n&quot;,&quot;variation_id&quot;:74473,&quot;variation_is_active&quot;:true,&quot;variation_is_visible&quot;:true,&quot;weight&quot;:&quot;&quot;,&quot;weight_html&quot;:&quot;N\\\/A&quot;},{&quot;attributes&quot;:{&quot;attribute_select-the-size&quot;:&quot;XXL-20cm&quot;},&quot;availability_html&quot;:&quot;&lt;p class=\\&quot;stock in-stock\\&quot;&gt;In stock&lt;\\\/p&gt;\\n&quot;,&quot;backorders_allowed&quot;:false,&quot;dimensions&quot;:{&quot;length&quot;:&quot;&quot;,&quot;width&quot;:&quot;&quot;,&quot;height&quot;:&quot;&quot;},&quot;dimensions_html&quot;:&quot;N\\\/A&quot;,&quot;display_price&quot;:58,&quot;display_regular_price&quot;:58,&quot;image&quot;:{&quot;title&quot;:&quot;Malachite braided bracelet&quot;,&quot;caption&quot;:&quot;&quot;,&quot;url&quot;:&quot;https:\\\/\\\/trimakasi.eu\\\/wp-content\\\/uploads\\\/2019\\\/05\\\/malachit-e1550682993797-1.jpg&quot;,&quot;alt&quot;:&quot;Malachite braided bracelet&quot;,&quot;src&quot;:&quot;https:\\\/\\\/trimakasi.eu\\\/wp-content\\\/uploads\\\/2019\\\/05\\\/malachit-e1550682993797-1-600x826.jpg&quot;,&quot;srcset&quot;:&quot;https:\\\/\\\/trimakasi.eu\\\/wp-content\\\/uploads\\\/2019\\\/05\\\/malachit-e1550682993797-1-600x826.jpg 600w, https:\\\/\\\/trimakasi.eu\\\/wp-content\\\/uploads\\\/2019\\\/05\\\/malachit-e1550682993797-1-218x300.jpg 218w, https:\\\/\\\/trimakasi.eu\\\/wp-content\\\/uploads\\\/2019\\\/05\\\/malachit-e1550682993797-1-768x1057.jpg 768w, https:\\\/\\\/trimakasi.eu\\\/wp-content\\\/uploads\\\/2019\\\/05\\\/malachit-e1550682993797-1-744x1024.jpg 744w, https:\\\/\\\/trimakasi.eu\\\/wp-content\\\/uploads\\\/2019\\\/05\\\/malachit-e1550682993797-1.jpg 800w&quot;,&quot;sizes&quot;:&quot;(max-width: 600px) 100vw, 600px&quot;,&quot;full_src&quot;:&quot;https:\\\/\\\/trimakasi.eu\\\/wp-content\\\/uploads\\\/2019\\\/05\\\/malachit-e1550682993797-1.jpg&quot;,&quot;full_src_w&quot;:800,&quot;full_src_h&quot;:1101,&quot;gallery_thumbnail_src&quot;:&quot;https:\\\/\\\/trimakasi.eu\\\/wp-content\\\/uploads\\\/2019\\\/05\\\/malachit-e1550682993797-1-100x100.jpg&quot;,&quot;gallery_thumbnail_src_w&quot;:100,&quot;gallery_thumbnail_src_h&quot;:100,&quot;thumb_src&quot;:&quot;https:\\\/\\\/trimakasi.eu\\\/wp-content\\\/uploads\\\/2019\\\/05\\\/malachit-e1550682993797-1-300x450.jpg&quot;,&quot;thumb_src_w&quot;:300,&quot;thumb_src_h&quot;:450,&quot;src_w&quot;:600,&quot;src_h&quot;:826},&quot;image_id&quot;:74950,&quot;is_downloadable&quot;:false,&quot;is_in_stock&quot;:true,&quot;is_purchasable&quot;:true,&quot;is_sold_individually&quot;:&quot;no&quot;,&quot;is_virtual&quot;:false,&quot;max_qty&quot;:10,&quot;min_qty&quot;:1,&quot;price_html&quot;:&quot;&quot;,&quot;sku&quot;:&quot;8dd1449e9d2c&quot;,&quot;variation_description&quot;:&quot;&lt;p&gt;Material composition: Malachite, 316L stainless steel with PVD coating, nylon cord.&lt;\\\/p&gt;\\n&quot;,&quot;variation_id&quot;:74468,&quot;variation_is_active&quot;:true,&quot;variation_is_visible&quot;:true,&quot;weight&quot;:&quot;&quot;,&quot;weight_html&quot;:&quot;N\\\/A&quot;},{&quot;attributes&quot;:{&quot;attribute_select-the-size&quot;:&quot;XL-19cm&quot;},&quot;availability_html&quot;:&quot;&lt;p class=\\&quot;stock in-stock\\&quot;&gt;In stock&lt;\\\/p&gt;\\n&quot;,&quot;backorders_allowed&quot;:false,&quot;dimensions&quot;:{&quot;length&quot;:&quot;&quot;,&quot;width&quot;:&quot;&quot;,&quot;height&quot;:&quot;&quot;},&quot;dimensions_html&quot;:&quot;N\\\/A&quot;,&quot;display_price&quot;:58,&quot;display_regular_price&quot;:58,&quot;image&quot;:{&quot;title&quot;:&quot;Malachite braided bracelet&quot;,&quot;caption&quot;:&quot;&quot;,&quot;url&quot;:&quot;https:\\\/\\\/trimakasi.eu\\\/wp-content\\\/uploads\\\/2019\\\/05\\\/malachit-e1550682993797-1.jpg&quot;,&quot;alt&quot;:&quot;Malachite braided bracelet&quot;,&quot;src&quot;:&quot;https:\\\/\\\/trimakasi.eu\\\/wp-content\\\/uploads\\\/2019\\\/05\\\/malachit-e1550682993797-1-600x826.jpg&quot;,&quot;srcset&quot;:&quot;https:\\\/\\\/trimakasi.eu\\\/wp-content\\\/uploads\\\/2019\\\/05\\\/malachit-e1550682993797-1-600x826.jpg 600w, https:\\\/\\\/trimakasi.eu\\\/wp-content\\\/uploads\\\/2019\\\/05\\\/malachit-e1550682993797-1-218x300.jpg 218w, https:\\\/\\\/trimakasi.eu\\\/wp-content\\\/uploads\\\/2019\\\/05\\\/malachit-e1550682993797-1-768x1057.jpg 768w, https:\\\/\\\/trimakasi.eu\\\/wp-content\\\/uploads\\\/2019\\\/05\\\/malachit-e1550682993797-1-744x1024.jpg 744w, https:\\\/\\\/trimakasi.eu\\\/wp-content\\\/uploads\\\/2019\\\/05\\\/malachit-e1550682993797-1.jpg 800w&quot;,&quot;sizes&quot;:&quot;(max-width: 600px) 100vw, 600px&quot;,&quot;full_src&quot;:&quot;https:\\\/\\\/trimakasi.eu\\\/wp-content\\\/uploads\\\/2019\\\/05\\\/malachit-e1550682993797-1.jpg&quot;,&quot;full_src_w&quot;:800,&quot;full_src_h&quot;:1101,&quot;gallery_thumbnail_src&quot;:&quot;https:\\\/\\\/trimakasi.eu\\\/wp-content\\\/uploads\\\/2019\\\/05\\\/malachit-e1550682993797-1-100x100.jpg&quot;,&quot;gallery_thumbnail_src_w&quot;:100,&quot;gallery_thumbnail_src_h&quot;:100,&quot;thumb_src&quot;:&quot;https:\\\/\\\/trimakasi.eu\\\/wp-content\\\/uploads\\\/2019\\\/05\\\/malachit-e1550682993797-1-300x450.jpg&quot;,&quot;thumb_src_w&quot;:300,&quot;thumb_src_h&quot;:450,&quot;src_w&quot;:600,&quot;src_h&quot;:826},&quot;image_id&quot;:74950,&quot;is_downloadable&quot;:false,&quot;is_in_stock&quot;:true,&quot;is_purchasable&quot;:true,&quot;is_sold_individually&quot;:&quot;no&quot;,&quot;is_virtual&quot;:false,&quot;max_qty&quot;:10,&quot;min_qty&quot;:1,&quot;price_html&quot;:&quot;&quot;,&quot;sku&quot;:&quot;a97f2f157cef&quot;,&quot;variation_description&quot;:&quot;&lt;p&gt;Material composition: Malachite, 316L stainless steel with PVD coating, nylon cord.&lt;\\\/p&gt;\\n&quot;,&quot;variation_id&quot;:74469,&quot;variation_is_active&quot;:true,&quot;variation_is_visible&quot;:true,&quot;weight&quot;:&quot;&quot;,&quot;weight_html&quot;:&quot;N\\\/A&quot;},{&quot;attributes&quot;:{&quot;attribute_select-the-size&quot;:&quot;L-18cm&quot;},&quot;availability_html&quot;:&quot;&lt;p class=\\&quot;stock in-stock\\&quot;&gt;In stock&lt;\\\/p&gt;\\n&quot;,&quot;backorders_allowed&quot;:false,&quot;dimensions&quot;:{&quot;length&quot;:&quot;&quot;,&quot;width&quot;:&quot;&quot;,&quot;height&quot;:&quot;&quot;},&quot;dimensions_html&quot;:&quot;N\\\/A&quot;,&quot;display_price&quot;:58,&quot;display_regular_price&quot;:58,&quot;image&quot;:{&quot;title&quot;:&quot;Malachite braided bracelet&quot;,&quot;caption&quot;:&quot;&quot;,&quot;url&quot;:&quot;https:\\\/\\\/trimakasi.eu\\\/wp-content\\\/uploads\\\/2019\\\/05\\\/malachit-e1550682993797-1.jpg&quot;,&quot;alt&quot;:&quot;Malachite braided bracelet&quot;,&quot;src&quot;:&quot;https:\\\/\\\/trimakasi.eu\\\/wp-content\\\/uploads\\\/2019\\\/05\\\/malachit-e1550682993797-1-600x826.jpg&quot;,&quot;srcset&quot;:&quot;https:\\\/\\\/trimakasi.eu\\\/wp-content\\\/uploads\\\/2019\\\/05\\\/malachit-e1550682993797-1-600x826.jpg 600w, https:\\\/\\\/trimakasi.eu\\\/wp-content\\\/uploads\\\/2019\\\/05\\\/malachit-e1550682993797-1-218x300.jpg 218w, https:\\\/\\\/trimakasi.eu\\\/wp-content\\\/uploads\\\/2019\\\/05\\\/malachit-e1550682993797-1-768x1057.jpg 768w, https:\\\/\\\/trimakasi.eu\\\/wp-content\\\/uploads\\\/2019\\\/05\\\/malachit-e1550682993797-1-744x1024.jpg 744w, https:\\\/\\\/trimakasi.eu\\\/wp-content\\\/uploads\\\/2019\\\/05\\\/malachit-e1550682993797-1.jpg 800w&quot;,&quot;sizes&quot;:&quot;(max-width: 600px) 100vw, 600px&quot;,&quot;full_src&quot;:&quot;https:\\\/\\\/trimakasi.eu\\\/wp-content\\\/uploads\\\/2019\\\/05\\\/malachit-e1550682993797-1.jpg&quot;,&quot;full_src_w&quot;:800,&quot;full_src_h&quot;:1101,&quot;gallery_thumbnail_src&quot;:&quot;https:\\\/\\\/trimakasi.eu\\\/wp-content\\\/uploads\\\/2019\\\/05\\\/malachit-e1550682993797-1-100x100.jpg&quot;,&quot;gallery_thumbnail_src_w&quot;:100,&quot;gallery_thumbnail_src_h&quot;:100,&quot;thumb_src&quot;:&quot;https:\\\/\\\/trimakasi.eu\\\/wp-content\\\/uploads\\\/2019\\\/05\\\/malachit-e1550682993797-1-300x450.jpg&quot;,&quot;thumb_src_w&quot;:300,&quot;thumb_src_h&quot;:450,&quot;src_w&quot;:600,&quot;src_h&quot;:826},&quot;image_id&quot;:74950,&quot;is_downloadable&quot;:false,&quot;is_in_stock&quot;:true,&quot;is_purchasable&quot;:true,&quot;is_sold_individually&quot;:&quot;no&quot;,&quot;is_virtual&quot;:false,&quot;max_qty&quot;:9,&quot;min_qty&quot;:1,&quot;price_html&quot;:&quot;&quot;,&quot;sku&quot;:&quot;73adcec047c9&quot;,&quot;variation_description&quot;:&quot;&lt;p&gt;Material composition: Malachite, 316L stainless steel with PVD coating, nylon cord.&lt;\\\/p&gt;\\n&quot;,&quot;variation_id&quot;:74470,&quot;variation_is_active&quot;:true,&quot;variation_is_visible&quot;:true,&quot;weight&quot;:&quot;&quot;,&quot;weight_html&quot;:&quot;N\\\/A&quot;},{&quot;attributes&quot;:{&quot;attribute_select-the-size&quot;:&quot;M-17cm&quot;},&quot;availability_html&quot;:&quot;&lt;p class=\\&quot;stock in-stock\\&quot;&gt;In stock&lt;\\\/p&gt;\\n&quot;,&quot;backorders_allowed&quot;:false,&quot;dimensions&quot;:{&quot;length&quot;:&quot;&quot;,&quot;width&quot;:&quot;&quot;,&quot;height&quot;:&quot;&quot;},&quot;dimensions_html&quot;:&quot;N\\\/A&quot;,&quot;display_price&quot;:58,&quot;display_regular_price&quot;:58,&quot;image&quot;:{&quot;title&quot;:&quot;Malachite braided bracelet&quot;,&quot;caption&quot;:&quot;&quot;,&quot;url&quot;:&quot;https:\\\/\\\/trimakasi.eu\\\/wp-content\\\/uploads\\\/2019\\\/05\\\/malachit-e1550682993797-1.jpg&quot;,&quot;alt&quot;:&quot;Malachite braided bracelet&quot;,&quot;src&quot;:&quot;https:\\\/\\\/trimakasi.eu\\\/wp-content\\\/uploads\\\/2019\\\/05\\\/malachit-e1550682993797-1-600x826.jpg&quot;,&quot;srcset&quot;:&quot;https:\\\/\\\/trimakasi.eu\\\/wp-content\\\/uploads\\\/2019\\\/05\\\/malachit-e1550682993797-1-600x826.jpg 600w, https:\\\/\\\/trimakasi.eu\\\/wp-content\\\/uploads\\\/2019\\\/05\\\/malachit-e1550682993797-1-218x300.jpg 218w, https:\\\/\\\/trimakasi.eu\\\/wp-content\\\/uploads\\\/2019\\\/05\\\/malachit-e1550682993797-1-768x1057.jpg 768w, https:\\\/\\\/trimakasi.eu\\\/wp-content\\\/uploads\\\/2019\\\/05\\\/malachit-e1550682993797-1-744x1024.jpg 744w, https:\\\/\\\/trimakasi.eu\\\/wp-content\\\/uploads\\\/2019\\\/05\\\/malachit-e1550682993797-1.jpg 800w&quot;,&quot;sizes&quot;:&quot;(max-width: 600px) 100vw, 600px&quot;,&quot;full_src&quot;:&quot;https:\\\/\\\/trimakasi.eu\\\/wp-content\\\/uploads\\\/2019\\\/05\\\/malachit-e1550682993797-1.jpg&quot;,&quot;full_src_w&quot;:800,&quot;full_src_h&quot;:1101,&quot;gallery_thumbnail_src&quot;:&quot;https:\\\/\\\/trimakasi.eu\\\/wp-content\\\/uploads\\\/2019\\\/05\\\/malachit-e1550682993797-1-100x100.jpg&quot;,&quot;gallery_thumbnail_src_w&quot;:100,&quot;gallery_thumbnail_src_h&quot;:100,&quot;thumb_src&quot;:&quot;https:\\\/\\\/trimakasi.eu\\\/wp-content\\\/uploads\\\/2019\\\/05\\\/malachit-e1550682993797-1-300x450.jpg&quot;,&quot;thumb_src_w&quot;:300,&quot;thumb_src_h&quot;:450,&quot;src_w&quot;:600,&quot;src_h&quot;:826},&quot;image_id&quot;:74950,&quot;is_downloadable&quot;:false,&quot;is_in_stock&quot;:true,&quot;is_purchasable&quot;:true,&quot;is_sold_individually&quot;:&quot;no&quot;,&quot;is_virtual&quot;:false,&quot;max_qty&quot;:9,&quot;min_qty&quot;:1,&quot;price_html&quot;:&quot;&quot;,&quot;sku&quot;:&quot;ca6bda735994&quot;,&quot;variation_description&quot;:&quot;&lt;p&gt;Material composition: Malachite, 316L stainless steel with PVD coating, nylon cord.&lt;\\\/p&gt;\\n&quot;,&quot;variation_id&quot;:74471,&quot;variation_is_active&quot;:true,&quot;variation_is_visible&quot;:true,&quot;weight&quot;:&quot;&quot;,&quot;weight_html&quot;:&quot;N\\\/A&quot;},{&quot;attributes&quot;:{&quot;attribute_select-the-size&quot;:&quot;S-16cm&quot;},&quot;availability_html&quot;:&quot;&lt;p class=\\&quot;stock in-stock\\&quot;&gt;In stock&lt;\\\/p&gt;\\n&quot;,&quot;backorders_allowed&quot;:false,&quot;dimensions&quot;:{&quot;length&quot;:&quot;&quot;,&quot;width&quot;:&quot;&quot;,&quot;height&quot;:&quot;&quot;},&quot;dimensions_html&quot;:&quot;N\\\/A&quot;,&quot;display_price&quot;:58,&quot;display_regular_price&quot;:58,&quot;image&quot;:{&quot;title&quot;:&quot;Malachite braided bracelet&quot;,&quot;caption&quot;:&quot;&quot;,&quot;url&quot;:&quot;https:\\\/\\\/trimakasi.eu\\\/wp-content\\\/uploads\\\/2019\\\/05\\\/malachit-e1550682993797-1.jpg&quot;,&quot;alt&quot;:&quot;Malachite braided bracelet&quot;,&quot;src&quot;:&quot;https:\\\/\\\/trimakasi.eu\\\/wp-content\\\/uploads\\\/2019\\\/05\\\/malachit-e1550682993797-1-600x826.jpg&quot;,&quot;srcset&quot;:&quot;https:\\\/\\\/trimakasi.eu\\\/wp-content\\\/uploads\\\/2019\\\/05\\\/malachit-e1550682993797-1-600x826.jpg 600w, https:\\\/\\\/trimakasi.eu\\\/wp-content\\\/uploads\\\/2019\\\/05\\\/malachit-e1550682993797-1-218x300.jpg 218w, https:\\\/\\\/trimakasi.eu\\\/wp-content\\\/uploads\\\/2019\\\/05\\\/malachit-e1550682993797-1-768x1057.jpg 768w, https:\\\/\\\/trimakasi.eu\\\/wp-content\\\/uploads\\\/2019\\\/05\\\/malachit-e1550682993797-1-744x1024.jpg 744w, https:\\\/\\\/trimakasi.eu\\\/wp-content\\\/uploads\\\/2019\\\/05\\\/malachit-e1550682993797-1.jpg 800w&quot;,&quot;sizes&quot;:&quot;(max-width: 600px) 100vw, 600px&quot;,&quot;full_src&quot;:&quot;https:\\\/\\\/trimakasi.eu\\\/wp-content\\\/uploads\\\/2019\\\/05\\\/malachit-e1550682993797-1.jpg&quot;,&quot;full_src_w&quot;:800,&quot;full_src_h&quot;:1101,&quot;gallery_thumbnail_src&quot;:&quot;https:\\\/\\\/trimakasi.eu\\\/wp-content\\\/uploads\\\/2019\\\/05\\\/malachit-e1550682993797-1-100x100.jpg&quot;,&quot;gallery_thumbnail_src_w&quot;:100,&quot;gallery_thumbnail_src_h&quot;:100,&quot;thumb_src&quot;:&quot;https:\\\/\\\/trimakasi.eu\\\/wp-content\\\/uploads\\\/2019\\\/05\\\/malachit-e1550682993797-1-300x450.jpg&quot;,&quot;thumb_src_w&quot;:300,&quot;thumb_src_h&quot;:450,&quot;src_w&quot;:600,&quot;src_h&quot;:826},&quot;image_id&quot;:74950,&quot;is_downloadable&quot;:false,&quot;is_in_stock&quot;:true,&quot;is_purchasable&quot;:true,&quot;is_sold_individually&quot;:&quot;no&quot;,&quot;is_virtual&quot;:false,&quot;max_qty&quot;:10,&quot;min_qty&quot;:1,&quot;price_html&quot;:&quot;&quot;,&quot;sku&quot;:&quot;1aa052f225f8&quot;,&quot;variation_description&quot;:&quot;&lt;p&gt;Material composition: Malachite, 316L stainless steel with PVD coating, nylon cord.&lt;\\\/p&gt;\\n&quot;,&quot;variation_id&quot;:74472,&quot;variation_is_active&quot;:true,&quot;variation_is_visible&quot;:true,&quot;weight&quot;:&quot;&quot;,&quot;weight_html&quot;:&quot;N\\\/A&quot;}]\"><\/form>\n","protected":false},"featured_media":144793,"comment_status":"open","ping_status":"closed","template":"","meta":{"_acf_changed":false,"_themeisle_gutenberg_block_has_review":false},"product_brand":[],"product_cat":[1688,1069,570,1064,1316,553],"product_tag":[],"class_list":{"0":"post-144779","1":"product","2":"type-product","3":"status-publish","4":"has-post-thumbnail","6":"product_cat-braided-bracelets","7":"product_cat-braided-bracelets-for-men","8":"product_cat-braided-bracelets-for-women","9":"product_cat-mens-jewellery","10":"product_cat-rare-gemstone-bracelets","11":"product_cat-womens-jewellery","13":"first","14":"instock","15":"taxable","16":"shipping-taxable","17":"purchasable","18":"product-type-variable","19":"has-default-attributes"},"acf":[],"_links":{"self":[{"href":"https:\/\/trimakasi.eu\/es\/wp-json\/wp\/v2\/product\/144779","targetHints":{"allow":["GET"]}}],"collection":[{"href":"https:\/\/trimakasi.eu\/es\/wp-json\/wp\/v2\/product"}],"about":[{"href":"https:\/\/trimakasi.eu\/es\/wp-json\/wp\/v2\/types\/product"}],"replies":[{"embeddable":true,"href":"https:\/\/trimakasi.eu\/es\/wp-json\/wp\/v2\/comments?post=144779"}],"wp:featuredmedia":[{"embeddable":true,"href":"https:\/\/trimakasi.eu\/es\/wp-json\/wp\/v2\/media\/144793"}],"wp:attachment":[{"href":"https:\/\/trimakasi.eu\/es\/wp-json\/wp\/v2\/media?parent=144779"}],"wp:term":[{"taxonomy":"product_brand","embeddable":true,"href":"https:\/\/trimakasi.eu\/es\/wp-json\/wp\/v2\/product_brand?post=144779"},{"taxonomy":"product_cat","embeddable":true,"href":"https:\/\/trimakasi.eu\/es\/wp-json\/wp\/v2\/product_cat?post=144779"},{"taxonomy":"product_tag","embeddable":true,"href":"https:\/\/trimakasi.eu\/es\/wp-json\/wp\/v2\/product_tag?post=144779"}],"curies":[{"name":"wp","href":"https:\/\/api.w.org\/{rel}","templated":true}]}}