{"id":144474,"date":"2023-02-02T11:13:49","date_gmt":"2023-02-02T10:13:49","guid":{"rendered":"https:\/\/trimakasi.eu\/?post_type=product&#038;p=144474"},"modified":"2026-01-27T20:24:33","modified_gmt":"2026-01-27T19:24:33","slug":"cuarzo-ahumado","status":"publish","type":"product","link":"https:\/\/trimakasi.eu\/es\/product\/smoky-quartz\/","title":{"rendered":"Pulsera de cuarzo ahumado"},"content":{"rendered":"<h3>Cuarzo ahumado \u2013 propiedades<\/h3>\n<p>El cuarzo ahumado es una forma de cuarzo que se presenta naturalmente en tonos de gris ahumado y marr\u00f3n. Una variante oscura, casi opaca, se llama morion.<\/p>\n<p>Esta piedra se usa como amuleto, lo que fortalece los instintos b\u00e1sicos de supervivencia, ayuda a lograr objetivos personales y comerciales y tambi\u00e9n ayuda a implementar nuevas ideas. Apoya los procesos racionales y pragm\u00e1ticos en el cerebro, mejora la organizaci\u00f3n de la mente, la concentraci\u00f3n y la determinaci\u00f3n.<\/p>\n<p>El cuarzo ahumado aumenta la resistencia y ayuda cuando atravesamos momentos dif\u00edciles. Al mismo tiempo, esta piedra preciosa puede absorber y moler una cantidad significativa de energ\u00eda negativa y as\u00ed protegernos de ella. El color del cuarzo ahumado es creado en la naturaleza por la radiaci\u00f3n natural y por ello es el cuarzo ahumado tradicionalmente considerado como piedra protectora y limpiadora, que protege contra todo tipo de radiaciones nocivas y contra el smog electromagn\u00e9tico.<\/p>\n<p>El cuarzo ahumado era una piedra sagrada tradicional de los druidas celtas, que extra\u00edan la energ\u00eda de los dioses paganos asociados con la energ\u00eda de la Tierra para sus rituales, y los chamanes nativos de Am\u00e9rica del Norte, que lo usaban como amuleto protector contra los muertos.<\/p>\n<p>Pa\u00eds de origen: <strong>Brasil<\/strong><\/p>\n<p>Elemento: <strong>tierra<\/strong><\/p>\n<p>Signos del zodiaco:<strong> Capricornio, Libra, Tauro, Escorpio<\/strong><\/p>\n<p>Esta pulsera armoniza el chakra de la ra\u00edz y el chakra de la corona.<br \/>\n<a href=\"https:\/\/trimakasi.eu\/wp-content\/uploads\/\u010dakra1.jpg\"><img loading=\"lazy\" decoding=\"async\" class=\"alignnone wp-image-138513\" src=\"https:\/\/trimakasi.eu\/wp-content\/uploads\/\u010dakra1.jpg\" alt=\"Chakra de la ra\u00edz\" width=\"74\" height=\"80\" srcset=\"https:\/\/trimakasi.eu\/wp-content\/uploads\/\u010dakra1.jpg 81w, https:\/\/trimakasi.eu\/wp-content\/uploads\/\u010dakra1-11x12.jpg 11w\" sizes=\"auto, (max-width: 74px) 100vw, 74px\" \/><\/a><img loading=\"lazy\" decoding=\"async\" class=\"alignnone wp-image-74571\" src=\"https:\/\/trimakasi.eu\/wp-content\/uploads\/2019\/05\/akra7.jpg\" alt=\"\" width=\"68\" height=\"75\" srcset=\"https:\/\/trimakasi.eu\/wp-content\/uploads\/2019\/05\/akra7.jpg 92w, https:\/\/trimakasi.eu\/wp-content\/uploads\/2019\/05\/akra7-11x12.jpg 11w\" sizes=\"auto, (max-width: 68px) 100vw, 68px\" \/><\/p>\n<p><a href=\"https:\/\/trimakasi.eu\/es\/vlog\/\"><u>Visita nuestro video blog para descubrir las conexiones entre piedras preciosas, signos del zod\u00edaco, chakras y mucho m\u00e1s.<\/u><\/a><\/p>","protected":false},"excerpt":{"rendered":"<p>El cuarzo ahumado es una forma cristalina transparente de piedra preciosa de cuarzo con un tono oscuro. Etiquetada como la &quot;Piedra de la fuerza&quot;, \u00a1es popular especialmente entre los hombres! Obtenga m\u00e1s informaci\u00f3n sobre las propiedades de esta piedra a continuaci\u00f3n.<\/p>\n<p>Elija una pulsera por su tama\u00f1o y por el color de la \u00faltima cuenta.\u00a0<a href=\"https:\/\/trimakasi.eu\/es\/como-elegir-la-talla-de-pulsera\/\">Las instrucciones sobre c\u00f3mo determinar correctamente el tama\u00f1o se pueden encontrar aqu\u00ed.<\/a><\/p>","protected":false},"featured_media":144501,"comment_status":"open","ping_status":"closed","template":"","meta":{"_acf_changed":false,"_themeisle_gutenberg_block_has_review":false},"product_brand":[],"product_cat":[1687,1064,554,1068,553],"product_tag":[],"class_list":{"0":"post-144474","1":"product","2":"type-product","3":"status-publish","4":"has-post-thumbnail","6":"product_cat-elastic-bracelets","7":"product_cat-mens-jewellery","8":"product_cat-natural-gemstone-bracelets","9":"product_cat-natural-gemstone-bracelets-for-men","10":"product_cat-womens-jewellery","12":"first","13":"instock","14":"taxable","15":"shipping-taxable","16":"purchasable","17":"product-type-variable","18":"has-default-attributes"},"acf":[],"_links":{"self":[{"href":"https:\/\/trimakasi.eu\/es\/wp-json\/wp\/v2\/product\/144474","targetHints":{"allow":["GET"]}}],"collection":[{"href":"https:\/\/trimakasi.eu\/es\/wp-json\/wp\/v2\/product"}],"about":[{"href":"https:\/\/trimakasi.eu\/es\/wp-json\/wp\/v2\/types\/product"}],"replies":[{"embeddable":true,"href":"https:\/\/trimakasi.eu\/es\/wp-json\/wp\/v2\/comments?post=144474"}],"wp:featuredmedia":[{"embeddable":true,"href":"https:\/\/trimakasi.eu\/es\/wp-json\/wp\/v2\/media\/144501"}],"wp:attachment":[{"href":"https:\/\/trimakasi.eu\/es\/wp-json\/wp\/v2\/media?parent=144474"}],"wp:term":[{"taxonomy":"product_brand","embeddable":true,"href":"https:\/\/trimakasi.eu\/es\/wp-json\/wp\/v2\/product_brand?post=144474"},{"taxonomy":"product_cat","embeddable":true,"href":"https:\/\/trimakasi.eu\/es\/wp-json\/wp\/v2\/product_cat?post=144474"},{"taxonomy":"product_tag","embeddable":true,"href":"https:\/\/trimakasi.eu\/es\/wp-json\/wp\/v2\/product_tag?post=144474"}],"curies":[{"name":"wp","href":"https:\/\/api.w.org\/{rel}","templated":true}]}}