{"id":144321,"date":"2021-01-01T18:38:07","date_gmt":"2021-01-01T17:38:07","guid":{"rendered":"https:\/\/trimakasi.eu\/?post_type=product&#038;p=144321"},"modified":"2025-04-09T12:55:48","modified_gmt":"2025-04-09T10:55:48","slug":"turquesa-peruana","status":"publish","type":"product","link":"https:\/\/trimakasi.eu\/es\/product\/peruvian-turquoise\/","title":{"rendered":"Pulsera turquesa peruana"},"content":{"rendered":"<h3>Turquesa \u2013 propiedades<\/h3>\n<p>La turquesa es probablemente la piedra ornamental m\u00e1s antigua utilizada por el hombre, sirviendo durante siglos como talism\u00e1n de reyes, chamanes y guerreros. Es una piedra de protecci\u00f3n, opaca y calmante al tacto. La turquesa a menudo se asocia con poder, justicia, autoridad y equilibrio. Es una piedra de gente valiente: en la antig\u00fcedad, la turquesa a menudo decoraba dagas y espadas. Da fuerza para guiar a las personas e inspirarlas a luchar por la justicia. La turquesa promueve la autorrealizaci\u00f3n, ayuda a encontrar soluciones creativas a los problemas y estabiliza los cambios de humor.<\/p>\n<p>Durante casi mil a\u00f1os, los nativos americanos han estado extrayendo turquesa y haciendo sus joyas sagradas con ella. Creen que sus mentes se conectar\u00e1n con el universo cuando usen un amuleto turquesa. Seg\u00fan ellos, el color turquesa se ve afectado por la condici\u00f3n f\u00edsica y mental de la persona que lo usa. Se dice que el color se desvanece cuando su due\u00f1o est\u00e1 enfermo o triste, y que pierde todo el color cuando una persona muere. Por el contrario, si el due\u00f1o es feliz y saludable, el color turquesa est\u00e1 m\u00e1s saturado.<\/p>\n<h3>Crisocola<\/h3>\n<p>Chryzocolla es una piedra de comunicaci\u00f3n. Las tranquilas vibraciones de su color turquesa disuelven la energ\u00eda negativa y enfatizan el poder de nuestras palabras, fortaleciendo as\u00ed nuestro carisma. Este mineral tambi\u00e9n ayuda a expresar nuestras ideas m\u00e1s creativas y complejas. En el antiguo Egipto, la fue chryzocolla llamada la &quot;Piedra de los sabios&quot;, porque se cre\u00eda que pod\u00eda estimular la mente, y se dec\u00eda que quienes llevaban esta piedra pod\u00edan resolver problemas con ingeniosos compromisos.<\/p>\n<p>La crizocolla era la piedra favorita de Cleopatra y siempre lleva consigo algunas joyas hechas de crizocolla. Esta piedra semipreciosa probablemente la ayud\u00f3 con sus vibraciones relajantes y apoy\u00f3 su creatividad en negociaciones exitosas con los diplom\u00e1ticos y gobernantes de los imperios que rodeaban Egipto en ese momento. Los indios norteamericanos usaban la crisocola como piedra curativa para acelerar el tratamiento de una variedad de enfermedades y tambi\u00e9n como amuleto para la prevenci\u00f3n. Muchos de los signos del zodiaco pueden beneficiarse de las propiedades calmantes de esta piedra.<\/p>\n<p>Pa\u00eds de origen: <strong>Per\u00fa<\/strong><\/p>\n<p>Signos del zodiaco: <strong>Sagitario, Tauro, C\u00e1ncer, Acuario, Libra, Aries, G\u00e9minis y Virgo<\/strong><\/p>\n<p>Elemento: <strong>Tierra agua<\/strong><\/p>\n<p>Esta piedra armoniza el chakra del coraz\u00f3n.<\/p>\n<p><a href=\"https:\/\/trimakasi.eu\/wp-content\/uploads\/2020\/07\/\u010dakra4.jpg\"><img loading=\"lazy\" decoding=\"async\" class=\"alignnone size-full wp-image-83566\" src=\"https:\/\/trimakasi.eu\/wp-content\/uploads\/2020\/07\/\u010dakra4.jpg\" alt=\"Chakra del coraz\u00f3n\" width=\"79\" height=\"93\" srcset=\"https:\/\/trimakasi.eu\/wp-content\/uploads\/2020\/07\/\u010dakra4.jpg 79w, https:\/\/trimakasi.eu\/wp-content\/uploads\/2020\/07\/\u010dakra4-10x12.jpg 10w\" sizes=\"auto, (max-width: 79px) 100vw, 79px\" \/><\/a><\/p>\n<p><a href=\"https:\/\/trimakasi.eu\/es\/vlog\/\"><u>Visita nuestro video blog para descubrir las conexiones entre piedras preciosas, signos del zod\u00edaco, chakras y mucho m\u00e1s.<\/u><\/a><\/p>","protected":false},"excerpt":{"rendered":"<p>La turquesa peruana es una forma rara de la piedra preciosa crisocola. Ha sido durante siglos la piedra sagrada de los incas sudamericanos. Se utiliza tradicionalmente hasta hoy en Per\u00fa como piedra ornamental para la producci\u00f3n de amuletos espirituales. \u00a1La turquesa se destaca mejor en combinaci\u00f3n con el oro! Obtenga m\u00e1s informaci\u00f3n sobre las propiedades de esta piedra a continuaci\u00f3n.<\/p>\n<p>Elija una pulsera por su tama\u00f1o y por el color de la \u00faltima cuenta.\u00a0<a href=\"https:\/\/trimakasi.eu\/es\/como-elegir-la-talla-de-pulsera\/\">Las instrucciones sobre c\u00f3mo determinar correctamente el tama\u00f1o se pueden encontrar aqu\u00ed.<\/a><\/p>","protected":false},"featured_media":144335,"comment_status":"open","ping_status":"closed","template":"","meta":{"_acf_changed":false,"_themeisle_gutenberg_block_has_review":false},"product_brand":[],"product_cat":[1687,1064,1068,554,1316,553],"product_tag":[],"class_list":{"0":"post-144321","1":"product","2":"type-product","3":"status-publish","4":"has-post-thumbnail","6":"product_cat-elastic-bracelets","7":"product_cat-mens-jewellery","8":"product_cat-natural-gemstone-bracelets-for-men","9":"product_cat-natural-gemstone-bracelets","10":"product_cat-rare-gemstone-bracelets","11":"product_cat-womens-jewellery","13":"first","14":"instock","15":"taxable","16":"shipping-taxable","17":"purchasable","18":"product-type-variable","19":"has-default-attributes"},"acf":[],"_links":{"self":[{"href":"https:\/\/trimakasi.eu\/es\/wp-json\/wp\/v2\/product\/144321","targetHints":{"allow":["GET"]}}],"collection":[{"href":"https:\/\/trimakasi.eu\/es\/wp-json\/wp\/v2\/product"}],"about":[{"href":"https:\/\/trimakasi.eu\/es\/wp-json\/wp\/v2\/types\/product"}],"replies":[{"embeddable":true,"href":"https:\/\/trimakasi.eu\/es\/wp-json\/wp\/v2\/comments?post=144321"}],"wp:featuredmedia":[{"embeddable":true,"href":"https:\/\/trimakasi.eu\/es\/wp-json\/wp\/v2\/media\/144335"}],"wp:attachment":[{"href":"https:\/\/trimakasi.eu\/es\/wp-json\/wp\/v2\/media?parent=144321"}],"wp:term":[{"taxonomy":"product_brand","embeddable":true,"href":"https:\/\/trimakasi.eu\/es\/wp-json\/wp\/v2\/product_brand?post=144321"},{"taxonomy":"product_cat","embeddable":true,"href":"https:\/\/trimakasi.eu\/es\/wp-json\/wp\/v2\/product_cat?post=144321"},{"taxonomy":"product_tag","embeddable":true,"href":"https:\/\/trimakasi.eu\/es\/wp-json\/wp\/v2\/product_tag?post=144321"}],"curies":[{"name":"wp","href":"https:\/\/api.w.org\/{rel}","templated":true}]}}