{"id":132732,"date":"2022-11-08T11:27:41","date_gmt":"2022-11-08T10:27:41","guid":{"rendered":"https:\/\/trimakasi.eu\/?post_type=product&#038;p=132732"},"modified":"2025-11-04T18:38:50","modified_gmt":"2025-11-04T17:38:50","slug":"collar-cadena-mujer-cristal-cuarzo","status":"publish","type":"product","link":"https:\/\/trimakasi.eu\/es\/product\/womens-chain-necklace-crystal-quartz\/","title":{"rendered":"Collar de cristal para mujer \u2013 Cuarzo cristal"},"content":{"rendered":"<h3>Cuarzo cristal<\/h3>\n<p>Protege la pureza del alma, mejora la concentraci\u00f3n, protege contra la negatividad, es apto para la meditaci\u00f3n y en general aumenta la fuerza mental.<\/p>\n<p>Los nombres hist\u00f3ricos de esta piedra incluyen frases como &quot;luz congelada&quot;, &quot;agua sagrada&quot; o &quot;esencia de drag\u00f3n&quot;, como se la conoce en las tradiciones china y japonesa. Los budistas lo llamaron \u201cnada visible\u201d, y los abor\u00edgenes australianos lo llaman \u201cluz fosilizada\u201d y cre\u00edan que contiene la esencia del Gran Esp\u00edritu. En la tradici\u00f3n griega, se le llamaba \u201chielo puro\u201d, que seg\u00fan las leyendas se rompi\u00f3 en miles de pedazos despu\u00e9s de que H\u00e9rcules lo arrojara desde el sagrado monte Olimpo.<\/p>\n<p>Elemento:<strong> Tierra, Fuego, Agua, Aire<\/strong><\/p>\n<p><strong>Adecuado para todos los signos.<\/strong><\/p>\n<p>La pulsera armoniza todos los chakras pero principalmente el chakra de la corona:<\/p>\n<p><a href=\"https:\/\/trimakasi.eu\/wp-content\/uploads\/crown-chakra.jpg\"><img loading=\"lazy\" decoding=\"async\" class=\"alignnone wp-image-132743\" src=\"https:\/\/trimakasi.eu\/wp-content\/uploads\/crown-chakra.jpg\" alt=\"\" width=\"80\" height=\"89\" srcset=\"https:\/\/trimakasi.eu\/wp-content\/uploads\/crown-chakra.jpg 92w, https:\/\/trimakasi.eu\/wp-content\/uploads\/crown-chakra-11x12.jpg 11w\" sizes=\"auto, (max-width: 80px) 100vw, 80px\" \/><\/a><\/p>\n<p><a href=\"https:\/\/trimakasi.eu\/es\/vlog\/\"><u>Visita nuestro video blog para descubrir las conexiones entre piedras preciosas, signos del zod\u00edaco, chakras y mucho m\u00e1s.<\/u><\/a><\/p>","protected":false},"excerpt":{"rendered":"<p>Ilumina tu estilo con nuestro Collar de Cuarzo Cristal, un faro de luz pura y fuerza mental. Con un fascinante colgante hexagonal elaborado con cristal de cuarzo natural, este collar representa m\u00e1s que una pieza de joyer\u00eda: es un s\u00edmbolo de claridad y enfoque. Imagina usar un emblema que aumente significativamente tu poder mental y tu concentraci\u00f3n. Descubra m\u00e1s sobre las propiedades \u00fanicas de esta gema radiante a continuaci\u00f3n.<\/p>\n<p>Elegante cadena minimalista de 46 cm, elaborada en acero inoxidable pulido con un duradero ba\u00f1o de oro de 18 quilates, adornada con un cuarzo cristal natural de 3 cm por 0,8 cm.<\/p>\n<p>El collar viene en una lujosa caja rosa con el logo de Trimakasi, lo que lo convierte en un regalo perfecto.<\/p>\n<p>D\u00e9jese llevar por la belleza: cada cristal de nuestros collares es un milagro \u00fanico de la naturaleza.<\/p>","protected":false},"featured_media":163066,"comment_status":"open","ping_status":"closed","template":"","meta":{"_acf_changed":false,"_themeisle_gutenberg_block_has_review":false},"product_brand":[],"product_cat":[569,1149,1690,553],"product_tag":[],"class_list":{"0":"post-132732","1":"product","2":"type-product","3":"status-publish","4":"has-post-thumbnail","6":"product_cat-minimalist-jewellery-for-women","7":"product_cat-necklaces-for-women","8":"product_cat-necklaces","9":"product_cat-womens-jewellery","11":"first","12":"instock","13":"taxable","14":"shipping-taxable","15":"purchasable","16":"product-type-variable","17":"has-default-attributes"},"acf":[],"_links":{"self":[{"href":"https:\/\/trimakasi.eu\/es\/wp-json\/wp\/v2\/product\/132732","targetHints":{"allow":["GET"]}}],"collection":[{"href":"https:\/\/trimakasi.eu\/es\/wp-json\/wp\/v2\/product"}],"about":[{"href":"https:\/\/trimakasi.eu\/es\/wp-json\/wp\/v2\/types\/product"}],"replies":[{"embeddable":true,"href":"https:\/\/trimakasi.eu\/es\/wp-json\/wp\/v2\/comments?post=132732"}],"wp:featuredmedia":[{"embeddable":true,"href":"https:\/\/trimakasi.eu\/es\/wp-json\/wp\/v2\/media\/163066"}],"wp:attachment":[{"href":"https:\/\/trimakasi.eu\/es\/wp-json\/wp\/v2\/media?parent=132732"}],"wp:term":[{"taxonomy":"product_brand","embeddable":true,"href":"https:\/\/trimakasi.eu\/es\/wp-json\/wp\/v2\/product_brand?post=132732"},{"taxonomy":"product_cat","embeddable":true,"href":"https:\/\/trimakasi.eu\/es\/wp-json\/wp\/v2\/product_cat?post=132732"},{"taxonomy":"product_tag","embeddable":true,"href":"https:\/\/trimakasi.eu\/es\/wp-json\/wp\/v2\/product_tag?post=132732"}],"curies":[{"name":"wp","href":"https:\/\/api.w.org\/{rel}","templated":true}]}}