{"id":125046,"date":"2021-01-24T21:42:47","date_gmt":"2021-01-24T20:42:47","guid":{"rendered":"https:\/\/trimakasi.eu\/?post_type=product&#038;p=125046"},"modified":"2025-02-22T22:40:49","modified_gmt":"2025-02-22T21:40:49","slug":"corindon-rosa-zafiro","status":"publish","type":"product","link":"https:\/\/trimakasi.eu\/es\/product\/corundum-rose-sapphire\/","title":{"rendered":"Pulsera de corind\u00f3n (zafiro rosa)"},"content":{"rendered":"<h3>Zafiro<\/h3>\n<p>El zafiro siempre se ha asociado con el rango real y aparece en las joyas de la corona tanto brit\u00e1nicas como checas. Esta piedra preciosa es una variedad azul de corund mineral, as\u00ed como rub\u00ed rojo. Por tanto, se puede decir que el zafiro es el hermano azul del rub\u00ed.<\/p>\n<p>El azul celeste de zafiro simboliza la esperanza, la fe y brinda protecci\u00f3n, felicidad y conocimiento espiritual a nuestras vidas. No es solo un s\u00edmbolo de poder, sino tambi\u00e9n bondad y juicio sabio. El zafiro puede mantenerte en un camino espiritual y ayudarte a mejorar tu autodisciplina en actividades que requieren una concentraci\u00f3n extrema. En tiempos ca\u00f3ticos de cambio, Sapphire te ayudar\u00e1 a mantener la mente concentrada.<\/p>\n<p>Tambi\u00e9n es una joya perfecta para cualquier persona que necesite ayuda para realizar sus pensamientos y para aquellos que necesitan autodisciplina para poder completar las cosas que han comenzado.<br \/>\nEl zafiro disipa la depresi\u00f3n y alegra el estado de \u00e1nimo. Aporta paz, concentraci\u00f3n y restablece el equilibrio en el cuerpo y la mente. Es una piedra muy popular entre los curanderos de Reiki, y se cree que tSapphire amplifica la capacidad de curar con una voz humana.<br \/>\nEl zafiro es una joya con un gran poder espiritual que nos ayuda a realizar plenamente el potencial de nuestra vida. Aporta sabidur\u00eda, verdad y dignidad a nuestras almas.<\/p>\n<h3>Rub\u00ed<\/h3>\n<p>El rub\u00ed, como el zafiro azul, es una variedad de mineral corundido, el silicato de al\u00famina, que gan\u00f3 su color gracias a la adici\u00f3n de cromo, hierro y titanio.<\/p>\n<p>La intensa energ\u00eda rub\u00ed agudiza la mente, expande la conciencia y estimula la concentraci\u00f3n. Promueve el coraje y ayuda a suprimir el miedo a los fen\u00f3menos sobrenaturales y las pesadillas. Tambi\u00e9n puede despertar la creatividad y abrir la puerta cerrada en la mente humana a la que de otro modo no nos atrever\u00edamos a entrar.<\/p>\n<p>Las leyendas sugieren que hay un fuego inmortal ardiendo en el rub\u00ed que puede ahuyentar a las personas negativas, manipuladores y vampiros emocionales de nuestro entorno. Tambi\u00e9n se cree que el poder de fuego del rub\u00ed puede proteger el hogar de intrusos y fuerzas del mal. Los hind\u00faes creen que el resplandor rojo del rub\u00ed se origina en una llama eterna que ning\u00fan mortal puede apagar. Para los budistas, el rub\u00ed es el regalo m\u00e1s valioso para honrar a Buda.<\/p>\n<p>Al igual que el granate, el rub\u00ed se conoce como la piedra de la pasi\u00f3n. Desarrolla el amor f\u00edsico entre los amantes y estimula la pasi\u00f3n sexual. Seg\u00fan se informa, tambi\u00e9n act\u00faa como afrodis\u00edaco para los hombres.<\/p>\n<p>&nbsp;<\/p>\n<p>Pa\u00eds de origen: <strong>Birmania<\/strong><\/p>\n<p>Elemento: <strong>Agua contra incendios<\/strong><\/p>\n<p>Signos del zodiaco: <strong>Leo, Escorpio, C\u00e1ncer, Sagitario, Tauro, Virgo, Aries, G\u00e9minis, Piscis<\/strong><\/p>\n<p>La pulsera armoniza el chakra de la ra\u00edz, el chakra del coraz\u00f3n, el chakra de la garganta y la corona.<\/p>\n<p><a href=\"https:\/\/trimakasi.eu\/wp-content\/uploads\/\u010dakra1.jpg\"><img loading=\"lazy\" decoding=\"async\" class=\"alignnone size-full wp-image-138513\" src=\"https:\/\/trimakasi.eu\/wp-content\/uploads\/\u010dakra1.jpg\" alt=\"Chakra de la ra\u00edz\" width=\"81\" height=\"88\" srcset=\"https:\/\/trimakasi.eu\/wp-content\/uploads\/\u010dakra1.jpg 81w, https:\/\/trimakasi.eu\/wp-content\/uploads\/\u010dakra1-11x12.jpg 11w\" sizes=\"auto, (max-width: 81px) 100vw, 81px\" \/><\/a><a href=\"https:\/\/trimakasi.eu\/wp-content\/uploads\/2020\/07\/\u010dakra4.jpg\"><img loading=\"lazy\" decoding=\"async\" class=\"alignnone size-full wp-image-83566\" src=\"https:\/\/trimakasi.eu\/wp-content\/uploads\/2020\/07\/\u010dakra4.jpg\" alt=\"Chakra del coraz\u00f3n\" width=\"79\" height=\"93\" srcset=\"https:\/\/trimakasi.eu\/wp-content\/uploads\/2020\/07\/\u010dakra4.jpg 79w, https:\/\/trimakasi.eu\/wp-content\/uploads\/2020\/07\/\u010dakra4-10x12.jpg 10w\" sizes=\"auto, (max-width: 79px) 100vw, 79px\" \/><\/a><a href=\"https:\/\/trimakasi.eu\/wp-content\/uploads\/\u010dakra5.jpg\"><img loading=\"lazy\" decoding=\"async\" class=\"alignnone size-full wp-image-138515\" src=\"https:\/\/trimakasi.eu\/wp-content\/uploads\/\u010dakra5.jpg\" alt=\"Chakra de la garganta\" width=\"81\" height=\"87\" srcset=\"https:\/\/trimakasi.eu\/wp-content\/uploads\/\u010dakra5.jpg 81w, https:\/\/trimakasi.eu\/wp-content\/uploads\/\u010dakra5-11x12.jpg 11w\" sizes=\"auto, (max-width: 81px) 100vw, 81px\" \/><\/a><a href=\"https:\/\/trimakasi.eu\/wp-content\/uploads\/crown-chakra.jpg\"><img loading=\"lazy\" decoding=\"async\" class=\"alignnone size-full wp-image-132743\" src=\"https:\/\/trimakasi.eu\/wp-content\/uploads\/crown-chakra.jpg\" alt=\"\" width=\"92\" height=\"102\" srcset=\"https:\/\/trimakasi.eu\/wp-content\/uploads\/crown-chakra.jpg 92w, https:\/\/trimakasi.eu\/wp-content\/uploads\/crown-chakra-11x12.jpg 11w\" sizes=\"auto, (max-width: 92px) 100vw, 92px\" \/><\/a><\/p>\n<p><a href=\"https:\/\/trimakasi.eu\/es\/vlog\/\"><u>Visita nuestro video blog para descubrir las conexiones entre piedras preciosas, signos del zod\u00edaco, chakras y mucho m\u00e1s.<\/u><\/a><\/p>","protected":false},"excerpt":{"rendered":"<p id=\"tw-target-text\" class=\"tw-data-text tw-text-large tw-ta\" dir=\"ltr\" data-placeholder=\"P\u0159eklad\">Demasiado rosa para el zafiro y demasiado azul para el rub\u00ed, \u00a1pero sigue siendo corind\u00f3n, el segundo mineral m\u00e1s duro de la Tierra! Es una mezcla natural de zafiro azul y rub\u00ed rosa en todo el espectro de estos colores. Obtenga m\u00e1s informaci\u00f3n sobre esta pulsera a continuaci\u00f3n.<\/p>\n<p>Elija una pulsera por su tama\u00f1o y por el color de la \u00faltima cuenta. <a href=\"https:\/\/trimakasi.eu\/es\/como-elegir-la-talla-de-pulsera\/\">Las instrucciones sobre c\u00f3mo determinar correctamente el tama\u00f1o se pueden encontrar aqu\u00ed.<\/a><\/p>","protected":false},"featured_media":125056,"comment_status":"open","ping_status":"closed","template":"","meta":{"_acf_changed":false,"_themeisle_gutenberg_block_has_review":false},"product_brand":[],"product_cat":[1687,554,1316,553],"product_tag":[],"class_list":{"0":"post-125046","1":"product","2":"type-product","3":"status-publish","4":"has-post-thumbnail","6":"product_cat-elastic-bracelets","7":"product_cat-natural-gemstone-bracelets","8":"product_cat-rare-gemstone-bracelets","9":"product_cat-womens-jewellery","11":"first","12":"outofstock","13":"taxable","14":"shipping-taxable","15":"purchasable","16":"product-type-variable","17":"has-default-attributes"},"acf":[],"_links":{"self":[{"href":"https:\/\/trimakasi.eu\/es\/wp-json\/wp\/v2\/product\/125046","targetHints":{"allow":["GET"]}}],"collection":[{"href":"https:\/\/trimakasi.eu\/es\/wp-json\/wp\/v2\/product"}],"about":[{"href":"https:\/\/trimakasi.eu\/es\/wp-json\/wp\/v2\/types\/product"}],"replies":[{"embeddable":true,"href":"https:\/\/trimakasi.eu\/es\/wp-json\/wp\/v2\/comments?post=125046"}],"wp:featuredmedia":[{"embeddable":true,"href":"https:\/\/trimakasi.eu\/es\/wp-json\/wp\/v2\/media\/125056"}],"wp:attachment":[{"href":"https:\/\/trimakasi.eu\/es\/wp-json\/wp\/v2\/media?parent=125046"}],"wp:term":[{"taxonomy":"product_brand","embeddable":true,"href":"https:\/\/trimakasi.eu\/es\/wp-json\/wp\/v2\/product_brand?post=125046"},{"taxonomy":"product_cat","embeddable":true,"href":"https:\/\/trimakasi.eu\/es\/wp-json\/wp\/v2\/product_cat?post=125046"},{"taxonomy":"product_tag","embeddable":true,"href":"https:\/\/trimakasi.eu\/es\/wp-json\/wp\/v2\/product_tag?post=125046"}],"curies":[{"name":"wp","href":"https:\/\/api.w.org\/{rel}","templated":true}]}}