{"id":119141,"date":"2020-05-25T18:18:25","date_gmt":"2020-05-25T16:18:25","guid":{"rendered":"https:\/\/trimakasi.eu\/?post_type=product&#038;p=119141"},"modified":"2025-02-11T10:29:41","modified_gmt":"2025-02-11T09:29:41","slug":"pulsera-trenzada-dharma","status":"publish","type":"product","link":"https:\/\/trimakasi.eu\/es\/product\/dharma-braided-bracelet\/","title":{"rendered":"Pulsera trenzada Dharma"},"content":{"rendered":"<h3>Pulseras trenzadas Trimakasi<\/h3>\n<p>Pulseras de lujo artesanales que combinan espiritualidad y modernidad. Las pulseras Trimakasi son talismanes de gratitud, equilibrio y esperanza, que te recargar\u00e1n de energ\u00eda positiva incluso durante los d\u00edas m\u00e1s oscuros.<\/p>\n<p>Las pulseras trenzadas Trimakasi est\u00e1n hechas de cord\u00f3n de nylon de la m\u00e1s alta calidad atado con gui\u00f1os especiales. Contienen el poder oculto de la naturaleza en las cuentas hechas de piedras preciosas naturales.<\/p>\n<h3>Dharma<\/h3>\n<p>El dharma es un concepto filos\u00f3fico utilizado tanto por el budismo como por el hinduismo. En su significado original, contiene las leyes b\u00e1sicas de la naturaleza, que se pueden aplicar a todo en el universo. Por ejemplo, el dharma del fuego es estar caliente y arder, mientras que el dharma del hielo es ser fr\u00edo y fresco. En otras palabras, la palabra Dharma describe cu\u00e1l es tu verdadera naturaleza.<\/p>\n<p>La clave para comprender tu dharma puede ser la meditaci\u00f3n, el viaje hacia tu yo interior. No todo el mundo conoce o entiende su dharma y puedes encontrarte f\u00e1cilmente en un rol de vida que no te pertenece. Esto puede provocar una insatisfacci\u00f3n generalizada con la propia vida y un sentimiento de agotamiento.<\/p>\n<h3>Pietersite (ojo de \u00e1guila)<\/h3>\n<p>Esta piedra preciosa fue descubierta recientemente en 1962 en la Namibia africana, que tambi\u00e9n es la \u00fanica localidad de la Tierra donde se encuentra. La pietersita contiene, entre otras cosas, un jaspe, un ojo de halc\u00f3n y un ojo de tigre, de ah\u00ed el motivo de sus reflejos dorados. Los patrones de color \u00fanicos de esta piedra llevaron a su comparaci\u00f3n con los elementos naturales, especialmente las tormentas. Pietersite estimula la creatividad y nos ayuda a organizar nuestros pensamientos.<\/p>\n<p>La energ\u00eda pietersita tambi\u00e9n evoca confianza en nosotros mismos y fuerza interior, record\u00e1ndonos que si estamos dispuestos a trabajar duro en nosotros mismos, podemos lograr todo lo que deseamos. Pietersite nos ayuda a darnos cuenta de que no solo somos observadores de nuestra vida, sino sobre todo sus creadores. Muchos curanderos y chamanes usan esta piedra para estimular sus habilidades metaf\u00edsicas.<\/p>\n<p>Pa\u00eds de origen: <strong>Namibia<\/strong><\/p>\n<p>Elemento:<strong> Agua contra incendios<\/strong><\/p>\n<p>Signos del zodiaco:<strong> Leo, Virgo, G\u00e9minis, Escorpio, Piscis, Acuario, Capricornio, C\u00e1ncer, Tauro, Aries<\/strong><\/p>\n<p>Pulsera armoniza los chakras Ra\u00edz, Sacro, Plexo Solar, Tercer ojo<\/p>\n<p><img loading=\"lazy\" decoding=\"async\" class=\"alignnone wp-image-72742\" src=\"https:\/\/trimakasi.cz\/wp-content\/uploads\/2018\/08\/\u010dakra1.jpg\" alt=\"Z\u00e1kladn\u00ed \u010dakra\" width=\"69\" height=\"75\" \/><img loading=\"lazy\" decoding=\"async\" class=\"alignnone wp-image-72744\" src=\"https:\/\/trimakasi.cz\/wp-content\/uploads\/2018\/07\/\u010dakra2.jpg\" alt=\"Sakr\u00e1ln\u00ed \u010dakra\" width=\"67\" height=\"86\" \/><img loading=\"lazy\" decoding=\"async\" class=\"alignnone wp-image-72745\" src=\"https:\/\/trimakasi.cz\/wp-content\/uploads\/2018\/07\/\u010dakra3.jpg\" alt=\"Plexo solar \u010dakra\" width=\"65\" height=\"73\" \/><img loading=\"lazy\" decoding=\"async\" class=\"alignnone wp-image-72748\" src=\"https:\/\/trimakasi.cz\/wp-content\/uploads\/2018\/07\/\u010dakra6.jpg\" alt=\"\u010cakra t\u0159et\u00edho oka\" width=\"83\" height=\"79\" \/><\/p>\n<p><a href=\"https:\/\/trimakasi.eu\/es\/vlog\/\"><u>Visita nuestro video blog para descubrir las conexiones entre piedras preciosas, signos del zod\u00edaco, chakras y mucho m\u00e1s.<\/u><\/a><\/p>","protected":false},"excerpt":{"rendered":"<p>Dharma es el orden c\u00f3smico m\u00e1s alto, que nos muestra la verdadera esencia de todo en el universo. Nos ense\u00f1a que cada individuo tiene un cierto destino en su vida que debe esforzarse por cumplir para lograr la armon\u00eda. Esta pulsera Trimakasi hecha de m\u00edsticas cuentas de pietersita puede servir como su talism\u00e1n de dharma personal que le recordar\u00e1 su verdadera naturaleza en momentos de necesidad. Conoce m\u00e1s sobre las propiedades de esta pulsera a continuaci\u00f3n.<\/p>\n<p>Pulsera trenzada que se puede ajustar por talla, pero recomendamos elegirla seg\u00fan el tama\u00f1o de la circunferencia de tu mu\u00f1eca. <u><a href=\"https:\/\/trimakasi.eu\/es\/como-elegir-la-talla-de-pulsera\/\">Instrucciones sobre c\u00f3mo determinar correctamente t<\/a><\/u><u><\/u><a href=\"https:\/\/trimakasi.eu\/es\/como-elegir-la-talla-de-pulsera\/\"><u>El tama\u00f1o se puede encontrar aqu\u00ed<\/u><\/a><\/p>","protected":false},"featured_media":119339,"comment_status":"open","ping_status":"closed","template":"","meta":{"_acf_changed":false,"_themeisle_gutenberg_block_has_review":false},"product_brand":[],"product_cat":[1688,570,1069,1064,553],"product_tag":[],"class_list":{"0":"post-119141","1":"product","2":"type-product","3":"status-publish","4":"has-post-thumbnail","6":"product_cat-braided-bracelets","7":"product_cat-braided-bracelets-for-women","8":"product_cat-braided-bracelets-for-men","9":"product_cat-mens-jewellery","10":"product_cat-womens-jewellery","12":"first","13":"outofstock","14":"taxable","15":"shipping-taxable","16":"purchasable","17":"product-type-variable","18":"has-default-attributes"},"acf":[],"_links":{"self":[{"href":"https:\/\/trimakasi.eu\/es\/wp-json\/wp\/v2\/product\/119141","targetHints":{"allow":["GET"]}}],"collection":[{"href":"https:\/\/trimakasi.eu\/es\/wp-json\/wp\/v2\/product"}],"about":[{"href":"https:\/\/trimakasi.eu\/es\/wp-json\/wp\/v2\/types\/product"}],"replies":[{"embeddable":true,"href":"https:\/\/trimakasi.eu\/es\/wp-json\/wp\/v2\/comments?post=119141"}],"wp:featuredmedia":[{"embeddable":true,"href":"https:\/\/trimakasi.eu\/es\/wp-json\/wp\/v2\/media\/119339"}],"wp:attachment":[{"href":"https:\/\/trimakasi.eu\/es\/wp-json\/wp\/v2\/media?parent=119141"}],"wp:term":[{"taxonomy":"product_brand","embeddable":true,"href":"https:\/\/trimakasi.eu\/es\/wp-json\/wp\/v2\/product_brand?post=119141"},{"taxonomy":"product_cat","embeddable":true,"href":"https:\/\/trimakasi.eu\/es\/wp-json\/wp\/v2\/product_cat?post=119141"},{"taxonomy":"product_tag","embeddable":true,"href":"https:\/\/trimakasi.eu\/es\/wp-json\/wp\/v2\/product_tag?post=119141"}],"curies":[{"name":"wp","href":"https:\/\/api.w.org\/{rel}","templated":true}]}}