{"id":118938,"date":"2020-12-24T16:41:27","date_gmt":"2020-12-24T15:41:27","guid":{"rendered":"https:\/\/trimakasi.eu\/?post_type=product&#038;p=118938"},"modified":"2024-03-25T19:14:42","modified_gmt":"2024-03-25T18:14:42","slug":"pulsera-tibetana-dzi","status":"publish","type":"product","link":"https:\/\/trimakasi.eu\/es\/product\/tibetan-dzi-bracelet\/","title":{"rendered":"Pulsera tibetana DZI"},"content":{"rendered":"<h3>Cuentas de \u00e1gata tibetana Dzi<\/h3>\n<p>Dzi (pronunciado Zi) es una palabra tibetana que se usa para describir cuentas estampadas, generalmente hechas de \u00e1gata. Estas cuentas se utilizan tradicionalmente para proteger contra energ\u00edas negativas, enfermedades o accidentes, pero tambi\u00e9n como talismanes que deben atraer la sabidur\u00eda, la felicidad y la prosperidad.<\/p>\n<p>Seg\u00fan las leyendas, las cuentas Dzi no solo pueden repeler la energ\u00eda, sino tambi\u00e9n almacenarla. Mientras bloquean la energ\u00eda negativa de su entorno, absorben parte de su energ\u00eda positiva y la almacenan para usted para los peores momentos.<\/p>\n<p>Las \u00e1gatas generalmente promueven la estabilidad interior, la calma y la madurez mental. Sus agradables vibraciones tienen propiedades protectoras, refuerzan la confianza en s\u00ed mismos y brindan una sensaci\u00f3n de seguridad.<\/p>\n<p>Elemento: <strong>Fuego<\/strong><\/p>\n<p>Signos del zodiaco: <strong>Virgo, G\u00e9minis, Escorpio, Piscis, Acuario, Capricornio, C\u00e1ncer, Tauro, Aries<\/strong><\/p>\n<p>Esta pulsera armoniza el chakra de la ra\u00edz.<\/p>\n<p><a href=\"https:\/\/trimakasi.eu\/wp-content\/uploads\/\u010dakra1.jpg\"><img loading=\"lazy\" decoding=\"async\" class=\"alignnone size-full wp-image-138513\" src=\"https:\/\/trimakasi.eu\/wp-content\/uploads\/\u010dakra1.jpg\" alt=\"Chakra de la ra\u00edz\" width=\"81\" height=\"88\" srcset=\"https:\/\/trimakasi.eu\/wp-content\/uploads\/\u010dakra1.jpg 81w, https:\/\/trimakasi.eu\/wp-content\/uploads\/\u010dakra1-11x12.jpg 11w\" sizes=\"auto, (max-width: 81px) 100vw, 81px\" \/><\/a><\/p>\n<p><a href=\"https:\/\/trimakasi.eu\/es\/vlog\/\"><u>Visita nuestro video blog para descubrir las conexiones entre piedras preciosas, signos del zod\u00edaco, chakras y mucho m\u00e1s.<\/u><\/a><\/p>","protected":false},"excerpt":{"rendered":"<p>Pulsera tibetana DZI realizada en \u00e1gata. Joyas espirituales, que se utilizan en la cultura oriental por sus capacidades protectoras. Conoce m\u00e1s sobre las propiedades de esta piedra a continuaci\u00f3n.<\/p>\n<p>Elija una pulsera por su tama\u00f1o y por el color de la \u00faltima cuenta.\u00a0<a href=\"https:\/\/trimakasi.eu\/es\/como-elegir-la-talla-de-pulsera\/\">Las instrucciones sobre c\u00f3mo determinar correctamente el tama\u00f1o se pueden encontrar aqu\u00ed.<\/a><\/p>","protected":false},"featured_media":119133,"comment_status":"open","ping_status":"closed","template":"","meta":{"_acf_changed":false,"_themeisle_gutenberg_block_has_review":false},"product_brand":[],"product_cat":[1687,1064,1068,554,553],"product_tag":[],"class_list":{"0":"post-118938","1":"product","2":"type-product","3":"status-publish","4":"has-post-thumbnail","6":"product_cat-elastic-bracelets","7":"product_cat-mens-jewellery","8":"product_cat-natural-gemstone-bracelets-for-men","9":"product_cat-natural-gemstone-bracelets","10":"product_cat-womens-jewellery","12":"first","13":"outofstock","14":"taxable","15":"shipping-taxable","16":"purchasable","17":"product-type-variable","18":"has-default-attributes"},"acf":[],"_links":{"self":[{"href":"https:\/\/trimakasi.eu\/es\/wp-json\/wp\/v2\/product\/118938","targetHints":{"allow":["GET"]}}],"collection":[{"href":"https:\/\/trimakasi.eu\/es\/wp-json\/wp\/v2\/product"}],"about":[{"href":"https:\/\/trimakasi.eu\/es\/wp-json\/wp\/v2\/types\/product"}],"replies":[{"embeddable":true,"href":"https:\/\/trimakasi.eu\/es\/wp-json\/wp\/v2\/comments?post=118938"}],"wp:featuredmedia":[{"embeddable":true,"href":"https:\/\/trimakasi.eu\/es\/wp-json\/wp\/v2\/media\/119133"}],"wp:attachment":[{"href":"https:\/\/trimakasi.eu\/es\/wp-json\/wp\/v2\/media?parent=118938"}],"wp:term":[{"taxonomy":"product_brand","embeddable":true,"href":"https:\/\/trimakasi.eu\/es\/wp-json\/wp\/v2\/product_brand?post=118938"},{"taxonomy":"product_cat","embeddable":true,"href":"https:\/\/trimakasi.eu\/es\/wp-json\/wp\/v2\/product_cat?post=118938"},{"taxonomy":"product_tag","embeddable":true,"href":"https:\/\/trimakasi.eu\/es\/wp-json\/wp\/v2\/product_tag?post=118938"}],"curies":[{"name":"wp","href":"https:\/\/api.w.org\/{rel}","templated":true}]}}