{"id":118572,"date":"2019-12-22T22:21:50","date_gmt":"2019-12-22T21:21:50","guid":{"rendered":"https:\/\/trimakasi.eu\/?post_type=product&#038;p=118572"},"modified":"2025-01-11T23:44:51","modified_gmt":"2025-01-11T22:44:51","slug":"majesty-mujer-pulsera","status":"publish","type":"product","link":"https:\/\/trimakasi.eu\/es\/product\/majesty-womens-bracelet\/","title":{"rendered":"Pulsera de mujer Majestad"},"content":{"rendered":"<h3>Acero inoxidable con revestimiento PVD de oro rosa real<\/h3>\n<p>Debido a su dureza y durabilidad, el acero inoxidable es un excelente metal para joyer\u00eda.<\/p>\n<p>El recubrimiento PVD es una gran soluci\u00f3n para pulseras gracias a su alta resistencia a la abrasi\u00f3n, anomal\u00edas de temperatura y corrosi\u00f3n.<\/p>\n<h3>Rub\u00ed<\/h3>\n<p>El rub\u00ed, como el zafiro azul, es una variedad de mineral corundido, el silicato de al\u00famina, que gan\u00f3 su color gracias a la adici\u00f3n de cromo, hierro y titanio.<\/p>\n<p>La intensa energ\u00eda rub\u00ed agudiza la mente, expande la conciencia y estimula la concentraci\u00f3n. Promueve el coraje y ayuda a suprimir el miedo a los fen\u00f3menos sobrenaturales y las pesadillas. Tambi\u00e9n puede despertar la creatividad y abrir la puerta cerrada en la mente humana a la que de otro modo no nos atrever\u00edamos a entrar.<\/p>\n<p>Las leyendas sugieren que hay un fuego inmortal ardiendo en el rub\u00ed que puede ahuyentar a las personas negativas, manipuladores y vampiros emocionales de nuestro entorno. Tambi\u00e9n se cree que el poder de fuego del rub\u00ed puede proteger el hogar de intrusos y fuerzas del mal. Los hind\u00faes creen que el resplandor rojo del rub\u00ed se origina en una llama eterna que ning\u00fan mortal puede apagar. Para los budistas, el rub\u00ed es el regalo m\u00e1s valioso para honrar a Buda.<\/p>\n<p>Al igual que el granate, el rub\u00ed se conoce como la piedra de la pasi\u00f3n. Desarrolla el amor f\u00edsico entre los amantes y estimula la pasi\u00f3n sexual. Seg\u00fan se informa, tambi\u00e9n act\u00faa como afrodis\u00edaco para los hombres.<\/p>\n<h3>Tanzanita<\/h3>\n<p>La tanzanita es un mineral relativamente raro y caro que solo se puede encontrar en un lugar del mundo: Merelani Hills, Tanzania. Fue descubierto en 1967 y recibi\u00f3 su nombre del pa\u00eds de origen. Es una variante azul del mineral zoisita y se presenta en tonos que van desde el azul ultramarino hasta los tonos violeta-gris-azul claro.<\/p>\n<p>Gracias al reciente descubrimiento, no existen leyendas hist\u00f3ricas tradicionales asociadas con este mineral. Sin embargo, se cree que este mineral es un estimulante muy poderoso de las habilidades mentales, especialmente un potenciador de nuestra intuici\u00f3n. Tambi\u00e9n ayuda a conectarse con nuestros gu\u00edas espirituales.<\/p>\n<p>Desde el punto de vista espiritual, a este mineral tambi\u00e9n se le conoce como la \u201cPiedra de la Transformaci\u00f3n\u201d, que nos permite deshacernos de las depresiones, purificar el karma y avanzar con optimismo e inspiraci\u00f3n. Ayuda a equilibrar la psique humana a nivel emocional, y tambi\u00e9n es una gran piedra para inducir un estado profundo de meditaci\u00f3n.<\/p>\n<p>Pa\u00eds de origen: <strong>Birmania<\/strong><\/p>\n<p>Elemento: <strong>Fuego, aire, \u00e9ter<\/strong><\/p>\n<p>Signos del zodiaco: <strong>Leo, Escorpio, C\u00e1ncer, Sagitario, Piscis, Aries, G\u00e9minis, Libra, Acuario<\/strong><\/p>\n<p>La pulsera armoniza el chakra de la ra\u00edz, el chakra de la garganta, el chakra del tercer ojo, el chakra del coraz\u00f3n y el chakra de la corona.<\/p>\n<p><a href=\"https:\/\/trimakasi.eu\/wp-content\/uploads\/\u010dakra1.jpg\"><img loading=\"lazy\" decoding=\"async\" class=\"alignnone size-full wp-image-138513\" src=\"https:\/\/trimakasi.eu\/wp-content\/uploads\/\u010dakra1.jpg\" alt=\"Chakra de la ra\u00edz\" width=\"81\" height=\"88\" srcset=\"https:\/\/trimakasi.eu\/wp-content\/uploads\/\u010dakra1.jpg 81w, https:\/\/trimakasi.eu\/wp-content\/uploads\/\u010dakra1-11x12.jpg 11w\" sizes=\"auto, (max-width: 81px) 100vw, 81px\" \/><\/a><a href=\"https:\/\/trimakasi.eu\/wp-content\/uploads\/2020\/07\/\u010dakra4.jpg\"><img loading=\"lazy\" decoding=\"async\" class=\"alignnone size-full wp-image-83566\" src=\"https:\/\/trimakasi.eu\/wp-content\/uploads\/2020\/07\/\u010dakra4.jpg\" alt=\"Chakra del coraz\u00f3n\" width=\"79\" height=\"93\" srcset=\"https:\/\/trimakasi.eu\/wp-content\/uploads\/2020\/07\/\u010dakra4.jpg 79w, https:\/\/trimakasi.eu\/wp-content\/uploads\/2020\/07\/\u010dakra4-10x12.jpg 10w\" sizes=\"auto, (max-width: 79px) 100vw, 79px\" \/><\/a><a href=\"https:\/\/trimakasi.eu\/wp-content\/uploads\/\u010dakra5.jpg\"><img loading=\"lazy\" decoding=\"async\" class=\"alignnone size-full wp-image-138515\" src=\"https:\/\/trimakasi.eu\/wp-content\/uploads\/\u010dakra5.jpg\" alt=\"Chakra de la garganta\" width=\"81\" height=\"87\" srcset=\"https:\/\/trimakasi.eu\/wp-content\/uploads\/\u010dakra5.jpg 81w, https:\/\/trimakasi.eu\/wp-content\/uploads\/\u010dakra5-11x12.jpg 11w\" sizes=\"auto, (max-width: 81px) 100vw, 81px\" \/><\/a><a href=\"https:\/\/trimakasi.eu\/wp-content\/uploads\/\u010dakra6.jpg\"><img loading=\"lazy\" decoding=\"async\" class=\"alignnone size-full wp-image-138516\" src=\"https:\/\/trimakasi.eu\/wp-content\/uploads\/\u010dakra6.jpg\" alt=\"Chakra del tercer ojo\" width=\"103\" height=\"98\" srcset=\"https:\/\/trimakasi.eu\/wp-content\/uploads\/\u010dakra6.jpg 103w, https:\/\/trimakasi.eu\/wp-content\/uploads\/\u010dakra6-13x12.jpg 13w\" sizes=\"auto, (max-width: 103px) 100vw, 103px\" \/><\/a><a href=\"https:\/\/trimakasi.eu\/wp-content\/uploads\/crown-chakra.jpg\"><img loading=\"lazy\" decoding=\"async\" class=\"alignnone size-full wp-image-132743\" src=\"https:\/\/trimakasi.eu\/wp-content\/uploads\/crown-chakra.jpg\" alt=\"\" width=\"92\" height=\"102\" srcset=\"https:\/\/trimakasi.eu\/wp-content\/uploads\/crown-chakra.jpg 92w, https:\/\/trimakasi.eu\/wp-content\/uploads\/crown-chakra-11x12.jpg 11w\" sizes=\"auto, (max-width: 92px) 100vw, 92px\" \/><\/a><\/p>\n<p><a href=\"https:\/\/trimakasi.eu\/es\/vlog\/\"><u>Visita nuestro video blog para descubrir las conexiones entre piedras preciosas, signos del zod\u00edaco, chakras y mucho m\u00e1s.<\/u><\/a><\/p>","protected":false},"excerpt":{"rendered":"<p>Lujoso brazalete hecho de una combinaci\u00f3n de tanzanita de colores m\u00edsticos llamado el &quot;Rey de las Gemas&quot; y un raro rub\u00ed etiquetado como la &quot;Piedra de los Reyes&quot;. Acero inoxidable de alta calidad con revestimiento de PVD de oro real muy duradero.<\/p>\n<p>Elija una pulsera por el tama\u00f1o.\u00a0<a href=\"https:\/\/trimakasi.eu\/es\/como-elegir-la-talla-de-pulsera\/\">Las instrucciones sobre c\u00f3mo determinar correctamente el tama\u00f1o se pueden encontrar aqu\u00ed.<\/a>\u00a0\u00a1Caja de regalo negra de lujo gratis!<\/p>","protected":false},"featured_media":118582,"comment_status":"open","ping_status":"closed","template":"","meta":{"_acf_changed":false,"_themeisle_gutenberg_block_has_review":false},"product_brand":[],"product_cat":[1714,1687,568,1316,553],"product_tag":[],"class_list":{"0":"post-118572","1":"product","2":"type-product","3":"status-publish","4":"has-post-thumbnail","6":"product_cat-jewellery-discounts","7":"product_cat-elastic-bracelets","8":"product_cat-premium-bracelets-for-women","9":"product_cat-rare-gemstone-bracelets","10":"product_cat-womens-jewellery","12":"first","13":"outofstock","14":"sale","15":"taxable","16":"shipping-taxable","17":"purchasable","18":"product-type-variable","19":"has-default-attributes"},"acf":[],"_links":{"self":[{"href":"https:\/\/trimakasi.eu\/es\/wp-json\/wp\/v2\/product\/118572","targetHints":{"allow":["GET"]}}],"collection":[{"href":"https:\/\/trimakasi.eu\/es\/wp-json\/wp\/v2\/product"}],"about":[{"href":"https:\/\/trimakasi.eu\/es\/wp-json\/wp\/v2\/types\/product"}],"replies":[{"embeddable":true,"href":"https:\/\/trimakasi.eu\/es\/wp-json\/wp\/v2\/comments?post=118572"}],"wp:featuredmedia":[{"embeddable":true,"href":"https:\/\/trimakasi.eu\/es\/wp-json\/wp\/v2\/media\/118582"}],"wp:attachment":[{"href":"https:\/\/trimakasi.eu\/es\/wp-json\/wp\/v2\/media?parent=118572"}],"wp:term":[{"taxonomy":"product_brand","embeddable":true,"href":"https:\/\/trimakasi.eu\/es\/wp-json\/wp\/v2\/product_brand?post=118572"},{"taxonomy":"product_cat","embeddable":true,"href":"https:\/\/trimakasi.eu\/es\/wp-json\/wp\/v2\/product_cat?post=118572"},{"taxonomy":"product_tag","embeddable":true,"href":"https:\/\/trimakasi.eu\/es\/wp-json\/wp\/v2\/product_tag?post=118572"}],"curies":[{"name":"wp","href":"https:\/\/api.w.org\/{rel}","templated":true}]}}