{"id":118212,"date":"2020-12-20T23:14:00","date_gmt":"2020-12-20T22:14:00","guid":{"rendered":"https:\/\/trimakasi.eu\/?post_type=product&#038;p=118212"},"modified":"2026-02-20T07:04:18","modified_gmt":"2026-02-20T06:04:18","slug":"fluorita-azul","status":"publish","type":"product","link":"https:\/\/trimakasi.eu\/es\/product\/blue-fluorite\/","title":{"rendered":"Pulsera azul fluorita"},"content":{"rendered":"<h3>Fluorita \u2013 propiedades<\/h3>\n<p>El nombre de esta piedra se deriva de la palabra latina &quot;fluere&quot; que significa &quot;fluir&quot;. Las propiedades f\u00edsicas de este mineral tambi\u00e9n dieron nombre al t\u00e9rmino fluorescencia (reacci\u00f3n a los rayos de luz ultravioleta).<\/p>\n<p>La fluorita es una de las piedras preciosas cristalinas m\u00e1s populares del mundo que adora tanto a los ge\u00f3logos por su coloraci\u00f3n y la notable estructura cristalina c\u00fabica, como a los curanderos alternativos por sus vibraciones internas, que tienen una fuerte resonancia con la mente humana.<\/p>\n<p>La energ\u00eda de esta piedra puede traernos paz y estabilidad, ayudando a formar energ\u00eda ca\u00f3tica y dispersa en una forma superior de coherencia y armon\u00eda. La fluorita es una piedra de apoyo para el pensamiento, la espiritualidad, la concentraci\u00f3n y el equilibrio en todos los aspectos de la vida. Supuestamente, tambi\u00e9n estimula a ambos hemisferios cerebrales a trabajar armoniosamente en equilibrio, lo que puede reflejarse en fomentar la creatividad y facilitar la resoluci\u00f3n l\u00f3gica de problemas complejos.<\/p>\n<h3>Fluorita azul \u2013 propiedades<\/h3>\n<p>Aporta orden a la mente ca\u00f3tica y permite la verbalizaci\u00f3n clara de los pensamientos. Adem\u00e1s, esta forma de fluorita limpia, estabiliza y protege el aura, estimula la sinceridad en las personas e inspira un sentido de justicia.<\/p>\n<p>Elemento: <strong>Agua<\/strong><\/p>\n<p>Signos del zodiaco: <strong>Capricornio, Piscis, Acuario, Escorpio y G\u00e9minis<\/strong><\/p>\n<p>La pulsera armoniza el chakra de la garganta y el chakra de la corona.<br \/>\n<a href=\"https:\/\/trimakasi.eu\/wp-content\/uploads\/\u010dakra5.jpg\"><img loading=\"lazy\" decoding=\"async\" class=\"alignnone size-full wp-image-138515\" src=\"https:\/\/trimakasi.eu\/wp-content\/uploads\/\u010dakra5.jpg\" alt=\"Chakra de la garganta\" width=\"81\" height=\"87\" srcset=\"https:\/\/trimakasi.eu\/wp-content\/uploads\/\u010dakra5.jpg 81w, https:\/\/trimakasi.eu\/wp-content\/uploads\/\u010dakra5-11x12.jpg 11w\" sizes=\"auto, (max-width: 81px) 100vw, 81px\" \/><\/a><img loading=\"lazy\" decoding=\"async\" class=\"alignnone wp-image-72749\" src=\"https:\/\/trimakasi.cz\/wp-content\/uploads\/2018\/07\/\u010dakra7.jpg\" alt=\"Korunn\u00ed \u010dakra\" width=\"73\" height=\"81\" \/><\/p>\n<p><a href=\"https:\/\/trimakasi.eu\/es\/vlog\/\"><u>Visita nuestro video blog para descubrir las conexiones entre piedras preciosas, signos del zod\u00edaco, chakras y mucho m\u00e1s.<\/u><\/a><\/p>","protected":false},"excerpt":{"rendered":"<p>\u00a1Nuestra fluorita azul conquistar\u00e1 su coraz\u00f3n con un color azul profundo y una transparencia relativamente alta! Gracias a su estructura, colores y propiedades metaf\u00edsicas, esta piedra semipreciosa es reconocida como la \u201cpiedra de los genios\u201d y se encuentra entre los minerales m\u00e1s populares del mundo.<\/p>\n<p>Elija una pulsera por el color de Fluorita, por el tama\u00f1o de la pulsera y por el color de la \u00faltima cuenta.\u00a0<a href=\"https:\/\/trimakasi.eu\/es\/como-elegir-la-talla-de-pulsera\/\">Las instrucciones sobre c\u00f3mo determinar correctamente el tama\u00f1o se pueden encontrar aqu\u00ed.<\/a><\/p>","protected":false},"featured_media":118227,"comment_status":"open","ping_status":"closed","template":"","meta":{"_acf_changed":false,"_themeisle_gutenberg_block_has_review":false},"product_brand":[],"product_cat":[1687,1064,1068,554,553],"product_tag":[],"class_list":{"0":"post-118212","1":"product","2":"type-product","3":"status-publish","4":"has-post-thumbnail","6":"product_cat-elastic-bracelets","7":"product_cat-mens-jewellery","8":"product_cat-natural-gemstone-bracelets-for-men","9":"product_cat-natural-gemstone-bracelets","10":"product_cat-womens-jewellery","12":"first","13":"instock","14":"featured","15":"taxable","16":"shipping-taxable","17":"purchasable","18":"product-type-variable","19":"has-default-attributes"},"acf":[],"_links":{"self":[{"href":"https:\/\/trimakasi.eu\/es\/wp-json\/wp\/v2\/product\/118212","targetHints":{"allow":["GET"]}}],"collection":[{"href":"https:\/\/trimakasi.eu\/es\/wp-json\/wp\/v2\/product"}],"about":[{"href":"https:\/\/trimakasi.eu\/es\/wp-json\/wp\/v2\/types\/product"}],"replies":[{"embeddable":true,"href":"https:\/\/trimakasi.eu\/es\/wp-json\/wp\/v2\/comments?post=118212"}],"wp:featuredmedia":[{"embeddable":true,"href":"https:\/\/trimakasi.eu\/es\/wp-json\/wp\/v2\/media\/118227"}],"wp:attachment":[{"href":"https:\/\/trimakasi.eu\/es\/wp-json\/wp\/v2\/media?parent=118212"}],"wp:term":[{"taxonomy":"product_brand","embeddable":true,"href":"https:\/\/trimakasi.eu\/es\/wp-json\/wp\/v2\/product_brand?post=118212"},{"taxonomy":"product_cat","embeddable":true,"href":"https:\/\/trimakasi.eu\/es\/wp-json\/wp\/v2\/product_cat?post=118212"},{"taxonomy":"product_tag","embeddable":true,"href":"https:\/\/trimakasi.eu\/es\/wp-json\/wp\/v2\/product_tag?post=118212"}],"curies":[{"name":"wp","href":"https:\/\/api.w.org\/{rel}","templated":true}]}}