{"id":68,"date":"2017-12-12T21:22:51","date_gmt":"2017-12-12T20:22:51","guid":{"rendered":"http:\/\/trimakasi.cz\/?page_id=68"},"modified":"2025-09-23T12:39:21","modified_gmt":"2025-09-23T10:39:21","slug":"contacto","status":"publish","type":"page","link":"https:\/\/trimakasi.eu\/es\/contact\/","title":{"rendered":"Contacto"},"content":{"rendered":"<strong>ENV\u00cdO GRATUITO EN LA UE PARA PEDIDOS SUPERIORES A 100\u202f\u20ac<\/strong> <div class=\"is-divider divider clearfix\" style=\"height:0px;\"><\/div>\r\n<p>Por favor cont\u00e1ctenos por correo electr\u00f3nico: <strong><u>info@trimakasi.eu<\/u><\/strong><\/p>\r\n<p>o por tel\u00e9fono<strong>Whatsapp<\/strong>):<strong>\u00a0<\/strong><strong><u>+420774041292<\/u><\/strong> (lunes a viernes: 9:00 a. m. a 5:00 p. m.)<\/p>\r\n<p>Utilice el idioma ingl\u00e9s si es posible.<\/p>\r\n<div class=\"social-icons follow-icons\" ><a href=\"https:\/\/www.facebook.com\/trimakasicrystals\/\" target=\"_blank\" data-label=\"Facebook\" class=\"icon button circle is-outline tooltip facebook\" title=\"S\u00edguenos en Facebook\" aria-label=\"S\u00edguenos en Facebook\" rel=\"noopener nofollow\"><i class=\"icon-facebook\" aria-hidden=\"true\"><\/i><\/a><a href=\"https:\/\/www.instagram.com\/trimakasi_crystals\/\" target=\"_blank\" data-label=\"Instagram\" class=\"icon button circle is-outline tooltip instagram\" title=\"S\u00edguenos en Instagram\" aria-label=\"S\u00edguenos en Instagram\" rel=\"noopener nofollow\"><i class=\"icon-instagram\" aria-hidden=\"true\"><\/i><\/a><a href=\"mailto:mailto:info@trimakasi.eu\" data-label=\"E-mail\" target=\"_blank\" class=\"icon button circle is-outline tooltip email\" title=\"Env\u00edanos un email\" aria-label=\"Env\u00edanos un email\" rel=\"nofollow noopener\"><i class=\"icon-envelop\" aria-hidden=\"true\"><\/i><\/a><a href=\"https:\/\/cz.pinterest.com\/trimakasia\/\" data-label=\"Pinterest\" target=\"_blank\" class=\"icon button circle is-outline tooltip pinterest\" title=\"S\u00edguenos en Pinterest\" aria-label=\"S\u00edguenos en Pinterest\" rel=\"noopener nofollow\"><i class=\"icon-pinterest\" aria-hidden=\"true\"><\/i><\/a><\/div>\r\n<p><strong><a href=\"https:\/\/trimakasi.eu\/wp-content\/uploads\/exchangeformENG.docx\"><u>Formulario para devoluci\u00f3n o cambio de productos, por favor encuentre aqu\u00ed.<\/u><\/a><\/strong><\/p>\r\n<p>Direcci\u00f3n de entrega para devoluciones: <strong>Trimakasi, Slune\u010dn\u00ed n\u00e1m\u011bst\u00ed 11, Praga 5, PS\u010c 158 00<\/strong><strong>, Rep\u00fablica Checa<\/strong><\/p>\r\n<p>Raz\u00f3n social: Trimakasi sro<br \/>C\u00f3digo de registro de la empresa: 06947654<br \/>C\u00f3digo de IVA: CZ06947654 (la empresa es un pagador de IVA)<br \/>Direcci\u00f3n:<br \/>B\u00edlkova 855\/19 Casco antiguo<br \/>110 00 Praga 1, Rep\u00fablica Checa\u201d]\r\n<div class=\"video video-fit mb\" style=\"padding-top:50%;\"><iframe loading=\"lazy\" title=\"Piedras para la prosperidad: Citrino, Pirita y Ojo de Tigre\" width=\"1020\" height=\"574\" src=\"https:\/\/www.youtube.com\/embed\/iZnayKT_JHU?feature=oembed&#038;enablejsapi=1&#038;origin=https:\/\/trimakasi.eu\" frameborder=\"0\" allow=\"accelerometer; autoplay; clipboard-write; encrypted-media; gyroscope; picture-in-picture; web-share\" referrerpolicy=\"strict-origin-when-cross-origin\" allowfullscreen><\/iframe><\/div>\r\n<p><\/p>","protected":false},"excerpt":{"rendered":"<p>Please contact us by email: info@trimakasi.eu or by phone (WhatsApp):\u00a0+420 774 041 292 (Mon &#8211; Fri: 9:00 AM &#8211; 5:00 PM) Please use English language if possible. Form for returning or exchanging goods please find here. Delivery adress for returns: Trimakasi, Slune\u010dn\u00ed n\u00e1m\u011bst\u00ed 11, Prague 5, PS\u010c 158 00, Czech Republic Company name: Trimakasi s.r.o.Company [&#8230;]\n","protected":false},"author":1,"featured_media":70995,"parent":0,"menu_order":0,"comment_status":"closed","ping_status":"closed","template":"page-right-sidebar.php","meta":{"_acf_changed":false,"_themeisle_gutenberg_block_has_review":false,"footnotes":""},"class_list":["post-68","page","type-page","status-publish","has-post-thumbnail","hentry"],"acf":[],"_links":{"self":[{"href":"https:\/\/trimakasi.eu\/es\/wp-json\/wp\/v2\/pages\/68","targetHints":{"allow":["GET"]}}],"collection":[{"href":"https:\/\/trimakasi.eu\/es\/wp-json\/wp\/v2\/pages"}],"about":[{"href":"https:\/\/trimakasi.eu\/es\/wp-json\/wp\/v2\/types\/page"}],"author":[{"embeddable":true,"href":"https:\/\/trimakasi.eu\/es\/wp-json\/wp\/v2\/users\/1"}],"replies":[{"embeddable":true,"href":"https:\/\/trimakasi.eu\/es\/wp-json\/wp\/v2\/comments?post=68"}],"version-history":[{"count":11,"href":"https:\/\/trimakasi.eu\/es\/wp-json\/wp\/v2\/pages\/68\/revisions"}],"predecessor-version":[{"id":174831,"href":"https:\/\/trimakasi.eu\/es\/wp-json\/wp\/v2\/pages\/68\/revisions\/174831"}],"wp:featuredmedia":[{"embeddable":true,"href":"https:\/\/trimakasi.eu\/es\/wp-json\/"}],"wp:attachment":[{"href":"https:\/\/trimakasi.eu\/es\/wp-json\/wp\/v2\/media?parent=68"}],"curies":[{"name":"wp","href":"https:\/\/api.w.org\/{rel}","templated":true}]}}