{"id":83123,"date":"2021-07-08T22:45:39","date_gmt":"2021-07-08T20:45:39","guid":{"rendered":"https:\/\/trimakasi.eu\/product\/sungit-naramek\/"},"modified":"2026-01-21T23:12:35","modified_gmt":"2026-01-21T22:12:35","slug":"schungit","status":"publish","type":"product","link":"https:\/\/trimakasi.eu\/de\/product\/shungite\/","title":{"rendered":"Schungit Armband"},"content":{"rendered":"<h3>Schungit \u2013 Wirkung<\/h3>\n<p>Schungit ist ein mysteri\u00f6ser, schwarzer, kohlen\u00e4hnlicher Stein, der traditionell zur Reinigung des Wassers verwendet wird, aber auch f\u00fcr medizinische Zwecke weit verbreitet ist. Es vertreibt alles, was f\u00fcr den Menschen sch\u00e4dlich ist, absorbiert effektiv elektromagnetische Strahlung und neutralisiert geopathogene Zonen. Bis heute spekulieren Wissenschaftler \u00fcber die Herkunft des Schungit: Er kommt nur an einem Ort auf der Welt vor \u2013  in Karelien in Russland.<\/p>\n<p>Wissenschaftler vermuten, dass Schungit aufgrund seines Fullerengehalts au\u00dferirdischen Ursprungs ist. Fullerene sind eine der gr\u00f6\u00dften Entdeckungen des 20. Jahrhunderts, die sogar mit dem Nobelpreis ausgezeichnet wurde. DIe  vierte Form von Kohlenstoff (neben Diamant, Graphit und Graphen) wurde entdeckt, die in ihrer nat\u00fcrlichen Form in der Natur kaum vorkommt.<\/p>\n<p>Die M\u00f6glichkeiten der heilenden Anwendung von Schungit sind sehr gro\u00df, aber es wird vor allem wegen seiner reinigenden F\u00e4higkeiten gesch\u00e4tzt. Neuere wissenschaftliche Untersuchungen haben gezeigt, dass dieser Stein im Wasser eine ganze Reihe von Bakterien und Viren abt\u00f6tet. Dar\u00fcber hinaus nimmt seine Oberfl\u00e4che wahrscheinlich eine Reihe von f\u00fcr den menschlichen K\u00f6rper giftigen Substanzen auf oder zersetzt sie. Der Legende nach wurde dieser Effekt des Steins 1709 w\u00e4hrend der Schlacht bei Poltawa zwischen den Russen und den Schweden entdeckt. W\u00e4hrend des hei\u00dfen Sommers dieses Jahres wurden alle verf\u00fcgbaren Wasserressourcen kontaminiert und die gesamte schwedische Armee, einschlie\u00dflich ihres K\u00f6nigs, wurde aufgrund von Verdauungsproblemen geschw\u00e4cht. Die Russen, die zu dieser Zeit bereits mit den reinigenden Eigenschaften von Schungit experimentierten, zeigten keine gesundheitlichen Probleme, was angeblich zu ihren endg\u00fcltigen Siegen beitrug.<\/p>\n<p>Element:\u00a0<strong>Erde<\/strong><\/p>\n<p>Herkunftsland: <strong>Republik Karelien, Russische F\u00f6deration<\/strong><\/p>\n<p class=\"tw-data-text tw-text-large XcVN5d tw-ta\" dir=\"ltr\" data-placeholder=\"P\u0159eklad\"><span lang=\"en\">Sternzeichen:<strong> Die reinigende Wirkung von Schungit ist f\u00fcr jedes Zeichen geeignet.<\/strong><\/span><\/p>\n<p>Dieses Armband harmonisiert das Wurzelchakra<\/p>\n<p><img loading=\"lazy\" decoding=\"async\" class=\"alignnone size-full wp-image-72742\" src=\"https:\/\/trimakasi.cz\/wp-content\/uploads\/2018\/08\/\u010dakra1.jpg\" alt=\"Z\u00e1kladn\u00ed \u010dakra\" width=\"81\" height=\"88\" \/><u><\/u><\/p>\n<p><a href=\"https:\/\/trimakasi.eu\/de\/vlog\/\"><u>Besuchen Sie unseren Video-Blog und entdecken Sie die Verbindung zwischen Edelsteinen, Steinzeichen, Chakren und vieles mehr.<\/u><\/a><\/p>","protected":false},"excerpt":{"rendered":"<p>Schungit ist ein Heilstein mit stark reinigender Wirkung. Dank seiner einzigartigen Zusammensetzung hat es eine Reihe von Anwendungen, wie beispielsweise die Wasserreinigung oder die Neutralisierung von geopathogenen Zonen. Erfahren Sie unten mehr \u00fcber die Eigenschaften dieses Steins.<\/p>\n<p>W\u00e4hlen Sie ein Armband nach Gr\u00f6\u00dfe und Farbe der letzten Perle.\u00a0<a href=\"https:\/\/trimakasi.eu\/de\/wie-man-die-armbandgrose-wahlt\/\">Anweisungen zur korrekten Bestimmung der Gr\u00f6\u00dfe finden Sie hier.<\/a><\/p>","protected":false},"featured_media":81090,"comment_status":"open","ping_status":"closed","template":"","meta":{"_acf_changed":false,"_themeisle_gutenberg_block_has_review":false},"product_brand":[],"product_cat":[1687,1064,1068,554,553],"product_tag":[],"class_list":{"0":"post-83123","1":"product","2":"type-product","3":"status-publish","4":"has-post-thumbnail","6":"product_cat-elastic-bracelets","7":"product_cat-mens-jewellery","8":"product_cat-natural-gemstone-bracelets-for-men","9":"product_cat-natural-gemstone-bracelets","10":"product_cat-womens-jewellery","12":"first","13":"instock","14":"taxable","15":"shipping-taxable","16":"purchasable","17":"product-type-variable","18":"has-default-attributes"},"acf":[],"_links":{"self":[{"href":"https:\/\/trimakasi.eu\/de\/wp-json\/wp\/v2\/product\/83123","targetHints":{"allow":["GET"]}}],"collection":[{"href":"https:\/\/trimakasi.eu\/de\/wp-json\/wp\/v2\/product"}],"about":[{"href":"https:\/\/trimakasi.eu\/de\/wp-json\/wp\/v2\/types\/product"}],"replies":[{"embeddable":true,"href":"https:\/\/trimakasi.eu\/de\/wp-json\/wp\/v2\/comments?post=83123"}],"wp:featuredmedia":[{"embeddable":true,"href":"https:\/\/trimakasi.eu\/de\/wp-json\/wp\/v2\/media\/81090"}],"wp:attachment":[{"href":"https:\/\/trimakasi.eu\/de\/wp-json\/wp\/v2\/media?parent=83123"}],"wp:term":[{"taxonomy":"product_brand","embeddable":true,"href":"https:\/\/trimakasi.eu\/de\/wp-json\/wp\/v2\/product_brand?post=83123"},{"taxonomy":"product_cat","embeddable":true,"href":"https:\/\/trimakasi.eu\/de\/wp-json\/wp\/v2\/product_cat?post=83123"},{"taxonomy":"product_tag","embeddable":true,"href":"https:\/\/trimakasi.eu\/de\/wp-json\/wp\/v2\/product_tag?post=83123"}],"curies":[{"name":"wp","href":"https:\/\/api.w.org\/{rel}","templated":true}]}}