{"id":75864,"date":"2023-01-09T16:59:39","date_gmt":"2023-01-09T15:59:39","guid":{"rendered":"https:\/\/trimakasi.eu\/?post_type=product&#038;p=75864"},"modified":"2024-09-22T11:11:30","modified_gmt":"2024-09-22T09:11:30","slug":"halbmond-halskette-rosegold","status":"publish","type":"product","link":"https:\/\/trimakasi.eu\/de\/product\/crescent-necklace-rose-gold\/","title":{"rendered":"Halbmondkette - Ros\u00e9gold"},"content":{"rendered":"<h3>Halbmond Halskette<\/h3>\n<p>Die Halbmondkette war im alten \u00c4gypten ein Symbol der G\u00f6ttin Isis, der Mutter der G\u00f6tter. Isis wurde als K\u00f6nigin von \u00c4gypten dargestellt, die die Magie beherrscht und die Besch\u00fctzerin der Mutterschaft, der Frauen und der Heiler ist. Die nach unten weisende Sichel tauchte zum ersten Mal als \u00e4gyptisches Zeichen auf, das w\u00f6rtlich den Mond bedeutet.<\/p>\n<p>In der \u00e4gyptischen Mythologie tr\u00e4gt der Mond im Allgemeinen die Bedeutung der Fruchtbarkeit, man glaubte, dass bei Vollmond Getreide schneller wachsen w\u00fcrde oder dass bei Vollmond geerntete Kr\u00e4uter st\u00e4rkere therapeutische Wirkungen h\u00e4tten. Die \u00c4gypter glaubten auch, dass aufgrund der fruchtbaren Kraft des Mondes in der W\u00fcste neue Edelsteine und Edelsteine auftauchen.<\/p>","protected":false},"excerpt":{"rendered":"<p>Elegante Halbmondkette aus Edelstahl mit ros\u00e9goldener PVD-Beschichtung.<\/p>\n<p>Mondgr\u00f6\u00dfe: 2 cm. Die Breite der Kette betr\u00e4gt 1 mm und die L\u00e4nge der Kette ist von 46 cm bis 52 cm verstellbar.<\/p>","protected":false},"featured_media":85310,"comment_status":"open","ping_status":"closed","template":"","meta":{"_acf_changed":false,"_themeisle_gutenberg_block_has_review":false},"product_brand":[],"product_cat":[569,1149,1690,553],"product_tag":[],"class_list":{"0":"post-75864","1":"product","2":"type-product","3":"status-publish","4":"has-post-thumbnail","6":"product_cat-minimalist-jewellery-for-women","7":"product_cat-necklaces-for-women","8":"product_cat-necklaces","9":"product_cat-womens-jewellery","11":"first","12":"instock","13":"taxable","14":"shipping-taxable","15":"purchasable","16":"product-type-simple"},"acf":[],"_links":{"self":[{"href":"https:\/\/trimakasi.eu\/de\/wp-json\/wp\/v2\/product\/75864","targetHints":{"allow":["GET"]}}],"collection":[{"href":"https:\/\/trimakasi.eu\/de\/wp-json\/wp\/v2\/product"}],"about":[{"href":"https:\/\/trimakasi.eu\/de\/wp-json\/wp\/v2\/types\/product"}],"replies":[{"embeddable":true,"href":"https:\/\/trimakasi.eu\/de\/wp-json\/wp\/v2\/comments?post=75864"}],"wp:featuredmedia":[{"embeddable":true,"href":"https:\/\/trimakasi.eu\/de\/wp-json\/wp\/v2\/media\/85310"}],"wp:attachment":[{"href":"https:\/\/trimakasi.eu\/de\/wp-json\/wp\/v2\/media?parent=75864"}],"wp:term":[{"taxonomy":"product_brand","embeddable":true,"href":"https:\/\/trimakasi.eu\/de\/wp-json\/wp\/v2\/product_brand?post=75864"},{"taxonomy":"product_cat","embeddable":true,"href":"https:\/\/trimakasi.eu\/de\/wp-json\/wp\/v2\/product_cat?post=75864"},{"taxonomy":"product_tag","embeddable":true,"href":"https:\/\/trimakasi.eu\/de\/wp-json\/wp\/v2\/product_tag?post=75864"}],"curies":[{"name":"wp","href":"https:\/\/api.w.org\/{rel}","templated":true}]}}