{"id":75690,"date":"2019-12-15T12:27:45","date_gmt":"2019-12-15T11:27:45","guid":{"rendered":"https:\/\/trimakasi.eu\/?post_type=product&#038;p=75690"},"modified":"2025-03-26T18:26:46","modified_gmt":"2025-03-26T17:26:46","slug":"edelsteine-der-welt","status":"publish","type":"product","link":"https:\/\/trimakasi.eu\/de\/product\/gemstones-of-the-world\/","title":{"rendered":"Edelsteine der Welt Armband"},"content":{"rendered":"<h3>Edelsteine der Welt<\/h3>\n<p id=\"tw-target-text\" class=\"tw-data-text tw-ta tw-text-small\" dir=\"ltr\" data-placeholder=\"P\u0159eklad\"><span lang=\"en\">Wir haben 16 der seltensten Halbedelsteine sorgf\u00e4ltig aus unserem Angebot ausgew\u00e4hlt und ihnen universellen Lavastein hinzugef\u00fcgt.<\/span><\/p>\n<div><strong>Granat \u2013 Almandin<\/strong><\/div>\n<div><\/div>\n<div><strong>Kyanit<\/strong><\/div>\n<div><\/div>\n<div><strong>Seraphinit<\/strong><\/div>\n<div><\/div>\n<div><strong>Amethyst<\/strong><\/div>\n<div><\/div>\n<div><strong>Malachit<\/strong><\/div>\n<div><\/div>\n<div><strong>Sonnenstein<\/strong><\/div>\n<div><\/div>\n<div><strong>Charoit<\/strong><\/div>\n<div><\/div>\n<div><strong>Himalaya-Quarz<\/strong><\/div>\n<div><\/div>\n<div><strong>Dumortierit<\/strong><\/div>\n<div><\/div>\n<div><strong>Chrysokoll<\/strong><\/div>\n<div><\/div>\n<div><strong>Aquamarin<\/strong><\/div>\n<div><\/div>\n<div><strong>Falkenauge<\/strong><\/div>\n<div><\/div>\n<div><strong>Citrin<\/strong><\/div>\n<div><\/div>\n<div><strong>Lepidolith<\/strong><\/div>\n<div><\/div>\n<div><strong>Wei\u00dfer Selenit<\/strong><\/div>\n<div><\/div>\n<div><strong>Blauer Apatit<\/strong><\/div>\n<div><\/div>\n<div><a href=\"https:\/\/trimakasi.eu\/de\/vlog\/\"><u>Besuchen Sie unseren Video-Blog und entdecken Sie die Verbindung zwischen Edelsteinen, Steinzeichen, Chakren und vieles mehr.<\/u><\/a><\/div>","protected":false},"excerpt":{"rendered":"<p id=\"tw-target-text\" class=\"tw-data-text tw-ta tw-text-small\" dir=\"ltr\" data-placeholder=\"P\u0159eklad\"><span lang=\"en\">Unsere Spezialit\u00e4t! Armband aus Mineralien aus aller Welt! Zum Beispiel Kyanite aus Brasilien, Malachite aus Sambia oder Seraphinite aus Russland. Wir haben sorgf\u00e4ltig 16 der seltensten Halbedelsteine aus unserem Angebot ausgew\u00e4hlt und mit universellem Lavastein erg\u00e4nzt. Erfahren Sie unten mehr \u00fcber gebrauchte Steine.<\/span><\/p>\n<p>W\u00e4hlen Sie ein Armband nach seiner Gr\u00f6\u00dfe.\u00a0<a href=\"https:\/\/trimakasi.eu\/de\/wie-man-die-armbandgrose-wahlt\/\">Anweisungen zur korrekten Bestimmung der Gr\u00f6\u00dfe finden Sie hier.<\/a><\/p>","protected":false},"featured_media":75781,"comment_status":"open","ping_status":"closed","template":"","meta":{"_acf_changed":false,"_themeisle_gutenberg_block_has_review":false},"product_brand":[],"product_cat":[1687,1064,554,1068,1316,553],"product_tag":[],"class_list":{"0":"post-75690","1":"product","2":"type-product","3":"status-publish","4":"has-post-thumbnail","6":"product_cat-elastic-bracelets","7":"product_cat-mens-jewellery","8":"product_cat-natural-gemstone-bracelets","9":"product_cat-natural-gemstone-bracelets-for-men","10":"product_cat-rare-gemstone-bracelets","11":"product_cat-womens-jewellery","13":"first","14":"instock","15":"taxable","16":"shipping-taxable","17":"purchasable","18":"product-type-variable","19":"has-default-attributes"},"acf":[],"_links":{"self":[{"href":"https:\/\/trimakasi.eu\/de\/wp-json\/wp\/v2\/product\/75690","targetHints":{"allow":["GET"]}}],"collection":[{"href":"https:\/\/trimakasi.eu\/de\/wp-json\/wp\/v2\/product"}],"about":[{"href":"https:\/\/trimakasi.eu\/de\/wp-json\/wp\/v2\/types\/product"}],"replies":[{"embeddable":true,"href":"https:\/\/trimakasi.eu\/de\/wp-json\/wp\/v2\/comments?post=75690"}],"wp:featuredmedia":[{"embeddable":true,"href":"https:\/\/trimakasi.eu\/de\/wp-json\/wp\/v2\/media\/75781"}],"wp:attachment":[{"href":"https:\/\/trimakasi.eu\/de\/wp-json\/wp\/v2\/media?parent=75690"}],"wp:term":[{"taxonomy":"product_brand","embeddable":true,"href":"https:\/\/trimakasi.eu\/de\/wp-json\/wp\/v2\/product_brand?post=75690"},{"taxonomy":"product_cat","embeddable":true,"href":"https:\/\/trimakasi.eu\/de\/wp-json\/wp\/v2\/product_cat?post=75690"},{"taxonomy":"product_tag","embeddable":true,"href":"https:\/\/trimakasi.eu\/de\/wp-json\/wp\/v2\/product_tag?post=75690"}],"curies":[{"name":"wp","href":"https:\/\/api.w.org\/{rel}","templated":true}]}}