{"id":75684,"date":"2023-06-15T11:33:55","date_gmt":"2023-06-15T09:33:55","guid":{"rendered":"https:\/\/trimakasi.eu\/?post_type=product&#038;p=75684"},"modified":"2025-11-01T12:50:12","modified_gmt":"2025-11-01T11:50:12","slug":"saphir","status":"publish","type":"product","link":"https:\/\/trimakasi.eu\/de\/product\/sapphire\/","title":{"rendered":"Saphir Armband"},"content":{"rendered":"<h3>Saphir \u2013 Wirkung<\/h3>\n<p>Saphir war schon immer mit dem k\u00f6niglichen Rang verbunden und erscheint sowohl in britischen als auch in tschechischen Kronjuwelen. Dieser Edelstein ist eine blaue Variante von dem Mineral Korund wie zum Beispiel roter Rubin. Man k\u00f6nnte auch sagen, dass Saphir der blaue Bruder des Rubins ist.<\/p>\n<p>Saphirhimmelblau symbolisiert Hoffnung und bringt Schutz, Gl\u00fcck und spirituelle Einsicht in unser Leben. Es ist nicht nur ein Symbol der Macht, sondern auch Freundlichkeit und Weisheit. Sapphire k\u00f6nnen Sie auf Ihren spirituellen Weg begleiten und dabei helfen, die Selbstdisziplin zu st\u00e4rken, vor allen bei T\u00e4tigkeiten, die starke Konzentration erfordern. In chaotischen Zeiten des Wandels helfen Sapphire fokussiert zu bleiben.<\/p>\n<p>Es ist auch der perfekte Mineral f\u00fcr alle, die Hilfe bei der Verwirklichung ihrer W\u00fcnschen ben\u00f6tigen, und f\u00fcr diejenigen, die Selbstdisziplin brauchen, um die Dinge, die sie begonnen haben, zu vervollst\u00e4ndigen.<br \/>\nSaphir mildert Depressionen und hellt die Stimmung auf. Es bringt Frieden, Konzentration und stellt das Gleichgewicht in K\u00f6rper und Geist wieder her. Es ist ein sehr beliebter Stein in der Reike-Lehre, und es wird angenommen, dass Sapphire die F\u00e4higkeit verst\u00e4rken, mit menschlicher Stimme zu heilen.<br \/>\nSaphir ist ein Mineral mit gro\u00dfer spiritueller Kraft, der uns hilft, das Potenzial unseres Lebens voll auszusch\u00f6pfen. Es bringt Weisheit, Wahrheit und W\u00fcrde in unsere Seelen.<\/p>\n<p>Herkunftsland: <strong>Birma<\/strong><\/p>\n<p>Element: <strong>Wasser<\/strong><\/p>\n<p>Sternzeichen: <strong>Stier, Jungfrau, L\u00f6we, Widder, Zwillinge, Fische, Sch\u00fctze<\/strong><\/p>\n<p>Armband harmonisiert Halschakra, Drittes Auge Chakra und Kronenchakra<\/p>\n<p><a href=\"https:\/\/trimakasi.eu\/wp-content\/uploads\/\u010dakra5.jpg\"><img loading=\"lazy\" decoding=\"async\" class=\"alignnone size-full wp-image-138515\" src=\"https:\/\/trimakasi.eu\/wp-content\/uploads\/\u010dakra5.jpg\" alt=\"Halschakra\" width=\"81\" height=\"87\" srcset=\"https:\/\/trimakasi.eu\/wp-content\/uploads\/\u010dakra5.jpg 81w, https:\/\/trimakasi.eu\/wp-content\/uploads\/\u010dakra5-11x12.jpg 11w\" sizes=\"auto, (max-width: 81px) 100vw, 81px\" \/><\/a><a href=\"https:\/\/trimakasi.eu\/wp-content\/uploads\/\u010dakra6.jpg\"><img loading=\"lazy\" decoding=\"async\" class=\"alignnone size-full wp-image-138516\" src=\"https:\/\/trimakasi.eu\/wp-content\/uploads\/\u010dakra6.jpg\" alt=\"Chakra des dritten Auges\" width=\"103\" height=\"98\" srcset=\"https:\/\/trimakasi.eu\/wp-content\/uploads\/\u010dakra6.jpg 103w, https:\/\/trimakasi.eu\/wp-content\/uploads\/\u010dakra6-13x12.jpg 13w\" sizes=\"auto, (max-width: 103px) 100vw, 103px\" \/><\/a><a href=\"https:\/\/trimakasi.eu\/wp-content\/uploads\/crown-chakra.jpg\"><img loading=\"lazy\" decoding=\"async\" class=\"alignnone size-full wp-image-132743\" src=\"https:\/\/trimakasi.eu\/wp-content\/uploads\/crown-chakra.jpg\" alt=\"\" width=\"92\" height=\"102\" srcset=\"https:\/\/trimakasi.eu\/wp-content\/uploads\/crown-chakra.jpg 92w, https:\/\/trimakasi.eu\/wp-content\/uploads\/crown-chakra-11x12.jpg 11w\" sizes=\"auto, (max-width: 92px) 100vw, 92px\" \/><\/a><\/p>\n<p><a href=\"https:\/\/trimakasi.eu\/de\/vlog\/\"><u>Besuchen Sie unseren Video-Blog und entdecken Sie die Verbindung zwischen Edelsteinen, Steinzeichen, Chakren und vieles mehr.<\/u><\/a><\/p>","protected":false},"excerpt":{"rendered":"<p id=\"tw-target-text\" class=\"tw-data-text tw-text-large tw-ta\" dir=\"ltr\" data-placeholder=\"P\u0159eklad\">Das Himmelblau von Saphir symbolisiert Hoffnung und bringt Schutz, Gl\u00fcck und spirituelle Einsicht in unser Leben. Saphir ist eine blaue Variante des Korrund-Edelsteins, der der zweith\u00e4rteste Mineral der Welt ist. Aufgrund der Seltenheit dieses Edelsteins und der gro\u00dfen  Nachfrage weltweit sind nur sehr begrenzte Lagerbest\u00e4nde verf\u00fcgbar.<\/p>\n<p>W\u00e4hlen Sie ein Armband nach Gr\u00f6\u00dfe und Farbe der letzten Perle. <a href=\"https:\/\/trimakasi.eu\/de\/wie-man-die-armbandgrose-wahlt\/\">Anweisungen zur korrekten Bestimmung der Gr\u00f6\u00dfe finden Sie hier.<\/a><\/p>","protected":false},"featured_media":139209,"comment_status":"open","ping_status":"closed","template":"","meta":{"_acf_changed":false,"_themeisle_gutenberg_block_has_review":false},"product_brand":[],"product_cat":[1687,1064,554,1068,1316,553],"product_tag":[],"class_list":{"0":"post-75684","1":"product","2":"type-product","3":"status-publish","4":"has-post-thumbnail","6":"product_cat-elastic-bracelets","7":"product_cat-mens-jewellery","8":"product_cat-natural-gemstone-bracelets","9":"product_cat-natural-gemstone-bracelets-for-men","10":"product_cat-rare-gemstone-bracelets","11":"product_cat-womens-jewellery","13":"first","14":"instock","15":"taxable","16":"shipping-taxable","17":"purchasable","18":"product-type-variable","19":"has-default-attributes"},"acf":[],"_links":{"self":[{"href":"https:\/\/trimakasi.eu\/de\/wp-json\/wp\/v2\/product\/75684","targetHints":{"allow":["GET"]}}],"collection":[{"href":"https:\/\/trimakasi.eu\/de\/wp-json\/wp\/v2\/product"}],"about":[{"href":"https:\/\/trimakasi.eu\/de\/wp-json\/wp\/v2\/types\/product"}],"replies":[{"embeddable":true,"href":"https:\/\/trimakasi.eu\/de\/wp-json\/wp\/v2\/comments?post=75684"}],"wp:featuredmedia":[{"embeddable":true,"href":"https:\/\/trimakasi.eu\/de\/wp-json\/wp\/v2\/media\/139209"}],"wp:attachment":[{"href":"https:\/\/trimakasi.eu\/de\/wp-json\/wp\/v2\/media?parent=75684"}],"wp:term":[{"taxonomy":"product_brand","embeddable":true,"href":"https:\/\/trimakasi.eu\/de\/wp-json\/wp\/v2\/product_brand?post=75684"},{"taxonomy":"product_cat","embeddable":true,"href":"https:\/\/trimakasi.eu\/de\/wp-json\/wp\/v2\/product_cat?post=75684"},{"taxonomy":"product_tag","embeddable":true,"href":"https:\/\/trimakasi.eu\/de\/wp-json\/wp\/v2\/product_tag?post=75684"}],"curies":[{"name":"wp","href":"https:\/\/api.w.org\/{rel}","templated":true}]}}