{"id":75669,"date":"2022-12-15T10:32:21","date_gmt":"2022-12-15T09:32:21","guid":{"rendered":"https:\/\/trimakasi.eu\/?post_type=product&#038;p=75669"},"modified":"2025-07-14T22:51:04","modified_gmt":"2025-07-14T20:51:04","slug":"falkenauge","status":"publish","type":"product","link":"https:\/\/trimakasi.eu\/de\/product\/hawks-eye\/","title":{"rendered":"Falkenauge Armband"},"content":{"rendered":"<h3>Falkenauge \u2013 Wirkung<\/h3>\n<p>Das Falkenauge \u00e4hnelt dem Tigerauge, ist jedoch seltener. Es kann auch helfen, hinter den Vorhang in Ihr Unterbewusstsein zu schauen und zu sehen, was auf den ersten Blick nicht offensichtlich ist.<\/p>\n<p>Das Falkenauge sch\u00fctzt auch vor Albtr\u00e4umen, b\u00f6sen Absichten und vor allem Eifersucht. Hawk&#039;s Eye Energie wird Ihnen helfen, M\u00fcdigkeit zu beseitigen und die Symptome einer Depression zu lindern. Dieser Stein kann Sie auch ermutigen, Ihre Komfortzone zu verlassen und Ihr verborgenes Potenzial an F\u00e4higkeiten oder Talenten zu \u00f6ffnen.<\/p>\n<p>Element: <strong>Erde, Luft<\/strong><\/p>\n<p>Sternzeichen: <strong>Steinbock, Sch\u00fctze, Stier<\/strong><\/p>\n<p>Das Armband harmonisiert das Hals-Chakra und das Chakra des dritten Auges<\/p>\n<p><a href=\"https:\/\/trimakasi.eu\/wp-content\/uploads\/\u010dakra5.jpg\"><img loading=\"lazy\" decoding=\"async\" class=\"alignnone size-full wp-image-138515\" src=\"https:\/\/trimakasi.eu\/wp-content\/uploads\/\u010dakra5.jpg\" alt=\"Halschakra\" width=\"81\" height=\"87\" srcset=\"https:\/\/trimakasi.eu\/wp-content\/uploads\/\u010dakra5.jpg 81w, https:\/\/trimakasi.eu\/wp-content\/uploads\/\u010dakra5-11x12.jpg 11w\" sizes=\"auto, (max-width: 81px) 100vw, 81px\" \/><\/a><a href=\"https:\/\/trimakasi.eu\/wp-content\/uploads\/\u010dakra6.jpg\"><img loading=\"lazy\" decoding=\"async\" class=\"alignnone size-full wp-image-138516\" src=\"https:\/\/trimakasi.eu\/wp-content\/uploads\/\u010dakra6.jpg\" alt=\"Chakra des dritten Auges\" width=\"103\" height=\"98\" srcset=\"https:\/\/trimakasi.eu\/wp-content\/uploads\/\u010dakra6.jpg 103w, https:\/\/trimakasi.eu\/wp-content\/uploads\/\u010dakra6-13x12.jpg 13w\" sizes=\"auto, (max-width: 103px) 100vw, 103px\" \/><\/a><\/p>\n<p><a href=\"https:\/\/trimakasi.eu\/de\/vlog\/\"><u>Besuchen Sie unseren Video-Blog und entdecken Sie die Verbindung zwischen Edelsteinen, Steinzeichen, Chakren und vieles mehr.<\/u><\/a><\/p>","protected":false},"excerpt":{"rendered":"<p id=\"tw-target-text\" class=\"tw-data-text tw-text-large tw-ta\" dir=\"ltr\" data-placeholder=\"P\u0159eklad\">Nat\u00fcrlicher Falkenaugen-Edelstein mit magischen Reflexen in tiefblauer Farbe. Eine ideale Wahl f\u00fcr diejenigen, die Originalit\u00e4t suchen. Falkenauge ist der blauer Bruder von dem Stein mit dem Namen Tigerauge.<\/p>\n<p>W\u00e4hlen Sie ein Armband nach Gr\u00f6\u00dfe und Farbe der letzten Perle. <a href=\"https:\/\/trimakasi.eu\/de\/wie-man-die-armbandgrose-wahlt\/\">Anweisungen zur korrekten Bestimmung der Gr\u00f6\u00dfe finden Sie hier.<\/a><\/p>","protected":false},"featured_media":123929,"comment_status":"open","ping_status":"closed","template":"","meta":{"_acf_changed":false,"_themeisle_gutenberg_block_has_review":false},"product_brand":[],"product_cat":[1687,1064,554,1068,553],"product_tag":[],"class_list":{"0":"post-75669","1":"product","2":"type-product","3":"status-publish","4":"has-post-thumbnail","6":"product_cat-elastic-bracelets","7":"product_cat-mens-jewellery","8":"product_cat-natural-gemstone-bracelets","9":"product_cat-natural-gemstone-bracelets-for-men","10":"product_cat-womens-jewellery","12":"first","13":"instock","14":"taxable","15":"shipping-taxable","16":"purchasable","17":"product-type-variable","18":"has-default-attributes"},"acf":[],"_links":{"self":[{"href":"https:\/\/trimakasi.eu\/de\/wp-json\/wp\/v2\/product\/75669","targetHints":{"allow":["GET"]}}],"collection":[{"href":"https:\/\/trimakasi.eu\/de\/wp-json\/wp\/v2\/product"}],"about":[{"href":"https:\/\/trimakasi.eu\/de\/wp-json\/wp\/v2\/types\/product"}],"replies":[{"embeddable":true,"href":"https:\/\/trimakasi.eu\/de\/wp-json\/wp\/v2\/comments?post=75669"}],"wp:featuredmedia":[{"embeddable":true,"href":"https:\/\/trimakasi.eu\/de\/wp-json\/wp\/v2\/media\/123929"}],"wp:attachment":[{"href":"https:\/\/trimakasi.eu\/de\/wp-json\/wp\/v2\/media?parent=75669"}],"wp:term":[{"taxonomy":"product_brand","embeddable":true,"href":"https:\/\/trimakasi.eu\/de\/wp-json\/wp\/v2\/product_brand?post=75669"},{"taxonomy":"product_cat","embeddable":true,"href":"https:\/\/trimakasi.eu\/de\/wp-json\/wp\/v2\/product_cat?post=75669"},{"taxonomy":"product_tag","embeddable":true,"href":"https:\/\/trimakasi.eu\/de\/wp-json\/wp\/v2\/product_tag?post=75669"}],"curies":[{"name":"wp","href":"https:\/\/api.w.org\/{rel}","templated":true}]}}