{"id":75466,"date":"2019-11-16T13:33:28","date_gmt":"2019-11-16T12:33:28","guid":{"rendered":"https:\/\/trimakasi.eu\/?post_type=product&#038;p=75466"},"modified":"2025-06-28T21:00:13","modified_gmt":"2025-06-28T19:00:13","slug":"rose-damen-armband","status":"publish","type":"product","link":"https:\/\/trimakasi.eu\/de\/product\/rose-womens-bracelet\/","title":{"rendered":"Damenarmband Rose"},"content":{"rendered":"<h3>Edelstahl mit echter Ros\u00e9gold Beschichtung<\/h3>\n<p>Aufgrund seiner H\u00e4rte und Haltbarkeit ist Edelstahl ein gro\u00dfartiges Metall f\u00fcr Schmuck.<\/p>\n<p>Die PVD-Beschichtung ist dank ihrer hohen Best\u00e4ndigkeit gegen Abrieb, Temperaturanomalien und Korrosion ein wertvolles Material f\u00fcr Armb\u00e4nder.<\/p>\n<h3>Rosenquarz<\/h3>\n<p>Dieser Stein ist ein Symbol f\u00fcr Liebe, Sch\u00f6nheit und Gesundheit. Er lehrt uns Geduld bei der L\u00f6sung von Problemen, Selbstliebe und gibt Kraft, denen zu vergeben, die uns verletzt haben. Er belebt Fantasie und kreatives Denken.<\/p>\n<p>Element: <strong>Erde<\/strong><\/p>\n<p>Sternzeichen:<strong> L\u00f6we, Skorpion, Widder, Krebs, Stier, Steinbock<\/strong><\/p>\n<p>Das Armband harmonisiert das Herzchakra.<\/p>\n<p><a href=\"https:\/\/trimakasi.eu\/wp-content\/uploads\/2020\/07\/\u010dakra4.jpg\"><img loading=\"lazy\" decoding=\"async\" class=\"alignnone size-full wp-image-83566\" src=\"https:\/\/trimakasi.eu\/wp-content\/uploads\/2020\/07\/\u010dakra4.jpg\" alt=\"Herzchakra\" width=\"79\" height=\"93\" srcset=\"https:\/\/trimakasi.eu\/wp-content\/uploads\/2020\/07\/\u010dakra4.jpg 79w, https:\/\/trimakasi.eu\/wp-content\/uploads\/2020\/07\/\u010dakra4-10x12.jpg 10w\" sizes=\"auto, (max-width: 79px) 100vw, 79px\" \/><\/a><\/p>\n<p><a href=\"https:\/\/trimakasi.eu\/de\/vlog\/\"><u>Besuchen Sie unseren Video-Blog und entdecken Sie die Verbindung zwischen Edelsteinen, Steinzeichen, Chakren und vieles mehr.<\/u><\/a><\/p>","protected":false},"excerpt":{"rendered":"<p>Sanfter Rosenquarz in Kombination mit ros\u00e9goldenen Accessoires unterstreicht Ihre Weichheit und Weiblichkeit. Hochwertiger Edelstahl mit sehr haltbarer Echtgold-PVD-Beschichtung.<br \/>\nW\u00e4hlen Sie Armb\u00e4nder entsprechend der Gr\u00f6\u00dfe Ihres Handgelenkumfangs aus.\u00a0<a href=\"https:\/\/trimakasi.eu\/de\/wie-man-die-armbandgrose-wahlt\/\">Anweisungen zur korrekten Bestimmung der Gr\u00f6\u00dfe finden Sie hier.<\/a>\u00a0Die luxuri\u00f6se schwarze Verpackung ist f\u00fcr Sie kostenlos!<\/p>","protected":false},"featured_media":75624,"comment_status":"open","ping_status":"closed","template":"","meta":{"_acf_changed":false,"_themeisle_gutenberg_block_has_review":false},"product_brand":[],"product_cat":[1687,568,553],"product_tag":[],"class_list":{"0":"post-75466","1":"product","2":"type-product","3":"status-publish","4":"has-post-thumbnail","6":"product_cat-elastic-bracelets","7":"product_cat-premium-bracelets-for-women","8":"product_cat-womens-jewellery","10":"first","11":"instock","12":"taxable","13":"shipping-taxable","14":"purchasable","15":"product-type-variable","16":"has-default-attributes"},"acf":[],"_links":{"self":[{"href":"https:\/\/trimakasi.eu\/de\/wp-json\/wp\/v2\/product\/75466","targetHints":{"allow":["GET"]}}],"collection":[{"href":"https:\/\/trimakasi.eu\/de\/wp-json\/wp\/v2\/product"}],"about":[{"href":"https:\/\/trimakasi.eu\/de\/wp-json\/wp\/v2\/types\/product"}],"replies":[{"embeddable":true,"href":"https:\/\/trimakasi.eu\/de\/wp-json\/wp\/v2\/comments?post=75466"}],"wp:featuredmedia":[{"embeddable":true,"href":"https:\/\/trimakasi.eu\/de\/wp-json\/wp\/v2\/media\/75624"}],"wp:attachment":[{"href":"https:\/\/trimakasi.eu\/de\/wp-json\/wp\/v2\/media?parent=75466"}],"wp:term":[{"taxonomy":"product_brand","embeddable":true,"href":"https:\/\/trimakasi.eu\/de\/wp-json\/wp\/v2\/product_brand?post=75466"},{"taxonomy":"product_cat","embeddable":true,"href":"https:\/\/trimakasi.eu\/de\/wp-json\/wp\/v2\/product_cat?post=75466"},{"taxonomy":"product_tag","embeddable":true,"href":"https:\/\/trimakasi.eu\/de\/wp-json\/wp\/v2\/product_tag?post=75466"}],"curies":[{"name":"wp","href":"https:\/\/api.w.org\/{rel}","templated":true}]}}