{"id":75163,"date":"2023-10-08T23:19:14","date_gmt":"2023-10-08T21:19:14","guid":{"rendered":"https:\/\/trimakasi.eu\/?post_type=product&#038;p=75163"},"modified":"2026-03-08T16:19:13","modified_gmt":"2026-03-08T15:19:13","slug":"havok-herrenarmband","status":"publish","type":"product","link":"https:\/\/trimakasi.eu\/de\/product\/havok-mens-bracelet\/","title":{"rendered":"Herrenarmband Havok"},"content":{"rendered":"<h3>Edelstahl mit schwarzer PVD-Beschichtung<\/h3>\n<p>Aufgrund seiner H\u00e4rte und Haltbarkeit ist Edelstahl ein gro\u00dfartiges Metall f\u00fcr Schmuck.<br \/>\nDie PVD-Beschichtung ist aufgrund ihrer hohen Best\u00e4ndigkeit gegen Abrieb, Temperaturanomalien und Korrosion eine hervorragende L\u00f6sung f\u00fcr Armb\u00e4nder.<\/p>\n<h3><a href=\"https:\/\/trimakasi.eu\/de\/product\/black-matte-agate\/\">Schwarzer matter Onyx<\/a><\/h3>\n<p>Schwarzer Onyx hat die F\u00e4higkeit, die Willenskraft seines Besitzers zu steigern und hilft ihm, Problemen mutig zu begegnen. Es hilft uns, L\u00f6sungen zu finden, anstatt Probleme zu suchen und den Gedanken des Aufgebens zu vertreiben.<\/p>\n<h3 class=\"LC20lb\"><a href=\"https:\/\/trimakasi.eu\/de\/product\/trimakasi-bracelet-northern-light\/\">Labradorit<\/a><\/h3>\n<p>Es ist ein Stein von Schamanen, Druiden, Heilern und allen, die ein tieferes Verst\u00e4ndnis dieser Welt und tieferes spirituelles Wissen suchen. Labradorit entz\u00fcndet das Feuer der kreativen Vorstellungskraft und beruhigt den Geist von Angst und Angst.<\/p>\n<h3><a href=\"https:\/\/trimakasi.eu\/de\/product\/lavastein\/\">Lavastein<\/a><\/h3>\n<p>Lavastein wird auch &quot;The Rebirth Stone&quot; genannt, weil er den Tr\u00e4gern helfen kann, unn\u00f6tige und ungesunde Emotionen loszuwerden. Lavastein h\u00e4lt uns geistig stabil und hilft uns, die Wut zu senken.<\/p>\n<p>Element: <strong>Alle Elemente<\/strong><\/p>\n<p>Sternzeichen: <strong>Jedes Schild kann vom Erdungseffekt des Lavasteins profitieren<\/strong><\/p>\n<p>Armband harmonisiert alle Chakren dank Labradorit.<\/p>\n<p><a href=\"https:\/\/trimakasi.eu\/de\/vlog\/\"><u>Besuchen Sie unseren Video-Blog und entdecken Sie die Verbindung zwischen Edelsteinen, Steinzeichen, Chakren und vieles mehr.<\/u><\/a><\/p>","protected":false},"excerpt":{"rendered":"<p>Die Kombination aus drei matten Edelsteinen: schwarzer Onyx, Lavastein und Labradorit! Hochwertiger Edelstahl mit sehr haltbarer schwarzer PVD-Beschichtung.<br \/>\nW\u00e4hlen Sie Armb\u00e4nder entsprechend der Gr\u00f6\u00dfe Ihres Handgelenkumfangs aus.\u00a0<a href=\"https:\/\/trimakasi.eu\/de\/wie-man-die-armbandgrose-wahlt\/\">Anweisungen zur korrekten Bestimmung der Gr\u00f6\u00dfe finden Sie hier.<\/a>\u00a0Die luxuri\u00f6se schwarze Verpackung ist f\u00fcr Sie kostenlos!<\/p>","protected":false},"featured_media":75246,"comment_status":"open","ping_status":"closed","template":"","meta":{"_acf_changed":false,"_themeisle_gutenberg_block_has_review":false},"product_brand":[],"product_cat":[1714,1687,1064,1067],"product_tag":[],"class_list":{"0":"post-75163","1":"product","2":"type-product","3":"status-publish","4":"has-post-thumbnail","6":"product_cat-jewellery-discounts","7":"product_cat-elastic-bracelets","8":"product_cat-mens-jewellery","9":"product_cat-premium-bracelets-for-men","11":"first","12":"instock","13":"sale","14":"taxable","15":"shipping-taxable","16":"purchasable","17":"product-type-variable","18":"has-default-attributes"},"acf":[],"_links":{"self":[{"href":"https:\/\/trimakasi.eu\/de\/wp-json\/wp\/v2\/product\/75163","targetHints":{"allow":["GET"]}}],"collection":[{"href":"https:\/\/trimakasi.eu\/de\/wp-json\/wp\/v2\/product"}],"about":[{"href":"https:\/\/trimakasi.eu\/de\/wp-json\/wp\/v2\/types\/product"}],"replies":[{"embeddable":true,"href":"https:\/\/trimakasi.eu\/de\/wp-json\/wp\/v2\/comments?post=75163"}],"wp:featuredmedia":[{"embeddable":true,"href":"https:\/\/trimakasi.eu\/de\/wp-json\/wp\/v2\/media\/75246"}],"wp:attachment":[{"href":"https:\/\/trimakasi.eu\/de\/wp-json\/wp\/v2\/media?parent=75163"}],"wp:term":[{"taxonomy":"product_brand","embeddable":true,"href":"https:\/\/trimakasi.eu\/de\/wp-json\/wp\/v2\/product_brand?post=75163"},{"taxonomy":"product_cat","embeddable":true,"href":"https:\/\/trimakasi.eu\/de\/wp-json\/wp\/v2\/product_cat?post=75163"},{"taxonomy":"product_tag","embeddable":true,"href":"https:\/\/trimakasi.eu\/de\/wp-json\/wp\/v2\/product_tag?post=75163"}],"curies":[{"name":"wp","href":"https:\/\/api.w.org\/{rel}","templated":true}]}}