{"id":75136,"date":"2019-11-08T18:44:16","date_gmt":"2019-11-08T17:44:16","guid":{"rendered":"https:\/\/trimakasi.eu\/?post_type=product&#038;p=75136"},"modified":"2024-06-28T22:18:41","modified_gmt":"2024-06-28T20:18:41","slug":"caligraphy-herren-armband","status":"publish","type":"product","link":"https:\/\/trimakasi.eu\/de\/product\/caligraphy-mens-bracelet\/","title":{"rendered":"Herrenarmband Caligraphy"},"content":{"rendered":"<h3>Edelstahl mit PVD-Beschichtung aus echtem Gold<\/h3>\n<div>Aufgrund seiner H\u00e4rte und Haltbarkeit ist Edelstahl ein gro\u00dfartiges Metall f\u00fcr Schmuck.<\/div>\n<div>Die PVD-Beschichtung ist dank ihrer hohen Best\u00e4ndigkeit gegen Abrieb, Temperaturanomalien und Korrosion ein wertvolles Material f\u00fcr Armb\u00e4nder.<\/div>\n<h3>Elefantenhaut Jaspis<\/h3>\n<p>Auch bekannt als \u201eJasper Elephant Skin\u201c oder \u201eCalligraphic Stone\u201c.<\/p>\n<p>Dieses Mineral stammt aus dem indischen Teil des Himalaya-Gebirges, wo es als Stein des Wohlstands und auch in Ritualen verwendet wird, um Karma von Traumata aus vergangenen Leben zu reinigen. Er besteht aus H\u00e4matit, Eisen und vor allem versteinerten Muscheln und Vegetation, die diesem Stein urspr\u00fcngliche Farbmuster verleihen.<\/p>\n<p>Miriam Jaspis hilft, mit Stresssituationen umzugehen und hilft auch, eine positive und ausgeglichene Einstellung zu bewahren. Dieser Stein kann uns helfen, die Einsamkeit zu \u00fcberwinden. Es bringt Freude an der Natur und lehrt uns, die \u00e4ltere, langsamere Lebensweise zu genie\u00dfen. Es wird als Amulett f\u00fcr Vielreisende verwendet (insbesondere f\u00fcr aktive Fahrer zum Schutz vor Unf\u00e4llen).<\/p>\n<p>Element: <strong>Erde<\/strong><\/p>\n<p>Sternzeichen: <strong>Widder<\/strong><\/p>\n<p>Armband Harmozis: Wurzelchakra, Sakralchakra und Solarplexus-Chakra<br \/>\n<img loading=\"lazy\" decoding=\"async\" class=\"alignnone wp-image-72742 lazyloaded\" src=\"https:\/\/trimakasi.cz\/wp-content\/uploads\/2018\/08\/%C4%8Dakra1.jpg\" alt=\"Z\u00e1kladn\u00ed \u010dakra\" width=\"68\" height=\"74\" data-lazy-src=\"https:\/\/trimakasi.cz\/wp-content\/uploads\/2018\/08\/\u010dakra1.jpg\" data-was-processed=\"true\" \/><img loading=\"lazy\" decoding=\"async\" class=\"alignnone wp-image-72744 lazyloaded\" src=\"https:\/\/trimakasi.cz\/wp-content\/uploads\/2018\/07\/%C4%8Dakra2.jpg\" alt=\"Sakr\u00e1ln\u00ed \u010dakra\" width=\"66\" height=\"83\" data-lazy-src=\"https:\/\/trimakasi.cz\/wp-content\/uploads\/2018\/07\/\u010dakra2.jpg\" data-was-processed=\"true\" \/><img loading=\"lazy\" decoding=\"async\" class=\"alignnone wp-image-72745 lazyloaded\" src=\"https:\/\/trimakasi.cz\/wp-content\/uploads\/2018\/07\/%C4%8Dakra3.jpg\" alt=\"Solarplexus \u010dakra\" width=\"63\" height=\"70\" data-lazy-src=\"https:\/\/trimakasi.cz\/wp-content\/uploads\/2018\/07\/\u010dakra3.jpg\" data-was-processed=\"true\" \/><\/p>\n<p><a href=\"https:\/\/trimakasi.eu\/de\/vlog\/\"><u>Besuchen Sie unseren Video-Blog und entdecken Sie die Verbindung zwischen Edelsteinen, Steinzeichen, Chakren und vieles mehr.<\/u><\/a><\/p>","protected":false},"excerpt":{"rendered":"<p id=\"tw-target-text\" class=\"tw-data-text tw-text-large tw-ta\" dir=\"ltr\" data-placeholder=\"P\u0159eklad\">Extravagantes Herrenarmband, das alle Blicke auf sich ziehen wird! Miriam Jaspis und hochwertiger Edelstahl mit sehr haltbarer Echtgold PVD Beschichtung.<\/p>\n<p>W\u00e4hlen Sie Armb\u00e4nder entsprechend der Gr\u00f6\u00dfe Ihres Handgelenkumfangs aus.\u00a0<a href=\"https:\/\/trimakasi.eu\/de\/wie-man-die-armbandgrose-wahlt\/\">Anweisungen zur korrekten Bestimmung der Gr\u00f6\u00dfe finden Sie hier.<\/a>\u00a0Die luxuri\u00f6se schwarze Verpackung ist f\u00fcr Sie kostenlos!<\/p>","protected":false},"featured_media":75274,"comment_status":"open","ping_status":"closed","template":"","meta":{"_acf_changed":false,"_themeisle_gutenberg_block_has_review":false},"product_brand":[],"product_cat":[1687,1064,1067],"product_tag":[],"class_list":{"0":"post-75136","1":"product","2":"type-product","3":"status-publish","4":"has-post-thumbnail","6":"product_cat-elastic-bracelets","7":"product_cat-mens-jewellery","8":"product_cat-premium-bracelets-for-men","10":"first","11":"instock","12":"taxable","13":"shipping-taxable","14":"purchasable","15":"product-type-variable","16":"has-default-attributes"},"acf":[],"_links":{"self":[{"href":"https:\/\/trimakasi.eu\/de\/wp-json\/wp\/v2\/product\/75136","targetHints":{"allow":["GET"]}}],"collection":[{"href":"https:\/\/trimakasi.eu\/de\/wp-json\/wp\/v2\/product"}],"about":[{"href":"https:\/\/trimakasi.eu\/de\/wp-json\/wp\/v2\/types\/product"}],"replies":[{"embeddable":true,"href":"https:\/\/trimakasi.eu\/de\/wp-json\/wp\/v2\/comments?post=75136"}],"wp:featuredmedia":[{"embeddable":true,"href":"https:\/\/trimakasi.eu\/de\/wp-json\/wp\/v2\/media\/75274"}],"wp:attachment":[{"href":"https:\/\/trimakasi.eu\/de\/wp-json\/wp\/v2\/media?parent=75136"}],"wp:term":[{"taxonomy":"product_brand","embeddable":true,"href":"https:\/\/trimakasi.eu\/de\/wp-json\/wp\/v2\/product_brand?post=75136"},{"taxonomy":"product_cat","embeddable":true,"href":"https:\/\/trimakasi.eu\/de\/wp-json\/wp\/v2\/product_cat?post=75136"},{"taxonomy":"product_tag","embeddable":true,"href":"https:\/\/trimakasi.eu\/de\/wp-json\/wp\/v2\/product_tag?post=75136"}],"curies":[{"name":"wp","href":"https:\/\/api.w.org\/{rel}","templated":true}]}}