{"id":75103,"date":"2019-11-06T15:17:43","date_gmt":"2019-11-06T14:17:43","guid":{"rendered":"https:\/\/trimakasi.eu\/?post_type=product&#038;p=75103"},"modified":"2025-12-24T12:36:40","modified_gmt":"2025-12-24T11:36:40","slug":"lasward-herrenarmband","status":"publish","type":"product","link":"https:\/\/trimakasi.eu\/de\/product\/lasward-mens-bracelet\/","title":{"rendered":"Herrenarmband Lasward"},"content":{"rendered":"<h3>PVD-vergoldeter Edelstahl<\/h3>\n<div>Aufgrund seiner H\u00e4rte und Haltbarkeit ist Edelstahl ein gro\u00dfartiges Metall f\u00fcr Schmuck.<\/div>\n<div>Die PVD-Beschichtung ist dank ihrer hohen Best\u00e4ndigkeit gegen Abrieb, Temperaturanomalien und Korrosion ein wertvolles Material f\u00fcr Armb\u00e4nder.<\/div>\n<h3>Lazurit - Lapislazuli<\/h3>\n<p>Der Name entstand aus der Kombination des lateinischen Wortes \u201eLapis\u201c, das Stein bedeutet, mit dem persischen Wort \u201eLazhward\u201c, das auf die blaue Farbe hinweist.<\/p>\n<p>Dies ist einer der \u00e4ltesten Edelsteine, die die Menschheit entdeckt hat! Es wurde zum Beispiel im alten \u00c4gypten zur Herstellung von Schmuck und Amuletten sowie zur Herstellung von ersten Kosmetika f\u00fcr Frauen verwendet. Dieser Stein stellte dort die ganze Liste der guten Eigenschaften dar, aber vor allem wurde Lapislazuli \u201eStein des Himmels\u201c genannt. Seine tiefblaue Farbe symbolisierte einen indigofarbenen Nachthimmel und die wei\u00dfgoldenen Flecken symbolisierten unsterbliche Sterne.<\/p>\n<p>\u00c4gyptische Richter zum Beispiel trugen diesen Stein um den Hals h\u00e4ngend mit der Aufschrift \u201ewahr\u201c. Dieser edle Stein ziert auch die Obduktionsmaske eines der ber\u00fchmtesten Pharaonen \u2013 Tutanchamun.<\/p>\n<p>Lapis gilt als traditioneller Heilstein, der giftige Substanzen im K\u00f6rper neutralisieren und das Blut reinigen soll. Aus spiritueller Sicht kann es als Schutzstein gegen negative Energie verwendet werden.<\/p>\n<p>Sternzeichen: <strong>Sch\u00fctze, Wassermann, Waage<\/strong><\/p>\n<p>Element: <strong>Wasser<\/strong><\/p>\n<p>Das Armband harmonisiert das Hals-Chakra und das Third-Eye-Chakra<\/p>\n<p><a href=\"https:\/\/trimakasi.eu\/wp-content\/uploads\/\u010dakra5.jpg\"><img loading=\"lazy\" decoding=\"async\" class=\"alignnone size-full wp-image-138515\" src=\"https:\/\/trimakasi.eu\/wp-content\/uploads\/\u010dakra5.jpg\" alt=\"Halschakra\" width=\"81\" height=\"87\" srcset=\"https:\/\/trimakasi.eu\/wp-content\/uploads\/\u010dakra5.jpg 81w, https:\/\/trimakasi.eu\/wp-content\/uploads\/\u010dakra5-11x12.jpg 11w\" sizes=\"auto, (max-width: 81px) 100vw, 81px\" \/><\/a><a href=\"https:\/\/trimakasi.eu\/wp-content\/uploads\/\u010dakra6.jpg\"><img loading=\"lazy\" decoding=\"async\" class=\"alignnone size-full wp-image-138516\" src=\"https:\/\/trimakasi.eu\/wp-content\/uploads\/\u010dakra6.jpg\" alt=\"Chakra des dritten Auges\" width=\"103\" height=\"98\" srcset=\"https:\/\/trimakasi.eu\/wp-content\/uploads\/\u010dakra6.jpg 103w, https:\/\/trimakasi.eu\/wp-content\/uploads\/\u010dakra6-13x12.jpg 13w\" sizes=\"auto, (max-width: 103px) 100vw, 103px\" \/><\/a><\/p>\n<p><a href=\"https:\/\/trimakasi.eu\/de\/vlog\/\"><u>Besuchen Sie unseren Video-Blog und entdecken Sie die Verbindung zwischen Edelsteinen, Steinzeichen, Chakren und vieles mehr.<\/u><\/a><\/p>","protected":false},"excerpt":{"rendered":"<p id=\"tw-target-text\" class=\"tw-data-text tw-text-large tw-ta\" dir=\"ltr\" data-placeholder=\"P\u0159eklad\">L\u00e1pis Lazuli \u2013 dieser mysteri\u00f6se tiefblaue Stein in der matten Version wird manchmal als \u201eStein der Magier\u201c bezeichnet. Hochwertiger Edelstahl mit sehr langlebiger PVD-Beschichtung.<\/p>\n<p>W\u00e4hlen Sie ein Armband nach Gr\u00f6\u00dfe und Farbe der Metallteile.\u00a0<a href=\"https:\/\/trimakasi.eu\/de\/wie-man-die-armbandgrose-wahlt\/\">Anweisungen zur korrekten Bestimmung der Gr\u00f6\u00dfe finden Sie hier.<\/a>\u00a0Die luxuri\u00f6se schwarze Verpackung ist f\u00fcr Sie kostenlos!<\/p>","protected":false},"featured_media":75296,"comment_status":"open","ping_status":"closed","template":"","meta":{"_acf_changed":false,"_themeisle_gutenberg_block_has_review":false},"product_brand":[],"product_cat":[1687,1064,1067],"product_tag":[],"class_list":{"0":"post-75103","1":"product","2":"type-product","3":"status-publish","4":"has-post-thumbnail","6":"product_cat-elastic-bracelets","7":"product_cat-mens-jewellery","8":"product_cat-premium-bracelets-for-men","10":"first","11":"instock","12":"taxable","13":"shipping-taxable","14":"purchasable","15":"product-type-variable","16":"has-default-attributes"},"acf":[],"_links":{"self":[{"href":"https:\/\/trimakasi.eu\/de\/wp-json\/wp\/v2\/product\/75103","targetHints":{"allow":["GET"]}}],"collection":[{"href":"https:\/\/trimakasi.eu\/de\/wp-json\/wp\/v2\/product"}],"about":[{"href":"https:\/\/trimakasi.eu\/de\/wp-json\/wp\/v2\/types\/product"}],"replies":[{"embeddable":true,"href":"https:\/\/trimakasi.eu\/de\/wp-json\/wp\/v2\/comments?post=75103"}],"wp:featuredmedia":[{"embeddable":true,"href":"https:\/\/trimakasi.eu\/de\/wp-json\/wp\/v2\/media\/75296"}],"wp:attachment":[{"href":"https:\/\/trimakasi.eu\/de\/wp-json\/wp\/v2\/media?parent=75103"}],"wp:term":[{"taxonomy":"product_brand","embeddable":true,"href":"https:\/\/trimakasi.eu\/de\/wp-json\/wp\/v2\/product_brand?post=75103"},{"taxonomy":"product_cat","embeddable":true,"href":"https:\/\/trimakasi.eu\/de\/wp-json\/wp\/v2\/product_cat?post=75103"},{"taxonomy":"product_tag","embeddable":true,"href":"https:\/\/trimakasi.eu\/de\/wp-json\/wp\/v2\/product_tag?post=75103"}],"curies":[{"name":"wp","href":"https:\/\/api.w.org\/{rel}","templated":true}]}}