{"id":75028,"date":"2019-11-05T18:07:05","date_gmt":"2019-11-05T17:07:05","guid":{"rendered":"https:\/\/trimakasi.eu\/?post_type=product&#038;p=75028"},"modified":"2025-06-15T11:27:54","modified_gmt":"2025-06-15T09:27:54","slug":"schwarz-matt-achat","status":"publish","type":"product","link":"https:\/\/trimakasi.eu\/de\/product\/black-matte-onyx\/","title":{"rendered":"Armband aus mattschwarzem Onyx"},"content":{"rendered":"<h3>Schwarzer Onyx \u2013 Wirkung<\/h3>\n<p>Onyx f\u00f6rdert allgemein die innere Stabilit\u00e4t, Ruhe und geistige Reife. Seine angenehmen Schwingungen haben sch\u00fctzende Eigenschaften und f\u00f6rdern das Selbstvertrauen und vermitteln zudem ein Gef\u00fchl der Sicherheit.<\/p>\n<p>Schwarzer Onyx hat die F\u00e4higkeit, die Willenskraft seines Besitzers zu steigern und hilft, auch in schwierigeren Situationen mutig bleiben. Es hilft uns, L\u00f6sungen zu finden, anstatt Probleme zu suchen. Schwarzer Onyx ist ein universeller Stein, der f\u00fcr fast alle Sternzeichen gut geeignet ist.<\/p>\n<p>Element: <strong>Feuer<\/strong><\/p>\n<p>Sternzeichen: <strong>Jungfrau, Zwillinge, Skorpion, Fische, Wassermann, Steinbock, Krebs, Stier, Widder<\/strong><\/p>\n<p>Das Armband harmonisiert das Wurzelchakra<\/p>\n<p><a href=\"https:\/\/trimakasi.eu\/wp-content\/uploads\/\u010dakra1.jpg\"><img loading=\"lazy\" decoding=\"async\" class=\"alignnone size-full wp-image-138513\" src=\"https:\/\/trimakasi.eu\/wp-content\/uploads\/\u010dakra1.jpg\" alt=\"Wurzelchakra\" width=\"81\" height=\"88\" srcset=\"https:\/\/trimakasi.eu\/wp-content\/uploads\/\u010dakra1.jpg 81w, https:\/\/trimakasi.eu\/wp-content\/uploads\/\u010dakra1-11x12.jpg 11w\" sizes=\"auto, (max-width: 81px) 100vw, 81px\" \/><\/a><\/p>\n<p><a href=\"https:\/\/trimakasi.eu\/de\/vlog\/\"><u>Besuchen Sie unseren Video-Blog und entdecken Sie die Verbindung zwischen Edelsteinen, Steinzeichen, Chakren und vieles mehr.<\/u><\/a><\/p>","protected":false},"excerpt":{"rendered":"<p>Eleganter, mattschwarzer Onyx ist ein tolles Modeaccessoire, das in letzter Zeit vor allem bei M\u00e4nnern beliebt ist. Erfahren Sie unten mehr \u00fcber die Eigenschaften dieses Steins.<\/p>\n<p>W\u00e4hlen Sie ein Armband nach Gr\u00f6\u00dfe und Farbe der letzten Perle.\u00a0<a href=\"https:\/\/trimakasi.eu\/de\/wie-man-die-armbandgrose-wahlt\/\">Anweisungen zur korrekten Bestimmung der Gr\u00f6\u00dfe finden Sie hier.<\/a><\/p>","protected":false},"featured_media":105129,"comment_status":"open","ping_status":"closed","template":"","meta":{"_acf_changed":false,"_themeisle_gutenberg_block_has_review":false},"product_brand":[],"product_cat":[1687,1064,554,1068,553],"product_tag":[],"class_list":{"0":"post-75028","1":"product","2":"type-product","3":"status-publish","4":"has-post-thumbnail","6":"product_cat-elastic-bracelets","7":"product_cat-mens-jewellery","8":"product_cat-natural-gemstone-bracelets","9":"product_cat-natural-gemstone-bracelets-for-men","10":"product_cat-womens-jewellery","12":"first","13":"instock","14":"taxable","15":"shipping-taxable","16":"purchasable","17":"product-type-variable","18":"has-default-attributes"},"acf":[],"_links":{"self":[{"href":"https:\/\/trimakasi.eu\/de\/wp-json\/wp\/v2\/product\/75028","targetHints":{"allow":["GET"]}}],"collection":[{"href":"https:\/\/trimakasi.eu\/de\/wp-json\/wp\/v2\/product"}],"about":[{"href":"https:\/\/trimakasi.eu\/de\/wp-json\/wp\/v2\/types\/product"}],"replies":[{"embeddable":true,"href":"https:\/\/trimakasi.eu\/de\/wp-json\/wp\/v2\/comments?post=75028"}],"wp:featuredmedia":[{"embeddable":true,"href":"https:\/\/trimakasi.eu\/de\/wp-json\/wp\/v2\/media\/105129"}],"wp:attachment":[{"href":"https:\/\/trimakasi.eu\/de\/wp-json\/wp\/v2\/media?parent=75028"}],"wp:term":[{"taxonomy":"product_brand","embeddable":true,"href":"https:\/\/trimakasi.eu\/de\/wp-json\/wp\/v2\/product_brand?post=75028"},{"taxonomy":"product_cat","embeddable":true,"href":"https:\/\/trimakasi.eu\/de\/wp-json\/wp\/v2\/product_cat?post=75028"},{"taxonomy":"product_tag","embeddable":true,"href":"https:\/\/trimakasi.eu\/de\/wp-json\/wp\/v2\/product_tag?post=75028"}],"curies":[{"name":"wp","href":"https:\/\/api.w.org\/{rel}","templated":true}]}}