{"id":75021,"date":"2019-11-05T18:05:39","date_gmt":"2019-11-05T17:05:39","guid":{"rendered":"https:\/\/trimakasi.eu\/?post_type=product&#038;p=75021"},"modified":"2025-07-27T13:27:59","modified_gmt":"2025-07-27T11:27:59","slug":"primal-feuer-armband","status":"publish","type":"product","link":"https:\/\/trimakasi.eu\/de\/product\/primal-fire-bracelet\/","title":{"rendered":"Primal Fire Armband"},"content":{"rendered":"<h3>Feuer Element<\/h3>\n<div>Das Element Feuer regt die Lebenslust der Menschen an und ist Energiequelle f\u00fcr Fantasie und Tr\u00e4ume. Das Feuerelement verbrennt schlechte Gewohnheiten und l\u00e4sst Raum f\u00fcr das Positive.<\/div>\n<h3 class=\"product-title entry-title\"><a href=\"https:\/\/trimakasi.eu\/de\/product\/botswana-achat-matt\/\">Botswana-Achat<\/a><\/h3>\n<p>Botswana-Achat wird heute f\u00fcr seine F\u00e4higkeit gesch\u00e4tzt, uns dabei zu helfen, grundlegende Ver\u00e4nderungen in unserem Leben vorzunehmen und L\u00f6sungen zu sehen, anstatt Probleme zu finden. Achate f\u00f6rdern im Allgemeinen innere Stabilit\u00e4t, Ruhe und Reife.<\/p>\n<h3><a href=\"https:\/\/trimakasi.eu\/de\/product\/black-matte-agate\/\">Schwarzer matter Onyx<\/a><\/h3>\n<p>Onyx f\u00f6rdert allgemein die innere Stabilit\u00e4t, Ruhe und geistige Reife. Seine angenehmen Schwingungen haben sch\u00fctzende Eigenschaften und f\u00f6rdern das Selbstvertrauen und vermitteln zudem ein Gef\u00fchl der Sicherheit.<\/p>\n<h3><a href=\"https:\/\/trimakasi.eu\/de\/product\/lavastein\/\">Lavastein<\/a><\/h3>\n<p>Lava kommt direkt aus dem Erdkern und seine spirituelle Bedeutung besteht darin, die Natur zu erden und mit ihr zu verbinden.<\/p>\n<p id=\"tw-target-text\" class=\"tw-data-text tw-text-large tw-ta\" dir=\"ltr\" data-placeholder=\"P\u0159eklad\"><strong><span lang=\"en\" tabindex=\"0\">Urelementen <\/span><\/strong><\/p>\n<p class=\"tw-data-text tw-text-large tw-ta\" dir=\"ltr\" data-placeholder=\"P\u0159eklad\"><span lang=\"en\" tabindex=\"0\">Diese Kollektion von Armb\u00e4ndern ist von vier Grundelementen inspiriert, die das Gleichgewicht auf unserem Planeten aufrechterhalten: Feuer, Wasser, Erde und Luft. Die Verwendung von Lavastein, der in allen Armb\u00e4ndern dieser Ausgabe enthalten ist, symbolisiert die zeitliche R\u00fcckkehr zur st\u00e4rksten Essenz, der urspr\u00fcnglichen Essenz jedes Elements. Die Hauptessenz jedes dieser Elemente entstand in einer der vier Evolutionsstadien des Planeten Erde: <\/span><\/p>\n<p class=\"tw-data-text tw-text-large tw-ta\" dir=\"ltr\" data-placeholder=\"P\u0159eklad\"><span lang=\"en\" tabindex=\"0\"><a href=\"https:\/\/trimakasi.eu\/de\/product\/primal-feuer-armband\/\"><strong>Feuer Element<\/strong>:<\/a> Am Anfang wurde die Erde durch Chaos geformt, eine feurige H\u00f6lle, die einen geschmolzenen Kern der Erde schuf. Dies versorgte die Erde mit Schwerkraft und dank der Schwerkraft war es m\u00f6glich, die Atmosph\u00e4re auf der Erde zu erzeugen und sp\u00e4ter aufrechtzuerhalten. Das Feuerelement symbolisiert Chaos, Zerst\u00f6rung und Neuanfang.<\/span><\/p>\n<p id=\"tw-target-text\" class=\"tw-data-text tw-text-large tw-ta\" dir=\"ltr\" data-placeholder=\"P\u0159eklad\"><span lang=\"en\" tabindex=\"0\"><a href=\"https:\/\/trimakasi.eu\/de\/product\/primal-wasser-armband\/\"><strong>Wasser Element<\/strong><\/a>: Nachdem sich die Erdoberfl\u00e4che abgek\u00fchlt hatte, hatten sich die ersten Wolken und der erste Regen aus dem verdampften Wasser der Kometen gebildet und den Weltozean allm\u00e4hlich mit Wasser gef\u00fcllt. Wasser nahm fast die gesamte Erdoberfl\u00e4che ein und dominierte den Planeten. Wasser in seiner Tiefe sorgt f\u00fcr Frieden und ist ein Symbol f\u00fcr Ausdauer, denn der Wasserfluss findet immer seinen Weg zum Ziel. <\/span><\/p>\n<p class=\"tw-data-text tw-text-large tw-ta\" dir=\"ltr\" data-placeholder=\"P\u0159eklad\"><span lang=\"en\" tabindex=\"0\"><a href=\"https:\/\/trimakasi.eu\/de\/product\/primal-erde-armband\/\"><strong>Erd Element<\/strong><\/a>: Dank des Wassers konnte der erste Samen des Lebens auf der Erde keimen und der Planet wurde lebendig und gr\u00fcn. Das Element der Erde tr\u00e4gt die heilende Essenz des Lebens, die die Lebensenergie des menschlichen K\u00f6rpers wiederbelebt. <\/span><\/p>\n<p class=\"tw-data-text tw-text-large tw-ta\" dir=\"ltr\" data-placeholder=\"P\u0159eklad\"><span lang=\"en\" tabindex=\"0\"><a href=\"https:\/\/trimakasi.eu\/de\/product\/primal-luft-armband\/\"><strong>Luft Element<\/strong>:<\/a> Die Photosynthese fr\u00fcher Pflanzen und Algen hat eine Atmosph\u00e4re mit der Luft zum Atmen geschaffen - wie wir sie heute kennen. Das Element Luft symbolisiert Bewegung und Ver\u00e4nderung, und seine Energie wirkt sich positiv auf den menschlichen Geist aus.<\/span><\/p>\n<p>Sternzeichen: <strong>Passend f\u00fcr jedes Sternzeichen<\/strong><\/p>\n<p>Element: <strong>Feuer<\/strong><\/p>\n<p>Armband harmonisiert Wurzelchakra, Sakralchakra und Solarplexuschakra:<\/p>\n<p><a href=\"https:\/\/trimakasi.eu\/wp-content\/uploads\/\u010dakra1.jpg\"><img loading=\"lazy\" decoding=\"async\" class=\"alignnone size-full wp-image-138513\" src=\"https:\/\/trimakasi.eu\/wp-content\/uploads\/\u010dakra1.jpg\" alt=\"Wurzelchakra\" width=\"81\" height=\"88\" srcset=\"https:\/\/trimakasi.eu\/wp-content\/uploads\/\u010dakra1.jpg 81w, https:\/\/trimakasi.eu\/wp-content\/uploads\/\u010dakra1-11x12.jpg 11w\" sizes=\"auto, (max-width: 81px) 100vw, 81px\" \/><\/a><a href=\"https:\/\/trimakasi.eu\/wp-content\/uploads\/\u010dakra2.jpg\"><img loading=\"lazy\" decoding=\"async\" class=\"alignnone size-full wp-image-138514\" src=\"https:\/\/trimakasi.eu\/wp-content\/uploads\/\u010dakra2.jpg\" alt=\"Sakralchakra\" width=\"76\" height=\"96\" srcset=\"https:\/\/trimakasi.eu\/wp-content\/uploads\/\u010dakra2.jpg 76w, https:\/\/trimakasi.eu\/wp-content\/uploads\/\u010dakra2-10x12.jpg 10w\" sizes=\"auto, (max-width: 76px) 100vw, 76px\" \/><\/a><a href=\"https:\/\/trimakasi.eu\/wp-content\/uploads\/2020\/07\/\u010dakra3.jpg\"><img loading=\"lazy\" decoding=\"async\" class=\"alignnone size-full wp-image-83567\" src=\"https:\/\/trimakasi.eu\/wp-content\/uploads\/2020\/07\/\u010dakra3.jpg\" alt=\"Solarplexus-Chakra\" width=\"77\" height=\"86\" srcset=\"https:\/\/trimakasi.eu\/wp-content\/uploads\/2020\/07\/\u010dakra3.jpg 77w, https:\/\/trimakasi.eu\/wp-content\/uploads\/2020\/07\/\u010dakra3-11x12.jpg 11w\" sizes=\"auto, (max-width: 77px) 100vw, 77px\" \/><\/a><\/p>\n<p><a href=\"https:\/\/trimakasi.eu\/de\/vlog\/\"><u>Besuchen Sie unseren Video-Blog und entdecken Sie die Verbindung zwischen Edelsteinen, Steinzeichen, Chakren und vieles mehr.<\/u><\/a><\/p>","protected":false},"excerpt":{"rendered":"<p>Dieses Armband verbindet Sie mit dem Feuerelement,\u00a0<span lang=\"en\" tabindex=\"0\">regt Ihre Leidenschaft an und hilft Ihnen, einen Weg zu Ihren Zielen zu finden. Feuerelement verbrennt alles, was schon alt und nicht mehr nutzlich ist und hilft Ihnen bei Neuanf\u00e4ngen.<\/span>Erfahren Sie unten mehr \u00fcber die Eigenschaften dieses Armbands.<\/p>\n<p>W\u00e4hlen Sie ein Armband nach Gr\u00f6\u00dfe und Farbe der letzten Perle.\u00a0<a href=\"https:\/\/trimakasi.eu\/de\/wie-man-die-armbandgrose-wahlt\/\">Anweisungen zur korrekten Bestimmung der Gr\u00f6\u00dfe finden Sie hier.<\/a><\/p>","protected":false},"featured_media":75072,"comment_status":"open","ping_status":"closed","template":"","meta":{"_acf_changed":false,"_themeisle_gutenberg_block_has_review":false},"product_brand":[],"product_cat":[1687,1151,1064,1068,554,553],"product_tag":[],"class_list":{"0":"post-75021","1":"product","2":"type-product","3":"status-publish","4":"has-post-thumbnail","6":"product_cat-elastic-bracelets","7":"product_cat-element-edition-bracelets","8":"product_cat-mens-jewellery","9":"product_cat-natural-gemstone-bracelets-for-men","10":"product_cat-natural-gemstone-bracelets","11":"product_cat-womens-jewellery","13":"first","14":"instock","15":"taxable","16":"shipping-taxable","17":"purchasable","18":"product-type-variable","19":"has-default-attributes"},"acf":[],"_links":{"self":[{"href":"https:\/\/trimakasi.eu\/de\/wp-json\/wp\/v2\/product\/75021","targetHints":{"allow":["GET"]}}],"collection":[{"href":"https:\/\/trimakasi.eu\/de\/wp-json\/wp\/v2\/product"}],"about":[{"href":"https:\/\/trimakasi.eu\/de\/wp-json\/wp\/v2\/types\/product"}],"replies":[{"embeddable":true,"href":"https:\/\/trimakasi.eu\/de\/wp-json\/wp\/v2\/comments?post=75021"}],"wp:featuredmedia":[{"embeddable":true,"href":"https:\/\/trimakasi.eu\/de\/wp-json\/wp\/v2\/media\/75072"}],"wp:attachment":[{"href":"https:\/\/trimakasi.eu\/de\/wp-json\/wp\/v2\/media?parent=75021"}],"wp:term":[{"taxonomy":"product_brand","embeddable":true,"href":"https:\/\/trimakasi.eu\/de\/wp-json\/wp\/v2\/product_brand?post=75021"},{"taxonomy":"product_cat","embeddable":true,"href":"https:\/\/trimakasi.eu\/de\/wp-json\/wp\/v2\/product_cat?post=75021"},{"taxonomy":"product_tag","embeddable":true,"href":"https:\/\/trimakasi.eu\/de\/wp-json\/wp\/v2\/product_tag?post=75021"}],"curies":[{"name":"wp","href":"https:\/\/api.w.org\/{rel}","templated":true}]}}