{"id":74593,"date":"2024-03-23T13:44:46","date_gmt":"2024-03-23T12:44:46","guid":{"rendered":"https:\/\/trimakasi.eu\/product\/cerny-obsidian-naramek\/"},"modified":"2026-02-05T04:21:09","modified_gmt":"2026-02-05T03:21:09","slug":"schwarz-obsidian","status":"publish","type":"product","link":"https:\/\/trimakasi.eu\/de\/product\/black-obsidian\/","title":{"rendered":"Schwarzes Obsidian Armband"},"content":{"rendered":"<h3>Obsidian \u2013 Wirkung<\/h3>\n<p><span lang=\"en\" tabindex=\"0\">Obsidian ist eine spezielle Form von Naturglas, die durch die schnelle Abk\u00fchlung der hei\u00dfen Lava auf der Erdoberfl\u00e4che entsteht. Es wurde von der Menschheit seit der Steinzeit verwendet, als J\u00e4ger die Spitzen ihrer Waffen aus den scharfen Chips herstellten. Dieser Stein war auch\u00a0<\/span><span lang=\"en\" tabindex=\"0\">gesch\u00e4tzt unter den alten Azteken, die ihn \"Gottes Stein\" nannten. Ihr heiliger Dolch, der f\u00fcr ihren ber\u00fcchtigtes Ritual mit Menschenopfern als Gaben f\u00fcr die G\u00f6tter entworfen wurde, wurde aus diesem Stein hergestellt.<\/span><\/p>\n<p><span lang=\"en\" tabindex=\"0\">Schwarzer Onyx, schwarzer Turmalin und schwarzer Obsidian gelten aufgrund ihrer dunklen Farbe als traditionelle Schutzsteine. Sie k\u00f6nnen Sie mit der sch\u00fctzenden Atmosph\u00e4re umgeben, die die gesamte Negativit\u00e4t Ihrer Umgebung absorbiert. Vor allem helfen sie, negative Gedankenmuster zu \u00fcberwinden, die sich aus den schw\u00e4chsten und giftigsten Emotionen ergeben - aus Angst.<\/span><\/p>\n<p>Element: <strong>Feuer<\/strong><\/p>\n<p>Sternzeichen:\u00a0<strong>Sch\u00fctze, Skorpion<\/strong><\/p>\n<p>Das Armband harmonisiert das Wurzelchakra.<\/p>\n<p><a href=\"https:\/\/trimakasi.eu\/wp-content\/uploads\/\u010dakra1.jpg\"><img loading=\"lazy\" decoding=\"async\" class=\"alignnone size-full wp-image-138513\" src=\"https:\/\/trimakasi.eu\/wp-content\/uploads\/\u010dakra1.jpg\" alt=\"Wurzelchakra\" width=\"81\" height=\"88\" srcset=\"https:\/\/trimakasi.eu\/wp-content\/uploads\/\u010dakra1.jpg 81w, https:\/\/trimakasi.eu\/wp-content\/uploads\/\u010dakra1-11x12.jpg 11w\" sizes=\"auto, (max-width: 81px) 100vw, 81px\" \/><\/a><\/p>\n<p><a href=\"https:\/\/trimakasi.eu\/de\/vlog\/\"><u>Besuchen Sie unseren Video-Blog und entdecken Sie die Verbindung zwischen Edelsteinen, Steinzeichen, Chakren und vieles mehr.<\/u><\/a><\/p>","protected":false},"excerpt":{"rendered":"<p>Genie\u00dfen Sie die sch\u00fctzende Energie unseres schwarzen Obsidian-Armbands. Dieses aus echtem schwarzem Obsidian gefertigte Armband dient als starker Schutzschild gegen Negativit\u00e4t und hilft Ihnen, bei Ihren t\u00e4glichen Bem\u00fchungen geerdet und gesch\u00fctzt zu bleiben. Erfahren Sie unten mehr \u00fcber die Eigenschaften dieses Steins.<\/p>\n<p>W\u00e4hlen Sie ein Armband nach Gr\u00f6\u00dfe und Farbe der letzten Perle.\u00a0<a href=\"https:\/\/trimakasi.eu\/de\/wie-man-die-armbandgrose-wahlt\/\">Anweisungen zur korrekten Bestimmung der Gr\u00f6\u00dfe finden Sie hier.<\/a><\/p>","protected":false},"featured_media":105151,"comment_status":"open","ping_status":"closed","template":"","meta":{"_acf_changed":false,"_themeisle_gutenberg_block_has_review":false},"product_brand":[],"product_cat":[1687,1064,554,1068,553],"product_tag":[],"class_list":{"0":"post-74593","1":"product","2":"type-product","3":"status-publish","4":"has-post-thumbnail","6":"product_cat-elastic-bracelets","7":"product_cat-mens-jewellery","8":"product_cat-natural-gemstone-bracelets","9":"product_cat-natural-gemstone-bracelets-for-men","10":"product_cat-womens-jewellery","12":"first","13":"instock","14":"taxable","15":"shipping-taxable","16":"purchasable","17":"product-type-variable","18":"has-default-attributes"},"acf":[],"_links":{"self":[{"href":"https:\/\/trimakasi.eu\/de\/wp-json\/wp\/v2\/product\/74593","targetHints":{"allow":["GET"]}}],"collection":[{"href":"https:\/\/trimakasi.eu\/de\/wp-json\/wp\/v2\/product"}],"about":[{"href":"https:\/\/trimakasi.eu\/de\/wp-json\/wp\/v2\/types\/product"}],"replies":[{"embeddable":true,"href":"https:\/\/trimakasi.eu\/de\/wp-json\/wp\/v2\/comments?post=74593"}],"wp:featuredmedia":[{"embeddable":true,"href":"https:\/\/trimakasi.eu\/de\/wp-json\/wp\/v2\/media\/105151"}],"wp:attachment":[{"href":"https:\/\/trimakasi.eu\/de\/wp-json\/wp\/v2\/media?parent=74593"}],"wp:term":[{"taxonomy":"product_brand","embeddable":true,"href":"https:\/\/trimakasi.eu\/de\/wp-json\/wp\/v2\/product_brand?post=74593"},{"taxonomy":"product_cat","embeddable":true,"href":"https:\/\/trimakasi.eu\/de\/wp-json\/wp\/v2\/product_cat?post=74593"},{"taxonomy":"product_tag","embeddable":true,"href":"https:\/\/trimakasi.eu\/de\/wp-json\/wp\/v2\/product_tag?post=74593"}],"curies":[{"name":"wp","href":"https:\/\/api.w.org\/{rel}","templated":true}]}}