{"id":74568,"date":"2024-01-23T13:44:17","date_gmt":"2024-01-23T12:44:17","guid":{"rendered":"https:\/\/trimakasi.eu\/product\/macrame-naramek-classy-ruzenin\/"},"modified":"2024-08-14T12:03:42","modified_gmt":"2024-08-14T10:03:42","slug":"makramee-armband-fur-frauen-rosenquarz","status":"publish","type":"product","link":"https:\/\/trimakasi.eu\/de\/product\/macrame-bracelet-classy-rose-quartz\/","title":{"rendered":"Makramee Armband f\u00fcr Damen \u2013 Rosenquarz"},"content":{"rendered":"<h3>Rosenquarz<\/h3>\n<div id=\"tw-ob\" class=\"tw-src-ltr\">\n<div class=\"oSioSc\">\n<div id=\"tw-target\">\n<div id=\"kAz1tf\" class=\"g9WsWb\">\n<div id=\"tw-target-text-container\" class=\"tw-ta-container tw-nfl\">\n<p id=\"tw-target-text\" class=\"tw-data-text tw-ta tw-text-small\" dir=\"ltr\" data-placeholder=\"Translation\"><span lang=\"en\" tabindex=\"0\">Dieser Stein ist ein Symbol f\u00fcr Liebe, Sch\u00f6nheit und Gesundheit. Er lehrt uns Geduld bei der L\u00f6sung von Problemen, Selbstliebe und gibt Kraft, denen zu vergeben, die uns verletzt haben. Er belebt Fantasie und kreatives Denken.<\/span><\/p>\n<\/div>\n<\/div>\n<\/div>\n<\/div>\n<\/div>\n<p id=\"tw-target-text\" class=\"tw-data-text tw-ta tw-text-small\" dir=\"ltr\" data-placeholder=\"Translation\"><span lang=\"en\" tabindex=\"0\">Element: <strong>Erde <\/strong><\/span><\/p>\n<p class=\"tw-data-text tw-ta tw-text-small\" dir=\"ltr\" data-placeholder=\"Translation\"><span lang=\"en\" tabindex=\"0\">Sternzeichen:<strong> L\u00f6we, Skorpion, Widder, Krebs, Stier, Steinbock<\/strong><\/span><\/p>\n<p>Das Armband harmonisiert diese Chakren:<\/p>\n<p><img loading=\"lazy\" decoding=\"async\" class=\"alignnone wp-image-72746\" style=\"font-size: 14.4px;\" src=\"https:\/\/trimakasi.cz\/wp-content\/uploads\/2018\/07\/\u010dakra4.jpg\" alt=\"\" width=\"66\" height=\"77\" \/><\/p>\n<p><a href=\"https:\/\/trimakasi.eu\/de\/vlog\/\"><u>Besuchen Sie unseren Video-Blog und entdecken Sie die Verbindung zwischen Edelsteinen, Steinzeichen, Chakren und vieles mehr.<\/u><\/a><\/p>","protected":false},"excerpt":{"rendered":"<p>Dezentes Armband f\u00fcr Damen aus hochwertiger Nylonschnur und nat\u00fcrlicher Edelsteinperle Rosenquarz.<\/p>\n<p>Es ist in der Gr\u00f6\u00dfe verstellbar und passt daher jeder Frau.<\/p>\n<p>Erfahren Sie unten mehr \u00fcber den Rosenquarz-Edelstein.<\/p>","protected":false},"featured_media":174303,"comment_status":"open","ping_status":"closed","template":"","meta":{"_acf_changed":false,"_themeisle_gutenberg_block_has_review":false},"product_brand":[],"product_cat":[570,569,1689,553],"product_tag":[],"class_list":{"0":"post-74568","1":"product","2":"type-product","3":"status-publish","4":"has-post-thumbnail","6":"product_cat-braided-bracelets-for-women","7":"product_cat-minimalist-jewellery-for-women","8":"product_cat-simple-bracelets","9":"product_cat-womens-jewellery","11":"first","12":"instock","13":"taxable","14":"shipping-taxable","15":"purchasable","16":"product-type-simple"},"acf":[],"_links":{"self":[{"href":"https:\/\/trimakasi.eu\/de\/wp-json\/wp\/v2\/product\/74568","targetHints":{"allow":["GET"]}}],"collection":[{"href":"https:\/\/trimakasi.eu\/de\/wp-json\/wp\/v2\/product"}],"about":[{"href":"https:\/\/trimakasi.eu\/de\/wp-json\/wp\/v2\/types\/product"}],"replies":[{"embeddable":true,"href":"https:\/\/trimakasi.eu\/de\/wp-json\/wp\/v2\/comments?post=74568"}],"wp:featuredmedia":[{"embeddable":true,"href":"https:\/\/trimakasi.eu\/de\/wp-json\/wp\/v2\/media\/174303"}],"wp:attachment":[{"href":"https:\/\/trimakasi.eu\/de\/wp-json\/wp\/v2\/media?parent=74568"}],"wp:term":[{"taxonomy":"product_brand","embeddable":true,"href":"https:\/\/trimakasi.eu\/de\/wp-json\/wp\/v2\/product_brand?post=74568"},{"taxonomy":"product_cat","embeddable":true,"href":"https:\/\/trimakasi.eu\/de\/wp-json\/wp\/v2\/product_cat?post=74568"},{"taxonomy":"product_tag","embeddable":true,"href":"https:\/\/trimakasi.eu\/de\/wp-json\/wp\/v2\/product_tag?post=74568"}],"curies":[{"name":"wp","href":"https:\/\/api.w.org\/{rel}","templated":true}]}}