{"id":74305,"date":"2019-05-23T13:38:41","date_gmt":"2019-05-23T11:38:41","guid":{"rendered":"https:\/\/trimakasi.eu\/product\/zeleny-jadeit-naramek\/"},"modified":"2025-07-28T14:41:24","modified_gmt":"2025-07-28T12:41:24","slug":"grune-jade","status":"publish","type":"product","link":"https:\/\/trimakasi.eu\/de\/product\/green-jade\/","title":{"rendered":"Gr\u00fcner Jade Armband"},"content":{"rendered":"<h3>Gr\u00fcne Jade \u2013 Wirkung<\/h3>\n<p>Gr\u00fcne Jade ist ein sehr starker Reinigungsstein, der negative Gedanken und Reizbarkeit vertreibt. Das Tragen von Jade als Talisman soll vor Misserfolg und Ungl\u00fcck sch\u00fctzen. Gr\u00fcne Jade soll universell vor Krankheiten sch\u00fctzen, indem sie die Lebenskr\u00e4fte des menschlichen K\u00f6rpers st\u00e4rkt. Wegen seiner verj\u00fcngenden Wirkung tr\u00e4gt er den Spitznamen \u201eDer Stein der ewigen Jugend\u201c. In Asien,<\/p>\n<p id=\"tw-target-text\" class=\"tw-data-text tw-ta tw-text-small\" dir=\"ltr\" data-placeholder=\"Translation\"><span lang=\"en\" tabindex=\"0\">In Asien wurde Jade immer als Edelstein verehrt, da die Chinesen glaubten, dass Jade ein Heilmittel gegen alle Krankheiten sei und dieser Stein daher der Grundstein der chinesischen Medizin war. Jade wurde auch in verschiedene Amulette und Skulpturen geschnitzt, von denen die ber\u00fchmtesten die Drachenskulpturen sind, die den Palast des chinesischen Kaisers schm\u00fcckten.<\/span><\/p>\n<p>Element: <strong>Erde<\/strong><\/p>\n<p>Sternzeichen: <strong>Jungfrau, Widder, Stier und Waage<\/strong><\/p>\n<p>Armband harmonisiert das Herzchakra:<\/p>\n<p><img loading=\"lazy\" decoding=\"async\" class=\"alignnone wp-image-72746\" src=\"https:\/\/trimakasi.cz\/wp-content\/uploads\/2018\/07\/\u010dakra4.jpg\" alt=\"Srde\u010dn\u00ed \u010dakra\" width=\"74\" height=\"87\" \/><u><\/u><\/p>\n<p><a href=\"https:\/\/trimakasi.eu\/de\/vlog\/\"><u>Besuchen Sie unseren Video-Blog und entdecken Sie die Verbindung zwischen Edelsteinen, Steinzeichen, Chakren und vieles mehr.<\/u><\/a><\/p>","protected":false},"excerpt":{"rendered":"<p>Gr\u00fcne Jade gilt traditionell als einer der edelsten Heilsteine und ist in Asien unter dem Pseudonym \u201eDer Stein der ewigen Jugend\u201c bekannt. Unsere gr\u00fcne Jade hat eine exklusive matte Oberfl\u00e4che.Erfahren Sie unten mehr \u00fcber die Eigenschaften dieses Steins.<\/p>\n<p>W\u00e4hlen Sie ein Armband nach Gr\u00f6\u00dfe und Farbe der letzten Perle.\u00a0<a href=\"https:\/\/trimakasi.eu\/de\/wie-man-die-armbandgrose-wahlt\/\">Anweisungen zur korrekten Bestimmung der Gr\u00f6\u00dfe finden Sie hier.<\/a><\/p>","protected":false},"featured_media":105008,"comment_status":"open","ping_status":"closed","template":"","meta":{"_acf_changed":false,"_themeisle_gutenberg_block_has_review":false},"product_brand":[],"product_cat":[1687,1064,554,1068,553],"product_tag":[],"class_list":{"0":"post-74305","1":"product","2":"type-product","3":"status-publish","4":"has-post-thumbnail","6":"product_cat-elastic-bracelets","7":"product_cat-mens-jewellery","8":"product_cat-natural-gemstone-bracelets","9":"product_cat-natural-gemstone-bracelets-for-men","10":"product_cat-womens-jewellery","12":"first","13":"instock","14":"taxable","15":"shipping-taxable","16":"purchasable","17":"product-type-variable","18":"has-default-attributes"},"acf":[],"_links":{"self":[{"href":"https:\/\/trimakasi.eu\/de\/wp-json\/wp\/v2\/product\/74305","targetHints":{"allow":["GET"]}}],"collection":[{"href":"https:\/\/trimakasi.eu\/de\/wp-json\/wp\/v2\/product"}],"about":[{"href":"https:\/\/trimakasi.eu\/de\/wp-json\/wp\/v2\/types\/product"}],"replies":[{"embeddable":true,"href":"https:\/\/trimakasi.eu\/de\/wp-json\/wp\/v2\/comments?post=74305"}],"wp:featuredmedia":[{"embeddable":true,"href":"https:\/\/trimakasi.eu\/de\/wp-json\/wp\/v2\/media\/105008"}],"wp:attachment":[{"href":"https:\/\/trimakasi.eu\/de\/wp-json\/wp\/v2\/media?parent=74305"}],"wp:term":[{"taxonomy":"product_brand","embeddable":true,"href":"https:\/\/trimakasi.eu\/de\/wp-json\/wp\/v2\/product_brand?post=74305"},{"taxonomy":"product_cat","embeddable":true,"href":"https:\/\/trimakasi.eu\/de\/wp-json\/wp\/v2\/product_cat?post=74305"},{"taxonomy":"product_tag","embeddable":true,"href":"https:\/\/trimakasi.eu\/de\/wp-json\/wp\/v2\/product_tag?post=74305"}],"curies":[{"name":"wp","href":"https:\/\/api.w.org\/{rel}","templated":true}]}}