{"id":74290,"date":"2019-05-23T13:38:17","date_gmt":"2019-05-23T11:38:17","guid":{"rendered":"https:\/\/trimakasi.eu\/product\/dumortierit-naramek\/"},"modified":"2025-12-24T12:36:41","modified_gmt":"2025-12-24T11:36:41","slug":"dumortierit-armband","status":"publish","type":"product","link":"https:\/\/trimakasi.eu\/de\/product\/dumortierite-bracelet\/","title":{"rendered":"Dumortierit Armband"},"content":{"rendered":"<h3>Dumortierit \u2013 Wirkung<\/h3>\n<p>Denimblaue Dumortierit f\u00f6rdert eine positive Lebenseinstellung und hilft uns, f\u00fcr immer jung zu bleiben. Es ist ein Stein der Geduld, der die T\u00fcr zu unserer Intuition \u00f6ffnet. Wenn Sie chaotisch und ungeordnet sind, hilft Ihnen dieser Edelstein, Ihr Leben wieder unter Kontrolle zu bringen. Dieses Mineral kann helfen, Angst, Sch\u00fcchternheit, Stress, Phobie, Schlaflosigkeit, Panik, Depression oder Sturheit zu heilen. Es ist auch sehr n\u00fctzlich f\u00fcr diejenigen, die Schwierigkeiten haben, w\u00e4hrend der Meditation das Stadium des tiefen reinen Geistes zu erreichen.<\/p>\n<p>Element: <strong>Wasser<\/strong><\/p>\n<p>Sternzeichen: <strong>L\u00f6we<\/strong><\/p>\n<p>Dies harmonisiert das Hals-Chakra und das Third-Eye-Chakra<\/p>\n<div><a href=\"https:\/\/trimakasi.eu\/wp-content\/uploads\/\u010dakra5.jpg\"><img loading=\"lazy\" decoding=\"async\" class=\"alignnone size-full wp-image-138515\" src=\"https:\/\/trimakasi.eu\/wp-content\/uploads\/\u010dakra5.jpg\" alt=\"Halschakra\" width=\"81\" height=\"87\" srcset=\"https:\/\/trimakasi.eu\/wp-content\/uploads\/\u010dakra5.jpg 81w, https:\/\/trimakasi.eu\/wp-content\/uploads\/\u010dakra5-11x12.jpg 11w\" sizes=\"auto, (max-width: 81px) 100vw, 81px\" \/><\/a><a href=\"https:\/\/trimakasi.eu\/wp-content\/uploads\/\u010dakra6.jpg\"><img loading=\"lazy\" decoding=\"async\" class=\"alignnone size-full wp-image-138516\" src=\"https:\/\/trimakasi.eu\/wp-content\/uploads\/\u010dakra6.jpg\" alt=\"Chakra des dritten Auges\" width=\"103\" height=\"98\" srcset=\"https:\/\/trimakasi.eu\/wp-content\/uploads\/\u010dakra6.jpg 103w, https:\/\/trimakasi.eu\/wp-content\/uploads\/\u010dakra6-13x12.jpg 13w\" sizes=\"auto, (max-width: 103px) 100vw, 103px\" \/><\/a><\/div>\n<div><a href=\"https:\/\/trimakasi.eu\/de\/vlog\/\"><u>Besuchen Sie unseren Video-Blog und entdecken Sie die Verbindung zwischen Edelsteinen, Steinzeichen, Chakren und vieles mehr.<\/u><\/a><\/div>","protected":false},"excerpt":{"rendered":"<p>Der mysteri\u00f6se Dumortierit ist ein seltener dunkelblauer Edelstein, der Ihnen hilft, Ihren schlimmsten \u00c4ngsten entgegenzuwirken, und der in Ihr Leben Frieden und Disziplin bringt. Erfahren Sie unten mehr \u00fcber die Eigenschaften dieses Steins.<\/p>\n<p>W\u00e4hlen Sie ein Armband nach Gr\u00f6\u00dfe und Farbe der letzten Perle.\u00a0<a href=\"https:\/\/trimakasi.eu\/de\/wie-man-die-armbandgrose-wahlt\/\">Anweisungen zur korrekten Bestimmung der Gr\u00f6\u00dfe finden Sie hier.<\/a><\/p>","protected":false},"featured_media":105053,"comment_status":"open","ping_status":"closed","template":"","meta":{"_acf_changed":false,"_themeisle_gutenberg_block_has_review":false},"product_brand":[],"product_cat":[1687,1064,554,1068,553],"product_tag":[],"class_list":{"0":"post-74290","1":"product","2":"type-product","3":"status-publish","4":"has-post-thumbnail","6":"product_cat-elastic-bracelets","7":"product_cat-mens-jewellery","8":"product_cat-natural-gemstone-bracelets","9":"product_cat-natural-gemstone-bracelets-for-men","10":"product_cat-womens-jewellery","12":"first","13":"instock","14":"taxable","15":"shipping-taxable","16":"purchasable","17":"product-type-variable","18":"has-default-attributes"},"acf":[],"_links":{"self":[{"href":"https:\/\/trimakasi.eu\/de\/wp-json\/wp\/v2\/product\/74290","targetHints":{"allow":["GET"]}}],"collection":[{"href":"https:\/\/trimakasi.eu\/de\/wp-json\/wp\/v2\/product"}],"about":[{"href":"https:\/\/trimakasi.eu\/de\/wp-json\/wp\/v2\/types\/product"}],"replies":[{"embeddable":true,"href":"https:\/\/trimakasi.eu\/de\/wp-json\/wp\/v2\/comments?post=74290"}],"wp:featuredmedia":[{"embeddable":true,"href":"https:\/\/trimakasi.eu\/de\/wp-json\/wp\/v2\/media\/105053"}],"wp:attachment":[{"href":"https:\/\/trimakasi.eu\/de\/wp-json\/wp\/v2\/media?parent=74290"}],"wp:term":[{"taxonomy":"product_brand","embeddable":true,"href":"https:\/\/trimakasi.eu\/de\/wp-json\/wp\/v2\/product_brand?post=74290"},{"taxonomy":"product_cat","embeddable":true,"href":"https:\/\/trimakasi.eu\/de\/wp-json\/wp\/v2\/product_cat?post=74290"},{"taxonomy":"product_tag","embeddable":true,"href":"https:\/\/trimakasi.eu\/de\/wp-json\/wp\/v2\/product_tag?post=74290"}],"curies":[{"name":"wp","href":"https:\/\/api.w.org\/{rel}","templated":true}]}}