{"id":74254,"date":"2019-05-23T13:37:39","date_gmt":"2019-05-23T11:37:39","guid":{"rendered":"https:\/\/trimakasi.eu\/product\/bily-kalcit-naramek\/"},"modified":"2024-11-02T23:03:08","modified_gmt":"2024-11-02T22:03:08","slug":"selenit","status":"publish","type":"product","link":"https:\/\/trimakasi.eu\/de\/product\/selenite\/","title":{"rendered":"Selenit Armband"},"content":{"rendered":"<h3 id=\"tw-target-text\" class=\"tw-data-text tw-text-large XcVN5d tw-ta\" dir=\"ltr\" data-placeholder=\"P\u0159eklad\"><span class=\"Y2IQFc\" lang=\"en\">Selenit \u2013 Wirkung<\/span><\/h3>\n<p id=\"tw-target-text\" class=\"tw-data-text tw-ta tw-text-small\" dir=\"ltr\" data-placeholder=\"P\u0159eklad\"><span lang=\"en\" tabindex=\"0\">Wei\u00dfer Selenit beeinflusst unsere geistigen Entwicklung mit seiner Reinheit. Es hellt und beruhigt den Geist, baut Stress ab und st\u00e4rkt das Ged\u00e4chtnis und die Intuition. Es reinigt auch negative Energie, erh\u00f6ht das Vorhandensein positiver Schwingungen und hilft uns, Faulheit zu bek\u00e4mpfen. Selenit absorbiert Energie und gibt sie umgewandelt und verst\u00e4rkt an den Absender zur\u00fcck. Die alten \u00c4gypter verwendeten es zur Beseitigung von Energieblockaden im K\u00f6rper.<\/span><\/p>\n<p dir=\"ltr\" data-placeholder=\"P\u0159eklad\">Herkunftsort: <strong>Marokko<\/strong><\/p>\n<p id=\"tw-target-text\" class=\"tw-data-text tw-ta tw-text-medium\" dir=\"ltr\" data-placeholder=\"P\u0159eklad\"><span lang=\"en\" tabindex=\"0\">Element: <strong>Erde, Feuer, Wasser, Luft<\/strong><\/span><\/p>\n<p>Sternzeichen: <strong>Krebs, Waage, L\u00f6we<\/strong><\/p>\n<p>Das Armband harmonisiert alle Chakren, aber haupts\u00e4chlich das Herz- und Kronenchakra:<\/p>\n<p><img loading=\"lazy\" decoding=\"async\" class=\"alignnone wp-image-72746\" src=\"https:\/\/trimakasi.cz\/wp-content\/uploads\/2018\/07\/\u010dakra4.jpg\" alt=\"Srde\u010dn\u00ed \u010dakra\" width=\"68\" height=\"80\" \/><img loading=\"lazy\" decoding=\"async\" class=\"alignnone wp-image-72749\" src=\"https:\/\/trimakasi.cz\/wp-content\/uploads\/2018\/07\/\u010dakra7.jpg\" alt=\"Korunn\u00ed \u010dakra\" width=\"68\" height=\"75\" \/><\/p>\n<p><a href=\"https:\/\/trimakasi.eu\/de\/vlog\/\"><u>Besuchen Sie unseren Video-Blog und entdecken Sie die Verbindung zwischen Edelsteinen, Steinzeichen, Chakren und vieles mehr.<\/u><\/a><\/p>","protected":false},"excerpt":{"rendered":"<p id=\"tw-target-text\" class=\"tw-data-text tw-ta tw-text-small\" dir=\"ltr\" data-placeholder=\"P\u0159eklad\"><span lang=\"en\" tabindex=\"0\">Schneewei\u00dfer Selenit reinigt stark negative Energie und kann Licht, Frieden und Harmonie in unser Leben bringen.\n WARNUNG: Selenit ist ein sehr weicher nat\u00fcrlicher Edelstein, der durch unachtsamen Gebrauch oder durch Einwirkung bestimmter Fl\u00fcssigkeiten leicht besch\u00e4digt werden kann! Erfahren Sie unten mehr \u00fcber diesen Edelstein.<\/span><\/p>\n<p>W\u00e4hlen Sie ein Armband nach Gr\u00f6\u00dfe und Farbe der letzten Perle.\u00a0<a href=\"https:\/\/trimakasi.eu\/de\/wie-man-die-armbandgrose-wahlt\/\">Anweisungen zur korrekten Bestimmung der Gr\u00f6\u00dfe finden Sie hier.<\/a><\/p>","protected":false},"featured_media":74859,"comment_status":"open","ping_status":"closed","template":"","meta":{"_acf_changed":false,"_themeisle_gutenberg_block_has_review":false},"product_brand":[],"product_cat":[1687,554,553],"product_tag":[],"class_list":{"0":"post-74254","1":"product","2":"type-product","3":"status-publish","4":"has-post-thumbnail","6":"product_cat-elastic-bracelets","7":"product_cat-natural-gemstone-bracelets","8":"product_cat-womens-jewellery","10":"first","11":"instock","12":"taxable","13":"shipping-taxable","14":"purchasable","15":"product-type-variable","16":"has-default-attributes"},"acf":[],"_links":{"self":[{"href":"https:\/\/trimakasi.eu\/de\/wp-json\/wp\/v2\/product\/74254","targetHints":{"allow":["GET"]}}],"collection":[{"href":"https:\/\/trimakasi.eu\/de\/wp-json\/wp\/v2\/product"}],"about":[{"href":"https:\/\/trimakasi.eu\/de\/wp-json\/wp\/v2\/types\/product"}],"replies":[{"embeddable":true,"href":"https:\/\/trimakasi.eu\/de\/wp-json\/wp\/v2\/comments?post=74254"}],"wp:featuredmedia":[{"embeddable":true,"href":"https:\/\/trimakasi.eu\/de\/wp-json\/wp\/v2\/media\/74859"}],"wp:attachment":[{"href":"https:\/\/trimakasi.eu\/de\/wp-json\/wp\/v2\/media?parent=74254"}],"wp:term":[{"taxonomy":"product_brand","embeddable":true,"href":"https:\/\/trimakasi.eu\/de\/wp-json\/wp\/v2\/product_brand?post=74254"},{"taxonomy":"product_cat","embeddable":true,"href":"https:\/\/trimakasi.eu\/de\/wp-json\/wp\/v2\/product_cat?post=74254"},{"taxonomy":"product_tag","embeddable":true,"href":"https:\/\/trimakasi.eu\/de\/wp-json\/wp\/v2\/product_tag?post=74254"}],"curies":[{"name":"wp","href":"https:\/\/api.w.org\/{rel}","templated":true}]}}