{"id":73999,"date":"2019-05-23T13:16:36","date_gmt":"2019-05-23T11:16:36","guid":{"rendered":"https:\/\/trimakasi.eu\/product\/oblivion\/"},"modified":"2025-06-28T21:50:07","modified_gmt":"2025-06-28T19:50:07","slug":"oblivion-herrenarmband","status":"publish","type":"product","link":"https:\/\/trimakasi.eu\/de\/product\/oblivion-mens-bracelet\/","title":{"rendered":"Herrenarmband Oblivion"},"content":{"rendered":"<h3>Das Mantra des K\u00f6niglichen Buddhisten \u2013 Om Mani Padme Hum<\/h3>\n<p id=\"tw-target-text\" class=\"tw-data-text tw-ta tw-text-small\" dir=\"ltr\" data-placeholder=\"P\u0159eklad\"><span lang=\"en\" tabindex=\"0\">Om Mani Padme Hum ist das ber\u00fchmteste Mantra des tibetischen Buddhismus, auch K\u00f6nigliche Mantra oder Mantra of Life Energy genannt. Die allgemeine Definition des Mantras lautet: 1. Ein Wort oder ein Ton, von dem angenommen wird, dass er eine besondere spirituelle Kraft hat. 2<\/span>. Ein Wort oder eine Phrase, die oft wiederholt wird und einen besonders starken Glauben ausdr\u00fcckt.<\/p>\n<p>Es wird gesagt, dass alle Lehren Buddhas in diesem Mantra enthalten sind: Om Mani Padme Hum kann nicht wirklich in eine einfache Phrase oder einen Satz \u00fcbersetzt werden.<\/p>\n<h4><strong>Om (oder Aum)<\/strong><\/h4>\n<p class=\"translation-block\">D <em>er<\/em> ist Urklang aller Sch\u00f6pfung. Hilft uns, unser Ego aufzul\u00f6sen und Freundlichkeit und Gro\u00dfz\u00fcgigkeit zu kultivieren.<\/p>\n<h4><strong>Mani<\/strong><\/h4>\n<p>Mani l\u00f6st Eifersucht und die Bindung an fl\u00fcchtige Freuden auf. Schw\u00e4cht unsere Bindung an Begierde und Leidenschaft ab und f\u00f6rdert gleichzeitig unsere F\u00e4higkeit, geduldig mit uns selbst und anderen umzugehen.<\/p>\n<h4><strong>Padme<\/strong><\/h4>\n<p>Padme l\u00f6st unsere Anhaftungen an die vielen Vorurteile und Urteilsvorstellungen auf, die wir haben, w\u00e4hrend wir die Qualit\u00e4t der Beharrlichkeit pflegen. Sie l\u00f6st auch unsere Neigung zu Materialismus, und f\u00f6rdert gleichzeitig unsere Konzentrationsf\u00e4higkeit.<\/p>\n<h4><strong>Summen<\/strong><\/h4>\n<p>L\u00f6st unsere Anhaftungen an Aggression und Hass auf und hilft uns, unsere eigene angeborene Weisheit zu kultivieren.<\/p>\n<h3>Goldgl\u00e4nzender Obsidian<\/h3>\n<p>Diese seltene Form von Obsidian enth\u00e4lt Verunreinigungen mit metallischen Goldreflexen.<\/p>\n<p class=\"tw-data-text tw-ta tw-text-small\" dir=\"ltr\" data-placeholder=\"P\u0159eklad\"><span lang=\"en\" tabindex=\"0\">Obsidian ist eine spezielle Form von Naturglas, die durch die schnelle Abk\u00fchlung der hei\u00dfen Lava auf der Erdoberfl\u00e4che entsteht. Es wird von der Menschheit seit der Steinzeit verwendet, als J\u00e4ger die Spitzen ihrer Waffen aus seinen scharfen Chips herstellten. Es war<\/span><span lang=\"en\" tabindex=\"0\">\u00a0gesch\u00e4tzt unter den alten Azteken, die ihn \"Gottes Stein\" nannten. Ihr heiliger Dolch, der f\u00fcr ihren ber\u00fcchtigtes Ritual mit Menschenopfern als Gaben f\u00fcr die G\u00f6tter entworfen wurde, wurde aus diesem Stein hergestellt.<\/span><\/p>\n<p id=\"tw-target-text\" class=\"tw-data-text tw-ta tw-text-small\" dir=\"ltr\" data-placeholder=\"P\u0159eklad\"><span lang=\"en\" tabindex=\"0\">Schwarzer Onyx, schwarzer Turmalin und schwarzer Obsidian gelten aufgrund ihrer dunklen Farbe als traditionelle Schutzsteine. Sie k\u00f6nnen Sie mit der sch\u00fctzenden Atmosph\u00e4re umgeben, die die gesamte Negativit\u00e4t Ihrer Umgebung absorbiert. Vor allem helfen sie, negative Gedankenmuster zu \u00fcberwinden, die sich aus den schw\u00e4chsten und giftigsten Emotionen ergeben - aus Angst.<\/span><\/p>\n<p>Element:<strong> Feuer<\/strong><\/p>\n<p>Sternzeichen:\u00a0<strong>Sch\u00fctze, Skorpion<\/strong><\/p>\n<p>Armband harmonisiert Wurzelchakra, Solarplexuschakra und Herdchakra<\/p>\n<p><img loading=\"lazy\" decoding=\"async\" class=\"alignnone wp-image-72742\" src=\"https:\/\/trimakasi.cz\/wp-content\/uploads\/2018\/08\/\u010dakra1.jpg\" alt=\"Z\u00e1kladn\u00ed \u010dakra\" width=\"71\" height=\"77\" \/><img loading=\"lazy\" decoding=\"async\" class=\"alignnone wp-image-72745\" src=\"https:\/\/trimakasi.cz\/wp-content\/uploads\/2018\/07\/\u010dakra3.jpg\" alt=\"Solarplexus \u010dakra\" width=\"64\" height=\"71\" \/><a href=\"https:\/\/trimakasi.eu\/wp-content\/uploads\/2020\/07\/\u010dakra4.jpg\"><img loading=\"lazy\" decoding=\"async\" class=\"alignnone wp-image-83566\" src=\"https:\/\/trimakasi.eu\/wp-content\/uploads\/2020\/07\/\u010dakra4.jpg\" alt=\"Herzchakra\" width=\"72\" height=\"85\" srcset=\"https:\/\/trimakasi.eu\/wp-content\/uploads\/2020\/07\/\u010dakra4.jpg 79w, https:\/\/trimakasi.eu\/wp-content\/uploads\/2020\/07\/\u010dakra4-10x12.jpg 10w\" sizes=\"auto, (max-width: 72px) 100vw, 72px\" \/><\/a><\/p>\n<p><a href=\"https:\/\/trimakasi.eu\/de\/vlog\/\"><u>Besuchen Sie unseren Video-Blog und entdecken Sie die Verbindung zwischen Edelsteinen, Steinzeichen, Chakren und vieles mehr.<\/u><\/a><\/p>\n<p>&nbsp;<\/p>","protected":false},"excerpt":{"rendered":"<p>Schwarze Eleganz und metallische Goldreflexe der seltenen Form des Obsidians. Dies wird mit 3 Perlen vervollst\u00e4ndigt, in die die geschnitzten Symbole des buddhistischen Mantras eingraviert sind, was dieses perfekte Ergebnis ergibt.<\/p>\n<p>W\u00e4hlen Sie ein Armband nach Gr\u00f6\u00dfe und Farbe der letzten Perle.\u00a0<a href=\"https:\/\/trimakasi.eu\/de\/wie-man-die-armbandgrose-wahlt\/\">Anweisungen zur korrekten Bestimmung der Gr\u00f6\u00dfe finden Sie hier.<\/a>\u00a0Die luxuri\u00f6se schwarze Verpackung ist f\u00fcr Sie kostenlos!<\/p>","protected":false},"featured_media":74935,"comment_status":"open","ping_status":"closed","template":"","meta":{"_acf_changed":false,"_themeisle_gutenberg_block_has_review":false},"product_brand":[],"product_cat":[1687,1064,1067],"product_tag":[],"class_list":{"0":"post-73999","1":"product","2":"type-product","3":"status-publish","4":"has-post-thumbnail","6":"product_cat-elastic-bracelets","7":"product_cat-mens-jewellery","8":"product_cat-premium-bracelets-for-men","10":"first","11":"instock","12":"taxable","13":"shipping-taxable","14":"purchasable","15":"product-type-variable","16":"has-default-attributes"},"acf":[],"_links":{"self":[{"href":"https:\/\/trimakasi.eu\/de\/wp-json\/wp\/v2\/product\/73999","targetHints":{"allow":["GET"]}}],"collection":[{"href":"https:\/\/trimakasi.eu\/de\/wp-json\/wp\/v2\/product"}],"about":[{"href":"https:\/\/trimakasi.eu\/de\/wp-json\/wp\/v2\/types\/product"}],"replies":[{"embeddable":true,"href":"https:\/\/trimakasi.eu\/de\/wp-json\/wp\/v2\/comments?post=73999"}],"wp:featuredmedia":[{"embeddable":true,"href":"https:\/\/trimakasi.eu\/de\/wp-json\/wp\/v2\/media\/74935"}],"wp:attachment":[{"href":"https:\/\/trimakasi.eu\/de\/wp-json\/wp\/v2\/media?parent=73999"}],"wp:term":[{"taxonomy":"product_brand","embeddable":true,"href":"https:\/\/trimakasi.eu\/de\/wp-json\/wp\/v2\/product_brand?post=73999"},{"taxonomy":"product_cat","embeddable":true,"href":"https:\/\/trimakasi.eu\/de\/wp-json\/wp\/v2\/product_cat?post=73999"},{"taxonomy":"product_tag","embeddable":true,"href":"https:\/\/trimakasi.eu\/de\/wp-json\/wp\/v2\/product_tag?post=73999"}],"curies":[{"name":"wp","href":"https:\/\/api.w.org\/{rel}","templated":true}]}}