{"id":73990,"date":"2022-05-23T13:16:36","date_gmt":"2022-05-23T11:16:36","guid":{"rendered":"https:\/\/trimakasi.eu\/product\/modry-apatit-naramek\/"},"modified":"2025-09-09T20:41:36","modified_gmt":"2025-09-09T18:41:36","slug":"blau-apatit","status":"publish","type":"product","link":"https:\/\/trimakasi.eu\/de\/product\/blue-apatite\/","title":{"rendered":"Blauer Apatit Armband"},"content":{"rendered":"<h3>Blauer Apatit \u2013 Wirkung<\/h3>\n<p class=\"tw-data-text tw-ta tw-text-small\" dir=\"ltr\" data-placeholder=\"P\u0159eklad\">Apatit ist als \u201eStein der Erkenntnis\u201c bekannt, der kan helben, die W\u00fcnsche zu verwirklichen, indem er Bewusstsein und Materie verbindet. Dieser Stein hilft der Energie, in den Geist zu kommen, indem er Verwirrung, Apathie und Negativit\u00e4t beseitigt. Im Gegenteil, es regt den Intellekt an, Wissen zu erweitern, das beim pers\u00f6nlichen Wachstum hilft. Dieser Edelstein kann auch den Geist kl\u00e4ren und helfen, die Wahrheit zu enth\u00fcllen.<\/p>\n<p id=\"tw-target-text\" class=\"tw-data-text tw-ta tw-text-small\" dir=\"ltr\" data-placeholder=\"P\u0159eklad\">Blauer Apatit ist auch ein Motivationsstein, der Unabh\u00e4ngigkeit und Ehrgeiz f\u00f6rdert. Daher ist es besonders f\u00fcr Au\u00dfendienstmitarbeiter und Manager geeignet.<\/p>\n<p class=\"tw-data-text tw-ta tw-text-small\" dir=\"ltr\" data-placeholder=\"P\u0159eklad\">Es ist ein Stein des New Age, weil er vor kurzem im 19. Jahrhundert entdeckt und beschrieben wurde. Die Popularit\u00e4t dieses Minerals ist in den letzten Jahren rasant gestiegen. Nachdem Sie sich die Farbe und Struktur dieses Minerals im Detail angesehen haben, werden Sie verstehen, warum.<\/p>\n<p>Element: <strong>Wasser<\/strong><\/p>\n<p>Sternzeichen: <strong>Zwillinge, Waage, Wassermann, Widder, L\u00f6we<\/strong><\/p>\n<p>Dieses Armband harmonisiert Hals-, Drittes-Auge- und Kronen-Chakra:<\/p>\n<p><img loading=\"lazy\" decoding=\"async\" class=\"alignnone wp-image-72747\" src=\"https:\/\/trimakasi.cz\/wp-content\/uploads\/2018\/07\/\u010dakra5.jpg\" alt=\"Hrdeln\u00ed \u010dakra\" width=\"68\" height=\"73\" \/><img loading=\"lazy\" decoding=\"async\" class=\"alignnone wp-image-72748\" style=\"color: #333333; font-size: 14.4px;\" src=\"https:\/\/trimakasi.cz\/wp-content\/uploads\/2018\/07\/\u010dakra6.jpg\" alt=\"\" width=\"70\" height=\"67\" \/>\u00a0<img loading=\"lazy\" decoding=\"async\" class=\"alignnone wp-image-74571\" src=\"https:\/\/trimakasi.eu\/wp-content\/uploads\/2019\/05\/akra7.jpg\" alt=\"\" width=\"77\" height=\"85\" srcset=\"https:\/\/trimakasi.eu\/wp-content\/uploads\/2019\/05\/akra7.jpg 92w, https:\/\/trimakasi.eu\/wp-content\/uploads\/2019\/05\/akra7-11x12.jpg 11w\" sizes=\"auto, (max-width: 77px) 100vw, 77px\" \/><\/p>\n<p><a href=\"https:\/\/trimakasi.eu\/de\/vlog\/\"><u>Besuchen Sie unseren Video-Blog und entdecken Sie die Verbindung zwischen Edelsteinen, Steinzeichen, Chakren und vieles mehr.<\/u><\/a><\/p>","protected":false},"excerpt":{"rendered":"<p id=\"tw-target-text\" class=\"tw-data-text tw-ta tw-text-small\" dir=\"ltr\" data-placeholder=\"P\u0159eklad\"><span lang=\"en\" tabindex=\"0\">Frische blaue <\/span><span lang=\"en\" tabindex=\"0\">\u00a0Farbe von diesem Stein, die langsam in zarte T\u00fcrkist\u00f6ne \u00fcbergeht, positive Energie in Geist und K\u00f6rper gie\u00dft und hilft, schwierige Lebensphasen zu \u00fcberwinden.\u00a0<\/span>Erfahren Sie unten mehr \u00fcber die Eigenschaften dieses Steins.<\/p>\n<p>W\u00e4hlen Sie ein Armband nach Gr\u00f6\u00dfe und Farbe der letzten Perle.\u00a0<a href=\"https:\/\/trimakasi.eu\/de\/wie-man-die-armbandgrose-wahlt\/\">Anweisungen zur korrekten Bestimmung der Gr\u00f6\u00dfe finden Sie hier.<\/a><\/p>","protected":false},"featured_media":105028,"comment_status":"open","ping_status":"closed","template":"","meta":{"_acf_changed":false,"_themeisle_gutenberg_block_has_review":false},"product_brand":[],"product_cat":[1687,1064,1068,554,553],"product_tag":[],"class_list":{"0":"post-73990","1":"product","2":"type-product","3":"status-publish","4":"has-post-thumbnail","6":"product_cat-elastic-bracelets","7":"product_cat-mens-jewellery","8":"product_cat-natural-gemstone-bracelets-for-men","9":"product_cat-natural-gemstone-bracelets","10":"product_cat-womens-jewellery","12":"first","13":"instock","14":"taxable","15":"shipping-taxable","16":"purchasable","17":"product-type-variable","18":"has-default-attributes"},"acf":[],"_links":{"self":[{"href":"https:\/\/trimakasi.eu\/de\/wp-json\/wp\/v2\/product\/73990","targetHints":{"allow":["GET"]}}],"collection":[{"href":"https:\/\/trimakasi.eu\/de\/wp-json\/wp\/v2\/product"}],"about":[{"href":"https:\/\/trimakasi.eu\/de\/wp-json\/wp\/v2\/types\/product"}],"replies":[{"embeddable":true,"href":"https:\/\/trimakasi.eu\/de\/wp-json\/wp\/v2\/comments?post=73990"}],"wp:featuredmedia":[{"embeddable":true,"href":"https:\/\/trimakasi.eu\/de\/wp-json\/wp\/v2\/media\/105028"}],"wp:attachment":[{"href":"https:\/\/trimakasi.eu\/de\/wp-json\/wp\/v2\/media?parent=73990"}],"wp:term":[{"taxonomy":"product_brand","embeddable":true,"href":"https:\/\/trimakasi.eu\/de\/wp-json\/wp\/v2\/product_brand?post=73990"},{"taxonomy":"product_cat","embeddable":true,"href":"https:\/\/trimakasi.eu\/de\/wp-json\/wp\/v2\/product_cat?post=73990"},{"taxonomy":"product_tag","embeddable":true,"href":"https:\/\/trimakasi.eu\/de\/wp-json\/wp\/v2\/product_tag?post=73990"}],"curies":[{"name":"wp","href":"https:\/\/api.w.org\/{rel}","templated":true}]}}