{"id":73982,"date":"2019-05-23T13:16:10","date_gmt":"2019-05-23T11:16:10","guid":{"rendered":"https:\/\/trimakasi.eu\/product\/botswansky-achat-matny-naramek\/"},"modified":"2026-02-20T12:13:28","modified_gmt":"2026-02-20T11:13:28","slug":"botswana-achat-matt","status":"publish","type":"product","link":"https:\/\/trimakasi.eu\/de\/product\/botswana-agate-matte\/","title":{"rendered":"Botswana Achat \u2013 mattes Armband"},"content":{"rendered":"<h3>Botswana Achat<\/h3>\n<p>Botswana-Achat wurde vor etwa 187 Millionen Jahren durch vulkanische Aktivit\u00e4t von siliciumreicher Lava erzeugt. Einzelne Lavaschichten schufen diese einzigartigen Muster dieses Minerals, die wir heute bewundern. Dieser Edelstein ist nach dem einzigen Fundort auf der Erde benannt, dem kleinen s\u00fcdafrikanischen Land Botswana. Die Einheimischen sch\u00e4tzten diesen Stein seit der  Anfang ihrer Zivilisation wegen seiner F\u00e4higkeit, die Energie des Sonnenlichts zu bewahren und den von Dunkelheit umgebenen menschlichen Geist zu beruhigen. Sie glauben auch bis heute, dass dieser Stein sexuelle Energien und Fruchtbarkeit stimulieren kann.<\/p>\n<p>Botswana-Achat wird heute f\u00fcr seine F\u00e4higkeit gesch\u00e4tzt, uns dabei zu helfen, grundlegende Ver\u00e4nderungen in unserem Leben vorzunehmen und L\u00f6sungen in verschiedenen Situationen zu finden. Achate f\u00f6rdern im Allgemeinen die innere Stabilit\u00e4t, Ruhe und Reife. Ihre angenehmen Vibrationen haben sch\u00fctzende Eigenschaften, die das Selbstvertrauen und das Gef\u00fchl der Sicherheit herforrufen.<\/p>\n<p>Element: <strong>Feuer, Erde<\/strong><\/p>\n<p>Sternzeichen: <strong>Waage, Zwillinge<\/strong><\/p>\n<p>Sonnenstein harmonisiert Wurzelchakra, Sakralchakra und Solarplexuschakra<\/p>\n<p><a href=\"https:\/\/trimakasi.eu\/wp-content\/uploads\/\u010dakra1.jpg\"><img loading=\"lazy\" decoding=\"async\" class=\"alignnone size-full wp-image-138513\" src=\"https:\/\/trimakasi.eu\/wp-content\/uploads\/\u010dakra1.jpg\" alt=\"Wurzelchakra\" width=\"81\" height=\"88\" srcset=\"https:\/\/trimakasi.eu\/wp-content\/uploads\/\u010dakra1.jpg 81w, https:\/\/trimakasi.eu\/wp-content\/uploads\/\u010dakra1-11x12.jpg 11w\" sizes=\"auto, (max-width: 81px) 100vw, 81px\" \/><\/a><a href=\"https:\/\/trimakasi.eu\/wp-content\/uploads\/\u010dakra2.jpg\"><img loading=\"lazy\" decoding=\"async\" class=\"alignnone size-full wp-image-138514\" src=\"https:\/\/trimakasi.eu\/wp-content\/uploads\/\u010dakra2.jpg\" alt=\"Sakralchakra\" width=\"76\" height=\"96\" srcset=\"https:\/\/trimakasi.eu\/wp-content\/uploads\/\u010dakra2.jpg 76w, https:\/\/trimakasi.eu\/wp-content\/uploads\/\u010dakra2-10x12.jpg 10w\" sizes=\"auto, (max-width: 76px) 100vw, 76px\" \/><\/a><a href=\"https:\/\/trimakasi.eu\/wp-content\/uploads\/2020\/07\/\u010dakra3.jpg\"><img loading=\"lazy\" decoding=\"async\" class=\"alignnone size-full wp-image-83567\" src=\"https:\/\/trimakasi.eu\/wp-content\/uploads\/2020\/07\/\u010dakra3.jpg\" alt=\"Solarplexus-Chakra\" width=\"77\" height=\"86\" srcset=\"https:\/\/trimakasi.eu\/wp-content\/uploads\/2020\/07\/\u010dakra3.jpg 77w, https:\/\/trimakasi.eu\/wp-content\/uploads\/2020\/07\/\u010dakra3-11x12.jpg 11w\" sizes=\"auto, (max-width: 77px) 100vw, 77px\" \/><\/a><\/p>\n<p><a href=\"https:\/\/trimakasi.eu\/de\/vlog\/\"><u>Besuchen Sie unseren Video-Blog und entdecken Sie die Verbindung zwischen Edelsteinen, Steinzeichen, Chakren und vieles mehr.<\/u><\/a><\/p>","protected":false},"excerpt":{"rendered":"<p>Diese seltene Form des afrikanischen Achats ist auch als \u201eSonnenuntergangsstein\u201c bekannt und gilt wegen seiner wundersch\u00f6n farbigen Muster als \u201eK\u00f6nig der Achate\u201c. Unsere einzigartige matte Oberfl\u00e4che dieses Steins unterstreicht seine Struktur perfekt! Erfahren Sie unten mehr \u00fcber die Eigenschaften dieses Steins.<\/p>\n<p>W\u00e4hlen Sie ein Armband nach Gr\u00f6\u00dfe und Farbe der letzten Perle.\u00a0<a href=\"https:\/\/trimakasi.eu\/de\/wie-man-die-armbandgrose-wahlt\/\">Anweisungen zur korrekten Bestimmung der Gr\u00f6\u00dfe finden Sie hier.<\/a><\/p>","protected":false},"featured_media":104898,"comment_status":"open","ping_status":"closed","template":"","meta":{"_acf_changed":false,"_themeisle_gutenberg_block_has_review":false},"product_brand":[],"product_cat":[1687,1064,1068,554,553],"product_tag":[],"class_list":{"0":"post-73982","1":"product","2":"type-product","3":"status-publish","4":"has-post-thumbnail","6":"product_cat-elastic-bracelets","7":"product_cat-mens-jewellery","8":"product_cat-natural-gemstone-bracelets-for-men","9":"product_cat-natural-gemstone-bracelets","10":"product_cat-womens-jewellery","12":"first","13":"instock","14":"taxable","15":"shipping-taxable","16":"purchasable","17":"product-type-variable","18":"has-default-attributes"},"acf":[],"_links":{"self":[{"href":"https:\/\/trimakasi.eu\/de\/wp-json\/wp\/v2\/product\/73982","targetHints":{"allow":["GET"]}}],"collection":[{"href":"https:\/\/trimakasi.eu\/de\/wp-json\/wp\/v2\/product"}],"about":[{"href":"https:\/\/trimakasi.eu\/de\/wp-json\/wp\/v2\/types\/product"}],"replies":[{"embeddable":true,"href":"https:\/\/trimakasi.eu\/de\/wp-json\/wp\/v2\/comments?post=73982"}],"wp:featuredmedia":[{"embeddable":true,"href":"https:\/\/trimakasi.eu\/de\/wp-json\/wp\/v2\/media\/104898"}],"wp:attachment":[{"href":"https:\/\/trimakasi.eu\/de\/wp-json\/wp\/v2\/media?parent=73982"}],"wp:term":[{"taxonomy":"product_brand","embeddable":true,"href":"https:\/\/trimakasi.eu\/de\/wp-json\/wp\/v2\/product_brand?post=73982"},{"taxonomy":"product_cat","embeddable":true,"href":"https:\/\/trimakasi.eu\/de\/wp-json\/wp\/v2\/product_cat?post=73982"},{"taxonomy":"product_tag","embeddable":true,"href":"https:\/\/trimakasi.eu\/de\/wp-json\/wp\/v2\/product_tag?post=73982"}],"curies":[{"name":"wp","href":"https:\/\/api.w.org\/{rel}","templated":true}]}}