{"id":73364,"date":"2018-10-23T22:43:02","date_gmt":"2018-10-23T20:43:02","guid":{"rendered":"https:\/\/trimakasi.eu\/product\/import-placeholder-for-73141\/"},"modified":"2025-02-26T19:56:00","modified_gmt":"2025-02-26T18:56:00","slug":"orange-aventurin","status":"publish","type":"product","link":"https:\/\/trimakasi.eu\/de\/product\/orange-aventurine\/","title":{"rendered":"Orangen Aventurin Armband"},"content":{"rendered":"<h3>Oranger Aventurin \u2013 Wirkung<\/h3>\n<p>Der Name Avanturi oder Aventurin leitet sich vom italienischen Begriff \u201eA ventura\u201c ab, was \u201ezum Gl\u00fcck\u201c bedeutet. Dieser Stein ist auch unter dem Spitznamen &quot;Stein der M\u00f6glichkeiten&quot; bekannt und seit Jahrhunderten wird angenommen, dass er die F\u00e4higkeit hat, das Gl\u00fcck und auch das Gl\u00fcck bei Wettbewerben und Gl\u00fccksspielen zu steigern.<\/p>\n<p>Dieser Stein kann auch alte Denkmuster und Gewohnheiten beseitigen und neue M\u00f6glichkeiten ins Lebe bringen. Er f\u00f6rdert das Wohlbefinden und vermittelt eine positive Lebenseinstellung. Aventurin symbolisiert auch Frieden, Geduld und Kreativit\u00e4t.<\/p>\n<p>Element: <strong>Feuer und Erde<\/strong><\/p>\n<p>Sternzeichen: <strong>Stier, Wassermann<\/strong><\/p>\n<p>Armband harmonisiert Sakralchakra und Solarplexus-Chakra:<\/p>\n<p><a href=\"https:\/\/trimakasi.eu\/wp-content\/uploads\/\u010dakra2.jpg\"><img loading=\"lazy\" decoding=\"async\" class=\"alignnone size-full wp-image-138514\" src=\"https:\/\/trimakasi.eu\/wp-content\/uploads\/\u010dakra2.jpg\" alt=\"Sakralchakra\" width=\"76\" height=\"96\" srcset=\"https:\/\/trimakasi.eu\/wp-content\/uploads\/\u010dakra2.jpg 76w, https:\/\/trimakasi.eu\/wp-content\/uploads\/\u010dakra2-10x12.jpg 10w\" sizes=\"auto, (max-width: 76px) 100vw, 76px\" \/><\/a><a href=\"https:\/\/trimakasi.eu\/wp-content\/uploads\/2020\/07\/\u010dakra3.jpg\"><img loading=\"lazy\" decoding=\"async\" class=\"alignnone size-full wp-image-83567\" src=\"https:\/\/trimakasi.eu\/wp-content\/uploads\/2020\/07\/\u010dakra3.jpg\" alt=\"Solarplexus-Chakra\" width=\"77\" height=\"86\" srcset=\"https:\/\/trimakasi.eu\/wp-content\/uploads\/2020\/07\/\u010dakra3.jpg 77w, https:\/\/trimakasi.eu\/wp-content\/uploads\/2020\/07\/\u010dakra3-11x12.jpg 11w\" sizes=\"auto, (max-width: 77px) 100vw, 77px\" \/><\/a><\/p>\n<p><a href=\"https:\/\/trimakasi.eu\/de\/vlog\/\"><u>Besuchen Sie unseren Video-Blog und entdecken Sie die Verbindung zwischen Edelsteinen, Steinzeichen, Chakren und vieles mehr.<\/u><\/a><\/p>","protected":false},"excerpt":{"rendered":"<p>Oranger Aventurin gilt als Stein des Gl\u00fccks, des Wohlstands und des Optimismus. Seine warme, strahlende Farbe soll Selbstvertrauen, Kreativit\u00e4t und pers\u00f6nliches Wachstum f\u00f6rdern und macht ihn zu einem kraftvollen Begleiter f\u00fcr alle, die Erfolg und positive Energie suchen. Erfahren Sie unten mehr \u00fcber die Eigenschaften dieses Steins.<\/p>\n<p>W\u00e4hlen Sie ein Armband nach Gr\u00f6\u00dfe und Farbe der letzten Perle.\u00a0<a href=\"https:\/\/trimakasi.eu\/de\/wie-man-die-armbandgrose-wahlt\/\">Anweisungen zur korrekten Bestimmung der Gr\u00f6\u00dfe finden Sie hier.<\/a><\/p>","protected":false},"featured_media":105156,"comment_status":"open","ping_status":"closed","template":"","meta":{"_acf_changed":false,"_themeisle_gutenberg_block_has_review":false},"product_brand":[],"product_cat":[1687,554,553],"product_tag":[],"class_list":{"0":"post-73364","1":"product","2":"type-product","3":"status-publish","4":"has-post-thumbnail","6":"product_cat-elastic-bracelets","7":"product_cat-natural-gemstone-bracelets","8":"product_cat-womens-jewellery","10":"first","11":"instock","12":"taxable","13":"shipping-taxable","14":"purchasable","15":"product-type-variable","16":"has-default-attributes"},"acf":[],"_links":{"self":[{"href":"https:\/\/trimakasi.eu\/de\/wp-json\/wp\/v2\/product\/73364","targetHints":{"allow":["GET"]}}],"collection":[{"href":"https:\/\/trimakasi.eu\/de\/wp-json\/wp\/v2\/product"}],"about":[{"href":"https:\/\/trimakasi.eu\/de\/wp-json\/wp\/v2\/types\/product"}],"replies":[{"embeddable":true,"href":"https:\/\/trimakasi.eu\/de\/wp-json\/wp\/v2\/comments?post=73364"}],"wp:featuredmedia":[{"embeddable":true,"href":"https:\/\/trimakasi.eu\/de\/wp-json\/wp\/v2\/media\/105156"}],"wp:attachment":[{"href":"https:\/\/trimakasi.eu\/de\/wp-json\/wp\/v2\/media?parent=73364"}],"wp:term":[{"taxonomy":"product_brand","embeddable":true,"href":"https:\/\/trimakasi.eu\/de\/wp-json\/wp\/v2\/product_brand?post=73364"},{"taxonomy":"product_cat","embeddable":true,"href":"https:\/\/trimakasi.eu\/de\/wp-json\/wp\/v2\/product_cat?post=73364"},{"taxonomy":"product_tag","embeddable":true,"href":"https:\/\/trimakasi.eu\/de\/wp-json\/wp\/v2\/product_tag?post=73364"}],"curies":[{"name":"wp","href":"https:\/\/api.w.org\/{rel}","templated":true}]}}