{"id":73194,"date":"2023-03-23T22:41:42","date_gmt":"2023-03-23T21:41:42","guid":{"rendered":"https:\/\/trimakasi.eu\/product\/import-placeholder-for-72901\/"},"modified":"2025-09-07T21:59:33","modified_gmt":"2025-09-07T19:59:33","slug":"tigerauge","status":"publish","type":"product","link":"https:\/\/trimakasi.eu\/de\/product\/tigers-eye\/","title":{"rendered":"Tigerauge Armband"},"content":{"rendered":"<h3>Tigerauge \u2013 Wirkung<\/h3>\n<p>Dieses Mineral begleitet die Menschheit als Talisman seit der Antike. W\u00e4hrend der Bl\u00fctezeit des \u00e4gyptischen Reiches wurde er in den Augen der Statuen der \u00e4gyptischen G\u00f6tter verwendet, wodurch dieser Stein den Spitznamen \u201edas allwissende und allwissende Auge\u201c erhielt. Das Tigerauge im alten \u00c4gypten dr\u00fcckte G\u00f6ttlichkeit und Schutz aus durch die Kombination der Kraft der Erde und der Sonne (Ra, der Sonnengott und Geb, der Gott der Erde und der Vater aller G\u00f6tter).<\/p>\n<p>R\u00f6mische Soldaten trugen in Schlachten ein Tigerauge, in dem Glauben, es w\u00fcrde ihnen Mut machen. Dies h\u00e4ngt auch damit zusammen, dass dieser Stein noch immer als Herrenschmuck gilt, der den M\u00e4nnern die Essenz mutiger Krieger zur\u00fcckgibt. Interessant ist auch, dass dieser Stein im 16. Jahrhundert bei afrikanischen St\u00e4mmen h\u00f6her gesch\u00e4tzt wurde als Gold.<\/p>\n<p>Stein hat die F\u00e4higkeit, Negativit\u00e4t zu zerstreuen, und seine goldene Farbe zieht Wohlstand, Reichtum und einen bedeutenden sozialen Status an. Es steht f\u00fcr die Sonne und die damit verbundene Tendenz, \u201eim Mittelpunkt zu stehen\u201c. Die starken, erdenden und positiven Schwingungen dieses Steins sind gut, um den tiefen Meditationszustand herbeizuf\u00fchren!<\/p>\n<p>Element: <strong>Erde, Feuer<\/strong><\/p>\n<p>Sternzeichen: <strong>Steinbock, Waage, Jungfrau, L\u00f6we, Zwillinge, Widder<\/strong><\/p>\n<p>Das Armband harmonisiert das Solarplexus-Chakra und das Wurzel-Chakra<\/p>\n<p><img loading=\"lazy\" decoding=\"async\" class=\"alignnone size-full wp-image-72745\" src=\"https:\/\/trimakasi.cz\/wp-content\/uploads\/2018\/07\/\u010dakra3.jpg\" alt=\"\" width=\"77\" height=\"86\" \/><img loading=\"lazy\" decoding=\"async\" class=\"alignnone size-full wp-image-72742\" src=\"https:\/\/trimakasi.cz\/wp-content\/uploads\/2018\/08\/\u010dakra1.jpg\" alt=\"Z\u00e1kladn\u00ed \u010dakra\" width=\"81\" height=\"88\" \/><\/p>\n<p><a href=\"https:\/\/trimakasi.eu\/de\/vlog\/\"><u>Besuchen Sie unseren Video-Blog und entdecken Sie die Verbindung zwischen Edelsteinen, Steinzeichen, Chakren und vieles mehr.<\/u><\/a><\/p>","protected":false},"excerpt":{"rendered":"<p>Wer w\u00fcrde nicht wissen, was das Tigerauge ist? Eine nat\u00fcrliche Quarzform, die mit ihrer goldenen bis honigbraunen Farbe und ihrem seidigen Glanz die Menschen seit Ewigkeiten fasziniert? In einigen Teilen der Welt wird traditionell angenommen, dass dieser Stein den \u201eb\u00f6sen Blick\u201c abwehren kann. Erfahren Sie unten mehr \u00fcber die Eigenschaften dieses Steins.<\/p>\n<p>W\u00e4hlen Sie ein Armband nach Gr\u00f6\u00dfe und Farbe der letzten Perle.\u00a0<a href=\"https:\/\/trimakasi.eu\/de\/wie-man-die-armbandgrose-wahlt\/\"><u>Anweisungen zur korrekten Bestimmung der Gr\u00f6\u00dfe finden Sie hier.<\/u><\/a><\/p>","protected":false},"featured_media":105001,"comment_status":"open","ping_status":"closed","template":"","meta":{"_acf_changed":false,"_themeisle_gutenberg_block_has_review":false},"product_brand":[],"product_cat":[1687,1064,554,1068,553],"product_tag":[],"class_list":{"0":"post-73194","1":"product","2":"type-product","3":"status-publish","4":"has-post-thumbnail","6":"product_cat-elastic-bracelets","7":"product_cat-mens-jewellery","8":"product_cat-natural-gemstone-bracelets","9":"product_cat-natural-gemstone-bracelets-for-men","10":"product_cat-womens-jewellery","12":"first","13":"instock","14":"taxable","15":"shipping-taxable","16":"purchasable","17":"product-type-variable","18":"has-default-attributes"},"acf":[],"_links":{"self":[{"href":"https:\/\/trimakasi.eu\/de\/wp-json\/wp\/v2\/product\/73194","targetHints":{"allow":["GET"]}}],"collection":[{"href":"https:\/\/trimakasi.eu\/de\/wp-json\/wp\/v2\/product"}],"about":[{"href":"https:\/\/trimakasi.eu\/de\/wp-json\/wp\/v2\/types\/product"}],"replies":[{"embeddable":true,"href":"https:\/\/trimakasi.eu\/de\/wp-json\/wp\/v2\/comments?post=73194"}],"wp:featuredmedia":[{"embeddable":true,"href":"https:\/\/trimakasi.eu\/de\/wp-json\/wp\/v2\/media\/105001"}],"wp:attachment":[{"href":"https:\/\/trimakasi.eu\/de\/wp-json\/wp\/v2\/media?parent=73194"}],"wp:term":[{"taxonomy":"product_brand","embeddable":true,"href":"https:\/\/trimakasi.eu\/de\/wp-json\/wp\/v2\/product_brand?post=73194"},{"taxonomy":"product_cat","embeddable":true,"href":"https:\/\/trimakasi.eu\/de\/wp-json\/wp\/v2\/product_cat?post=73194"},{"taxonomy":"product_tag","embeddable":true,"href":"https:\/\/trimakasi.eu\/de\/wp-json\/wp\/v2\/product_tag?post=73194"}],"curies":[{"name":"wp","href":"https:\/\/api.w.org\/{rel}","templated":true}]}}