{"id":73189,"date":"2018-10-23T22:41:41","date_gmt":"2018-10-23T20:41:41","guid":{"rendered":"https:\/\/trimakasi.eu\/product\/import-placeholder-for-72892\/"},"modified":"2025-06-22T17:46:27","modified_gmt":"2025-06-22T15:46:27","slug":"lepidolith","status":"publish","type":"product","link":"https:\/\/trimakasi.eu\/de\/product\/lepidolite\/","title":{"rendered":"Lepidolite Armband"},"content":{"rendered":"<h3>Lepidolith \u2013 Wirkung<\/h3>\n<p>Wie oben erw\u00e4hnt, enth\u00e4lt Lepidolith einen relativ gro\u00dfen Anteil an seltenem Lithium. Diese Substanz wird in der Medizin als Beruhigungsmittel und auch als Arzneimittel gegen Angstzust\u00e4nde, Depressionen, bipolare St\u00f6rungen und sogar Schizophrenie verwendet. Es ist vielleicht nur eine Beimischung von Lithium, die Lepidolith seine ber\u00fchmte beruhigende Wirkung auf den menschlichen Geist verleiht.<\/p>\n<p>Au\u00dferdem lindert dieser Stein auch Schmerzen, sch\u00fctzt vor \u00e4u\u00dferen Einfl\u00fcssen, neutralisiert Negativit\u00e4t, reguliert Stimmungsschwankungen und hilft die Angst zu \u00fcberwinden \u2013 er ist ein sehr wichtiger harmonisierender Stein! Dar\u00fcber hinaus hat es eine besondere F\u00e4higkeit, elektromagnetischen Smog zu reinigen, insbesondere wenn es sich in der N\u00e4he von elektromagnetischen Ger\u00e4ten wie Computern befindet.<\/p>\n<p>Element: <strong>Wasser<\/strong><\/p>\n<p>Sternzeichen:<strong> Waage<\/strong><\/p>\n<p>Armband harmonisiert Herzchakra, Drittes Auge Chakra und Kronenchakra<\/p>\n<p><img loading=\"lazy\" decoding=\"async\" class=\"alignnone wp-image-72746\" src=\"https:\/\/trimakasi.cz\/wp-content\/uploads\/2018\/07\/\u010dakra4.jpg\" alt=\"\" width=\"66\" height=\"77\" \/><img loading=\"lazy\" decoding=\"async\" class=\"alignnone wp-image-72748\" style=\"color: #333333; font-size: 14.4px;\" src=\"https:\/\/trimakasi.cz\/wp-content\/uploads\/2018\/07\/\u010dakra6.jpg\" alt=\"\" width=\"70\" height=\"67\" \/><img loading=\"lazy\" decoding=\"async\" class=\"alignnone wp-image-72749\" style=\"font-size: 14.4px;\" src=\"https:\/\/trimakasi.cz\/wp-content\/uploads\/2018\/07\/\u010dakra7.jpg\" alt=\"\" width=\"67\" height=\"74\" \/><\/p>\n<p>Das Armband kombiniert das Herzchakra und das Kronenchakra, bringt so ein spirituelles Verst\u00e4ndnis von Leiden oder Schmerz und entlastet dadurch den K\u00f6rper.<\/p>\n<p><a href=\"https:\/\/trimakasi.eu\/de\/vlog\/\"><u>Besuchen Sie unseren Video-Blog und entdecken Sie die Verbindung zwischen Edelsteinen, Steinzeichen, Chakren und vieles mehr.<\/u><\/a><\/p>","protected":false},"excerpt":{"rendered":"<p>Lepidolith ist eine seltene Form von lithiumreichem Glimmer. Dezente Violett- und Rosat\u00f6ne, die mit Wei\u00df verwoben und aufgeweicht sind, verleihen jedem Besitzer eines Lepidolith-Armbands Charme und pers\u00f6nliche Eleganz. Erfahren Sie unten mehr \u00fcber die Eigenschaften dieses Steins.<\/p>\n<p>W\u00e4hlen Sie ein Armband nach Gr\u00f6\u00dfe und Farbe der letzten Perle.\u00a0<a href=\"https:\/\/trimakasi.eu\/de\/wie-man-die-armbandgrose-wahlt\/\">Anweisungen zur korrekten Bestimmung der Gr\u00f6\u00dfe finden Sie hier.<\/a><\/p>","protected":false},"featured_media":105112,"comment_status":"open","ping_status":"closed","template":"","meta":{"_acf_changed":false,"_themeisle_gutenberg_block_has_review":false},"product_brand":[],"product_cat":[1687,554,553],"product_tag":[],"class_list":{"0":"post-73189","1":"product","2":"type-product","3":"status-publish","4":"has-post-thumbnail","6":"product_cat-elastic-bracelets","7":"product_cat-natural-gemstone-bracelets","8":"product_cat-womens-jewellery","10":"first","11":"instock","12":"taxable","13":"shipping-taxable","14":"purchasable","15":"product-type-variable","16":"has-default-attributes"},"acf":[],"_links":{"self":[{"href":"https:\/\/trimakasi.eu\/de\/wp-json\/wp\/v2\/product\/73189","targetHints":{"allow":["GET"]}}],"collection":[{"href":"https:\/\/trimakasi.eu\/de\/wp-json\/wp\/v2\/product"}],"about":[{"href":"https:\/\/trimakasi.eu\/de\/wp-json\/wp\/v2\/types\/product"}],"replies":[{"embeddable":true,"href":"https:\/\/trimakasi.eu\/de\/wp-json\/wp\/v2\/comments?post=73189"}],"wp:featuredmedia":[{"embeddable":true,"href":"https:\/\/trimakasi.eu\/de\/wp-json\/wp\/v2\/media\/105112"}],"wp:attachment":[{"href":"https:\/\/trimakasi.eu\/de\/wp-json\/wp\/v2\/media?parent=73189"}],"wp:term":[{"taxonomy":"product_brand","embeddable":true,"href":"https:\/\/trimakasi.eu\/de\/wp-json\/wp\/v2\/product_brand?post=73189"},{"taxonomy":"product_cat","embeddable":true,"href":"https:\/\/trimakasi.eu\/de\/wp-json\/wp\/v2\/product_cat?post=73189"},{"taxonomy":"product_tag","embeddable":true,"href":"https:\/\/trimakasi.eu\/de\/wp-json\/wp\/v2\/product_tag?post=73189"}],"curies":[{"name":"wp","href":"https:\/\/api.w.org\/{rel}","templated":true}]}}