{"id":174466,"date":"2023-09-30T21:17:49","date_gmt":"2023-09-30T19:17:49","guid":{"rendered":"https:\/\/trimakasi.eu\/?post_type=product&#038;p=174466"},"modified":"2025-12-20T13:27:39","modified_gmt":"2025-12-20T12:27:39","slug":"schwarzer-onyx-rondel-armband","status":"publish","type":"product","link":"https:\/\/trimakasi.eu\/de\/product\/black-onyx-rondel-bracelet\/","title":{"rendered":"Schwarzes Onyx-Rondelle-Armband"},"content":{"rendered":"<h3>Schwarzer Onyx<\/h3>\n<p>Onyx f\u00f6rdert allgemein die innere Stabilit\u00e4t, Ruhe und geistige Reife. Seine angenehmen Schwingungen haben sch\u00fctzende Eigenschaften und f\u00f6rdern das Selbstvertrauen und vermitteln zudem ein Gef\u00fchl der Sicherheit.<\/p>\n<p>Schwarzer Onyx hat die F\u00e4higkeit, die Willenskraft seines Besitzers zu steigern und hilft, auch in schwierigeren Situationen mutig bleiben. Es hilft uns, L\u00f6sungen zu finden, anstatt Probleme zu suchen. Schwarzer Onyx ist ein universeller Stein, der f\u00fcr fast alle Sternzeichen gut geeignet ist.<\/p>\n<p>Element: <strong>Feuer<\/strong><\/p>\n<p>Sternzeichen: <strong>Jungfrau, Zwillinge, Skorpion, Fische, Wassermann, Steinbock, Krebs, Stier, Widder<\/strong><\/p>\n<p>Das Armband harmonisiert das Wurzelchakra<\/p>\n<p><a href=\"https:\/\/trimakasi.eu\/wp-content\/uploads\/\u010dakra1.jpg\"><img loading=\"lazy\" decoding=\"async\" class=\"alignnone size-full wp-image-138513\" src=\"https:\/\/trimakasi.eu\/wp-content\/uploads\/\u010dakra1.jpg\" alt=\"Wurzelchakra\" width=\"81\" height=\"88\" srcset=\"https:\/\/trimakasi.eu\/wp-content\/uploads\/\u010dakra1.jpg 81w, https:\/\/trimakasi.eu\/wp-content\/uploads\/\u010dakra1-11x12.jpg 11w\" sizes=\"auto, (max-width: 81px) 100vw, 81px\" \/><\/a><\/p>\n<p><a href=\"https:\/\/trimakasi.eu\/de\/vlog\/\"><u>Besuchen Sie unseren Video-Blog und entdecken Sie die Verbindung zwischen Edelsteinen, Steinzeichen, Chakren und vieles mehr.<\/u><\/a><\/p>","protected":false},"excerpt":{"rendered":"<p>Dieses elegante schwarze Onyxarmband ist in zwei verstellbaren Gr\u00f6\u00dfen erh\u00e4ltlich, sowohl f\u00fcr Frauen als auch f\u00fcr M\u00e4nner, sodass jeder die perfekte Passform findet. Es verf\u00fcgt \u00fcber hochwertige Komponenten aus 18 Karat vergoldetem Edelstahl, die f\u00fcr lang anhaltende Haltbarkeit, Farbe und Glanz sorgen.<\/p>\n<p>Schwarzer Onyx ist als Stein der St\u00e4rke, des Schutzes und des Selbstvertrauens bekannt. Sein tiefschwarzer Farbton steht f\u00fcr Stabilit\u00e4t und Belastbarkeit und bef\u00e4higt den Tr\u00e4ger, Herausforderungen zu meistern und sich gleichzeitig auf seine Ziele zu konzentrieren. Schwarzer Onyx ist daf\u00fcr bekannt, negative Energie zu absorbieren und vermittelt ein Gef\u00fchl der Sicherheit und inneren Ruhe. Dieses Armband ist mehr als nur ein stilvolles Accessoire \u2013 es ist ein kraftvolles Symbol f\u00fcr Schutz und Selbstvertrauen und damit der ideale Begleiter in den anspruchsvollen Momenten des Lebens.<\/p>","protected":false},"featured_media":174476,"comment_status":"open","ping_status":"closed","template":"","meta":{"_acf_changed":false,"_themeisle_gutenberg_block_has_review":false},"product_brand":[],"product_cat":[1069,570,1064,1718,569,1689,553],"product_tag":[],"class_list":{"0":"post-174466","1":"product","2":"type-product","3":"status-publish","4":"has-post-thumbnail","6":"product_cat-braided-bracelets-for-men","7":"product_cat-braided-bracelets-for-women","8":"product_cat-mens-jewellery","9":"product_cat-minimalist-jewellery-for-men","10":"product_cat-minimalist-jewellery-for-women","11":"product_cat-simple-bracelets","12":"product_cat-womens-jewellery","14":"first","15":"instock","16":"taxable","17":"shipping-taxable","18":"purchasable","19":"product-type-variable","20":"has-default-attributes"},"acf":[],"_links":{"self":[{"href":"https:\/\/trimakasi.eu\/de\/wp-json\/wp\/v2\/product\/174466","targetHints":{"allow":["GET"]}}],"collection":[{"href":"https:\/\/trimakasi.eu\/de\/wp-json\/wp\/v2\/product"}],"about":[{"href":"https:\/\/trimakasi.eu\/de\/wp-json\/wp\/v2\/types\/product"}],"replies":[{"embeddable":true,"href":"https:\/\/trimakasi.eu\/de\/wp-json\/wp\/v2\/comments?post=174466"}],"wp:featuredmedia":[{"embeddable":true,"href":"https:\/\/trimakasi.eu\/de\/wp-json\/wp\/v2\/media\/174476"}],"wp:attachment":[{"href":"https:\/\/trimakasi.eu\/de\/wp-json\/wp\/v2\/media?parent=174466"}],"wp:term":[{"taxonomy":"product_brand","embeddable":true,"href":"https:\/\/trimakasi.eu\/de\/wp-json\/wp\/v2\/product_brand?post=174466"},{"taxonomy":"product_cat","embeddable":true,"href":"https:\/\/trimakasi.eu\/de\/wp-json\/wp\/v2\/product_cat?post=174466"},{"taxonomy":"product_tag","embeddable":true,"href":"https:\/\/trimakasi.eu\/de\/wp-json\/wp\/v2\/product_tag?post=174466"}],"curies":[{"name":"wp","href":"https:\/\/api.w.org\/{rel}","templated":true}]}}