{"id":173915,"date":"2023-01-25T19:46:50","date_gmt":"2023-01-25T18:46:50","guid":{"rendered":"https:\/\/trimakasi.eu\/?post_type=product&#038;p=173915"},"modified":"2025-09-11T09:05:54","modified_gmt":"2025-09-11T07:05:54","slug":"rosenquarz-halskette-tropfen-der-liebe","status":"publish","type":"product","link":"https:\/\/trimakasi.eu\/de\/product\/rose-quartz-necklace-drop-of-love\/","title":{"rendered":"Rosenquarz Halskette \u2013 Tropfen der Liebe"},"content":{"rendered":"<h3>Rosenquarz<\/h3>\n<p>Dieser Stein ist ein Symbol f\u00fcr Liebe, Sch\u00f6nheit und Gesundheit. Er lehrt uns Geduld bei der L\u00f6sung von Problemen, Selbstliebe und gibt Kraft, denen zu vergeben, die uns verletzt haben. Er belebt Fantasie und kreatives Denken.<\/p>\n<p id=\"tw-target-text\" class=\"tw-data-text tw-ta tw-text-small\" dir=\"ltr\" data-placeholder=\"Translation\"><span lang=\"en\" tabindex=\"0\">Element:\u00a0<strong>Erde<\/strong><\/span><\/p>\n<p class=\"tw-data-text tw-ta tw-text-small\" dir=\"ltr\" data-placeholder=\"Translation\"><span lang=\"en\" tabindex=\"0\">Sternzeichen:\u00a0<strong>L\u00f6we, Skorpion, Widder, Krebs, Stier, Steinbock<\/strong><\/span><\/p>\n<p>Das Armband harmonisiert das Herzchakra.<\/p>\n<p><img loading=\"lazy\" decoding=\"async\" class=\"alignnone size-full wp-image-83566\" src=\"https:\/\/trimakasi.eu\/wp-content\/uploads\/2020\/07\/\u010dakra4.jpg\" alt=\"\" width=\"79\" height=\"93\" srcset=\"https:\/\/trimakasi.eu\/wp-content\/uploads\/2020\/07\/\u010dakra4.jpg 79w, https:\/\/trimakasi.eu\/wp-content\/uploads\/2020\/07\/\u010dakra4-10x12.jpg 10w\" sizes=\"auto, (max-width: 79px) 100vw, 79px\" \/><\/p>\n<p><a href=\"https:\/\/trimakasi.eu\/de\/vlog\/\"><u>Besuchen Sie unseren Video-Blog und entdecken Sie die Verbindung zwischen Edelsteinen, Steinzeichen, Chakren und vieles mehr.<\/u><\/a><\/p>","protected":false},"excerpt":{"rendered":"<p>Die Rosenquarzkette \u201eDrop of Love\u201c ist ein Symbol f\u00fcr Eleganz und Zartheit f\u00fcr jede moderne Frau. Die Tropfenform und die pr\u00e4zise Facettierung machen sie zu einem Schmuckst\u00fcck, das mit seiner einzigartigen Sch\u00f6nheit verzaubert.<\/p>\n<p>Es sind diese kleinen Gesten, diese kleinen Tropfen Liebe, die gew\u00f6hnliche Momente in unvergessliche Erlebnisse verwandeln und die Grundlage f\u00fcr starke Beziehungen voller gegenseitigem Verst\u00e4ndnis und Empathie bilden.<\/p>\n<p>Die Kette ist in der L\u00e4nge von 46-52 cm verstellbar, aus Edelstahl gefertigt und f\u00fcr eine lange Haltbarkeit im PVD-Verfahren mit echtem 18-kar\u00e4tigem Gold beschichtet. Die Abmessungen des minimalistischen Steins betragen ca. 0,6 x 1,2 cm. Die Halskette wird in einer luxuri\u00f6sen rosafarbenen Schachtel mit dem Trimakasi-Logo geliefert und ist somit ein perfektes Geschenk.<\/p>","protected":false},"featured_media":173879,"comment_status":"open","ping_status":"closed","template":"","meta":{"_acf_changed":false,"_themeisle_gutenberg_block_has_review":false},"product_brand":[],"product_cat":[569,1690,1149,553],"product_tag":[],"class_list":{"0":"post-173915","1":"product","2":"type-product","3":"status-publish","4":"has-post-thumbnail","6":"product_cat-minimalist-jewellery-for-women","7":"product_cat-necklaces","8":"product_cat-necklaces-for-women","9":"product_cat-womens-jewellery","11":"first","12":"outofstock","13":"taxable","14":"shipping-taxable","15":"purchasable","16":"product-type-variable","17":"has-default-attributes"},"acf":[],"_links":{"self":[{"href":"https:\/\/trimakasi.eu\/de\/wp-json\/wp\/v2\/product\/173915","targetHints":{"allow":["GET"]}}],"collection":[{"href":"https:\/\/trimakasi.eu\/de\/wp-json\/wp\/v2\/product"}],"about":[{"href":"https:\/\/trimakasi.eu\/de\/wp-json\/wp\/v2\/types\/product"}],"replies":[{"embeddable":true,"href":"https:\/\/trimakasi.eu\/de\/wp-json\/wp\/v2\/comments?post=173915"}],"wp:featuredmedia":[{"embeddable":true,"href":"https:\/\/trimakasi.eu\/de\/wp-json\/wp\/v2\/media\/173879"}],"wp:attachment":[{"href":"https:\/\/trimakasi.eu\/de\/wp-json\/wp\/v2\/media?parent=173915"}],"wp:term":[{"taxonomy":"product_brand","embeddable":true,"href":"https:\/\/trimakasi.eu\/de\/wp-json\/wp\/v2\/product_brand?post=173915"},{"taxonomy":"product_cat","embeddable":true,"href":"https:\/\/trimakasi.eu\/de\/wp-json\/wp\/v2\/product_cat?post=173915"},{"taxonomy":"product_tag","embeddable":true,"href":"https:\/\/trimakasi.eu\/de\/wp-json\/wp\/v2\/product_tag?post=173915"}],"curies":[{"name":"wp","href":"https:\/\/api.w.org\/{rel}","templated":true}]}}