{"id":166019,"date":"2023-05-12T20:02:52","date_gmt":"2023-05-12T18:02:52","guid":{"rendered":"https:\/\/trimakasi.eu\/?post_type=product&#038;p=166019"},"modified":"2025-02-04T10:58:45","modified_gmt":"2025-02-04T09:58:45","slug":"mala-halskette-mit-lavastein","status":"publish","type":"product","link":"https:\/\/trimakasi.eu\/de\/product\/mala-necklace-with-lava-stone\/","title":{"rendered":"Mala-Halskette mit Lavastein"},"content":{"rendered":"<h3><a href=\"https:\/\/trimakasi.eu\/de\/product\/lavastein\/\">Lavastein<\/a><\/h3>\n<p>Dank der nat\u00fcrlichen por\u00f6sen Struktur dieser Steine, manchmal auch Vulkanite genannt, werden Sie nie zwei identische Perlen finden. Lava kommt direkt aus dem Kern der Erde, und ihre spirituelle Bedeutung besteht in der Erdung und Verbindung mit der Natur. Die amerikanischen Ureinwohner trugen ein St\u00fcck Lavastein in die Schlachten, weil sie glaubten, dass die Macht ihnen Mut und St\u00e4rke bringen w\u00fcrde.<\/p>\n<p>Lavastein wird auch &quot;The Rebirth Stone&quot; genannt, weil er den Tr\u00e4gern helfen kann, unn\u00f6tige und ungesunde Emotionen loszuwerden. Lavastein h\u00e4lt uns geistig stabil und hilft uns, die Wut zu senken. Der Lavastein-Erdungseffekt wird beispielsweise auch f\u00fcr Massagen genutzt.<\/p>\n<h3><a href=\"https:\/\/trimakasi.eu\/de\/product\/jaspis-drachenblut\/\">Jaspis Drachenblut<\/a><\/h3>\n<p>Die bedeutendstenVorr\u00e4te dieses Steins befinden sich in Australien. Die Ureinwohner dieses Kontinents glaubten, dass es sich um die versteinerte \u00dcberreste verstorbener alter Drachen handelt, m\u00e4chtiger Kreaturen mit gr\u00fcner Haut und dunkelrotem Blut.<\/p>\n<p>&quot;Der Drache kann nicht domestiziert werden, er ist ein wildes und ungebundenes Tier - ein gro\u00dfer Verb\u00fcndeter und ein gef\u00e4hrlicher Feind.&quot; Nach den genannten Legenden wird der Tr\u00e4ger dieses Steins diese Dracheneigenschaften erhalten.<\/p>\n<p>Dieses Mineral hat einen guten Ruf f\u00fcr die Stimulierung der geistigen und k\u00f6rperlichen Lebenskraft, des Mutes und der Vitalit\u00e4t. Er kann auch der Person, die es trug, helfen, Ziele zu erreichen und verschiedene Abh\u00e4ngigkeiten loszuwerden.<\/p>\n<p>Durch die Verbindung des Wurzelchakras und des Herzchakras regt dieser Stein den Mut an und k\u00e4mpft f\u00fcr das Richtige. Es kann helfen, das Verlangen des Herzens in der physischen Welt zu manifestieren.<\/p>\n<h3 class=\"LC20lb\"><a href=\"https:\/\/trimakasi.eu\/de\/product\/tigerauge\/\">Rotes Tigerauge<\/a><\/h3>\n<p>Stein hat die F\u00e4higkeit, Negativit\u00e4t zu zerstreuen, und seine goldene Farbe zieht Wohlstand, Wohlstand und einen bedeutenden sozialen Status an. Es repr\u00e4sentiert die Sonne und die damit verbundene Tendenz im Mittelpunkt zu stehen.<\/p>\n<p>Sternzeichen:<strong> Wohltuend f\u00fcr alle Sternzeichen<\/strong><\/p>\n<p>Element:<strong> Feuer, Erde<\/strong><\/p>\n<p>Die Halskette harmonisiert Wurzelchakra und Herzchakra<\/p>\n<p><a href=\"https:\/\/trimakasi.eu\/wp-content\/uploads\/\u010dakra1.jpg\"><img loading=\"lazy\" decoding=\"async\" class=\"alignnone size-full wp-image-138513\" src=\"https:\/\/trimakasi.eu\/wp-content\/uploads\/\u010dakra1.jpg\" alt=\"Wurzelchakra\" width=\"81\" height=\"88\" srcset=\"https:\/\/trimakasi.eu\/wp-content\/uploads\/\u010dakra1.jpg 81w, https:\/\/trimakasi.eu\/wp-content\/uploads\/\u010dakra1-11x12.jpg 11w\" sizes=\"auto, (max-width: 81px) 100vw, 81px\" \/> <\/a><a href=\"https:\/\/trimakasi.eu\/wp-content\/uploads\/2020\/07\/\u010dakra4.jpg\"><img loading=\"lazy\" decoding=\"async\" class=\"alignnone size-full wp-image-83566\" src=\"https:\/\/trimakasi.eu\/wp-content\/uploads\/2020\/07\/\u010dakra4.jpg\" alt=\"Herzchakra\" width=\"79\" height=\"93\" srcset=\"https:\/\/trimakasi.eu\/wp-content\/uploads\/2020\/07\/\u010dakra4.jpg 79w, https:\/\/trimakasi.eu\/wp-content\/uploads\/2020\/07\/\u010dakra4-10x12.jpg 10w\" sizes=\"auto, (max-width: 79px) 100vw, 79px\" \/><\/a><\/p>\n<p><a href=\"https:\/\/trimakasi.eu\/de\/vlog\/\"><u>Besuchen Sie unseren Video-Blog und entdecken Sie die Verbindung zwischen Edelsteinen, Steinzeichen, Chakren und vieles mehr.<\/u><\/a><\/p>\n<p>&nbsp;<\/p>","protected":false},"excerpt":{"rendered":"<p>Entdecken Sie spirituelle Kraft und Stil in unserer exklusiven Mala-Halskette, meisterhaft gefertigt aus Lavastein, rotem Tigerauge und Drachenblut-Jaspis.<\/p>\n<p>Diese Perlenkette ist nicht nur ein Schmuckst\u00fcck, sondern ein Meditationswerkzeug, das alte Lehren \u00fcber die Kraft nat\u00fcrlicher Elemente und ihre Wirkung auf unseren K\u00f6rper und unsere Seele widerspiegelt.<\/p>\n<p>Das nahtlose Design der Halskette erm\u00f6glicht es, sie direkt \u00fcber dem Kopf zu tragen. Die L\u00e4nge der Halskette betr\u00e4gt 69 cm.<\/p>\n<p>Erfahren Sie unten mehr \u00fcber die Halskette und die verwendeten Steine.<\/p>","protected":false},"featured_media":165856,"comment_status":"open","ping_status":"closed","template":"","meta":{"_acf_changed":false,"_themeisle_gutenberg_block_has_review":false},"product_brand":[],"product_cat":[1064,1690,1150],"product_tag":[],"class_list":{"0":"post-166019","1":"product","2":"type-product","3":"status-publish","4":"has-post-thumbnail","6":"product_cat-mens-jewellery","7":"product_cat-necklaces","8":"product_cat-necklaces-for-men","10":"first","11":"outofstock","12":"taxable","13":"shipping-taxable","14":"purchasable","15":"product-type-simple"},"acf":[],"_links":{"self":[{"href":"https:\/\/trimakasi.eu\/de\/wp-json\/wp\/v2\/product\/166019","targetHints":{"allow":["GET"]}}],"collection":[{"href":"https:\/\/trimakasi.eu\/de\/wp-json\/wp\/v2\/product"}],"about":[{"href":"https:\/\/trimakasi.eu\/de\/wp-json\/wp\/v2\/types\/product"}],"replies":[{"embeddable":true,"href":"https:\/\/trimakasi.eu\/de\/wp-json\/wp\/v2\/comments?post=166019"}],"wp:featuredmedia":[{"embeddable":true,"href":"https:\/\/trimakasi.eu\/de\/wp-json\/wp\/v2\/media\/165856"}],"wp:attachment":[{"href":"https:\/\/trimakasi.eu\/de\/wp-json\/wp\/v2\/media?parent=166019"}],"wp:term":[{"taxonomy":"product_brand","embeddable":true,"href":"https:\/\/trimakasi.eu\/de\/wp-json\/wp\/v2\/product_brand?post=166019"},{"taxonomy":"product_cat","embeddable":true,"href":"https:\/\/trimakasi.eu\/de\/wp-json\/wp\/v2\/product_cat?post=166019"},{"taxonomy":"product_tag","embeddable":true,"href":"https:\/\/trimakasi.eu\/de\/wp-json\/wp\/v2\/product_tag?post=166019"}],"curies":[{"name":"wp","href":"https:\/\/api.w.org\/{rel}","templated":true}]}}