{"id":166008,"date":"2021-01-12T13:54:29","date_gmt":"2021-01-12T12:54:29","guid":{"rendered":"https:\/\/trimakasi.eu\/?post_type=product&#038;p=166008"},"modified":"2026-03-14T14:43:12","modified_gmt":"2026-03-14T13:43:12","slug":"dreizack-halskette-fur-manner","status":"publish","type":"product","link":"https:\/\/trimakasi.eu\/de\/product\/trident-necklace-for-men\/","title":{"rendered":"Dreizack-Halskette f\u00fcr M\u00e4nner"},"content":{"rendered":"<h3>Dreizack-Halskette<\/h3>\n<p>Der Dreizack: Das majest\u00e4tische Symbol von Poseidon, dem antiken griechischen Gott der Meere, verk\u00f6rpert Macht und Herrschaft. Dieses Instrument erm\u00f6glichte es Poseidon, die Ozeane zu kontrollieren, Wellen und St\u00fcrme heraufzubeschw\u00f6ren und Kontinente zu verschieben. Als Symbol der griechischen Mythologie ist der Dreizack eine kraftvolle Erinnerung an eine \u00c4ra voller G\u00f6tter und Helden, deren Leben in Geschichten voller Abenteuer verwoben waren. Das Tragen des Dreizacks erm\u00f6glicht es Ihnen, sich mit dieser alten Mythologie zu verbinden und eine Zeit voller Mythen und Legenden zu feiern.<\/p>","protected":false},"excerpt":{"rendered":"<p>Herrenhalskette \u201eDreizack\u201c: Ein Symbol f\u00fcr die Macht von Poseidon, dem Herrscher der Meere. In Poseidons H\u00e4nden war der Dreizack ein Symbol f\u00fcr Macht und Herrschaft. Jetzt kann es als Ihr Amulett dienen, das innere St\u00e4rke verk\u00f6rpert und Sie mit der alten Geschichte verbindet.\u201c<\/p>\n<p>Die L\u00e4nge der Kette ist verstellbar (61\u201366 cm) und die Halskette wird in einer Wildleder-Schutztasche mit dem Trimakasi-Logo geliefert.<\/p>\n<p>Extrem langlebiger Schmuck; Kettenmaterial:<\/p>\n<p>Silbervariante: Edelstahl poliert<\/p>\n<p>Goldvariante: Edelstahl vergoldet mit 18K Gold PVD<\/p>","protected":false},"featured_media":165825,"comment_status":"closed","ping_status":"closed","template":"","meta":{"_acf_changed":false,"_themeisle_gutenberg_block_has_review":false},"product_brand":[],"product_cat":[1064,1150,1690],"product_tag":[],"class_list":{"0":"post-166008","1":"product","2":"type-product","3":"status-publish","4":"has-post-thumbnail","6":"product_cat-mens-jewellery","7":"product_cat-necklaces-for-men","8":"product_cat-necklaces","10":"first","11":"instock","12":"taxable","13":"shipping-taxable","14":"purchasable","15":"product-type-variable","16":"has-default-attributes"},"acf":[],"_links":{"self":[{"href":"https:\/\/trimakasi.eu\/de\/wp-json\/wp\/v2\/product\/166008","targetHints":{"allow":["GET"]}}],"collection":[{"href":"https:\/\/trimakasi.eu\/de\/wp-json\/wp\/v2\/product"}],"about":[{"href":"https:\/\/trimakasi.eu\/de\/wp-json\/wp\/v2\/types\/product"}],"replies":[{"embeddable":true,"href":"https:\/\/trimakasi.eu\/de\/wp-json\/wp\/v2\/comments?post=166008"}],"wp:featuredmedia":[{"embeddable":true,"href":"https:\/\/trimakasi.eu\/de\/wp-json\/wp\/v2\/media\/165825"}],"wp:attachment":[{"href":"https:\/\/trimakasi.eu\/de\/wp-json\/wp\/v2\/media?parent=166008"}],"wp:term":[{"taxonomy":"product_brand","embeddable":true,"href":"https:\/\/trimakasi.eu\/de\/wp-json\/wp\/v2\/product_brand?post=166008"},{"taxonomy":"product_cat","embeddable":true,"href":"https:\/\/trimakasi.eu\/de\/wp-json\/wp\/v2\/product_cat?post=166008"},{"taxonomy":"product_tag","embeddable":true,"href":"https:\/\/trimakasi.eu\/de\/wp-json\/wp\/v2\/product_tag?post=166008"}],"curies":[{"name":"wp","href":"https:\/\/api.w.org\/{rel}","templated":true}]}}