{"id":166002,"date":"2023-10-11T19:27:23","date_gmt":"2023-10-11T17:27:23","guid":{"rendered":"https:\/\/trimakasi.eu\/?post_type=product&#038;p=166002"},"modified":"2025-12-02T14:04:58","modified_gmt":"2025-12-02T13:04:58","slug":"perlenkette-fur-manner-obsidian-hamatit","status":"publish","type":"product","link":"https:\/\/trimakasi.eu\/de\/product\/beaded-necklace-for-men-obsidian-hematite\/","title":{"rendered":"Perlenkette f\u00fcr M\u00e4nner aus Obsidian und H\u00e4matit"},"content":{"rendered":"<h3>Schwarzer Obsidian<\/h3>\n<p>Obsidian ist eine besondere Form nat\u00fcrlicher Edelsteine, die durch das schnelle Abk\u00fchlen der hei\u00dfen Lava an der Erdoberfl\u00e4che entsteht. Es wird seit der Steinzeit von der Menschheit verwendet, als J\u00e4ger aus seinen scharfen Sp\u00e4nen die Spitzen ihrer Waffen machten. Dieser Stein war auch <span lang=\"en\" tabindex=\"0\">gesch\u00e4tzt unter den alten Azteken, die ihn \"Gottes Stein\" nannten. Ihr heiliger Dolch, der f\u00fcr ihren ber\u00fcchtigtes Ritual mit Menschenopfern als Gaben f\u00fcr die G\u00f6tter entworfen wurde, wurde aus diesem Stein hergestellt.<\/span><\/p>\n<p><span lang=\"en\" tabindex=\"0\">Schwarzer Onyx, schwarzer Turmalin und schwarzer Obsidian gelten aufgrund ihrer dunklen Farbe als traditionelle Schutzsteine. Sie k\u00f6nnen Sie mit der sch\u00fctzenden Atmosph\u00e4re umgeben, die die gesamte Negativit\u00e4t Ihrer Umgebung absorbiert. Vor allem helfen sie, negative Gedankenmuster zu \u00fcberwinden, die sich aus den schw\u00e4chsten und giftigsten Emotionen ergeben - aus Angst.<\/span><\/p>\n<h3>Hematit<\/h3>\n<p>H\u00e4matit ist ein Stein mit dunklem Glanz, der an frisch gegossenes Chrom erinnert, mit einer Oberfl\u00e4che so glatt wie ein Spiegel. Seine dunkelgraue bis schwarze Farbe und seine k\u00fchle Haptik verleihen dem Tr\u00e4ger ein Gef\u00fchl von St\u00e4rke und Stabilit\u00e4t.<br \/>\nEs ist auch ein Stein, der mit Mut und Ausgeglichenheit assoziiert wird.<\/p>\n<p>Element: <strong>Feuer, Erde<\/strong><\/p>\n<p>Sternzeichen:\u00a0<strong>Sch\u00fctze, Skorpion, Steinbock, Widder<\/strong><\/p>\n<p>Das Armband harmonisiert das Wurzelchakra.<\/p>\n<p><a href=\"https:\/\/trimakasi.eu\/wp-content\/uploads\/\u010dakra1.jpg\"><img loading=\"lazy\" decoding=\"async\" class=\"alignnone size-full wp-image-138513\" src=\"https:\/\/trimakasi.eu\/wp-content\/uploads\/\u010dakra1.jpg\" alt=\"Wurzelchakra\" width=\"81\" height=\"88\" srcset=\"https:\/\/trimakasi.eu\/wp-content\/uploads\/\u010dakra1.jpg 81w, https:\/\/trimakasi.eu\/wp-content\/uploads\/\u010dakra1-11x12.jpg 11w\" sizes=\"auto, (max-width: 81px) 100vw, 81px\" \/><\/a><\/p>\n<p><a href=\"https:\/\/trimakasi.eu\/de\/vlog\/\"><u>Besuchen Sie unseren Video-Blog und entdecken Sie die Verbindung zwischen Edelsteinen, Steinzeichen, Chakren und vieles mehr.<\/u><\/a><\/p>","protected":false},"excerpt":{"rendered":"<p>Diese Halskette besteht aus Obsidian, der aus dem feurigen Herzen von Vulkanen entsteht, gepaart mit H\u00e4matit, dem Stein, der daf\u00fcr bekannt ist, Mut zu f\u00f6rdern. Sein elegantes und schlichtes Design ist nicht nur erschwinglich, sondern symbolisiert auch die Tugenden von St\u00e4rke, Ausgeglichenheit und Belastbarkeit auf dem Weg des Lebens.<\/p>\n<p>Das nahtlose Design der Halskette erm\u00f6glicht es, sie direkt \u00fcber dem Kopf zu tragen. Die L\u00e4nge der Halskette betr\u00e4gt 69 cm.<\/p>","protected":false},"featured_media":165859,"comment_status":"open","ping_status":"closed","template":"","meta":{"_acf_changed":false,"_themeisle_gutenberg_block_has_review":false},"product_brand":[],"product_cat":[1064,1150,1690],"product_tag":[],"class_list":{"0":"post-166002","1":"product","2":"type-product","3":"status-publish","4":"has-post-thumbnail","6":"product_cat-mens-jewellery","7":"product_cat-necklaces-for-men","8":"product_cat-necklaces","10":"first","11":"outofstock","12":"taxable","13":"shipping-taxable","14":"purchasable","15":"product-type-simple"},"acf":[],"_links":{"self":[{"href":"https:\/\/trimakasi.eu\/de\/wp-json\/wp\/v2\/product\/166002","targetHints":{"allow":["GET"]}}],"collection":[{"href":"https:\/\/trimakasi.eu\/de\/wp-json\/wp\/v2\/product"}],"about":[{"href":"https:\/\/trimakasi.eu\/de\/wp-json\/wp\/v2\/types\/product"}],"replies":[{"embeddable":true,"href":"https:\/\/trimakasi.eu\/de\/wp-json\/wp\/v2\/comments?post=166002"}],"wp:featuredmedia":[{"embeddable":true,"href":"https:\/\/trimakasi.eu\/de\/wp-json\/wp\/v2\/media\/165859"}],"wp:attachment":[{"href":"https:\/\/trimakasi.eu\/de\/wp-json\/wp\/v2\/media?parent=166002"}],"wp:term":[{"taxonomy":"product_brand","embeddable":true,"href":"https:\/\/trimakasi.eu\/de\/wp-json\/wp\/v2\/product_brand?post=166002"},{"taxonomy":"product_cat","embeddable":true,"href":"https:\/\/trimakasi.eu\/de\/wp-json\/wp\/v2\/product_cat?post=166002"},{"taxonomy":"product_tag","embeddable":true,"href":"https:\/\/trimakasi.eu\/de\/wp-json\/wp\/v2\/product_tag?post=166002"}],"curies":[{"name":"wp","href":"https:\/\/api.w.org\/{rel}","templated":true}]}}