{"id":165999,"date":"2021-10-11T19:23:08","date_gmt":"2021-10-11T17:23:08","guid":{"rendered":"https:\/\/trimakasi.eu\/?post_type=product&#038;p=165999"},"modified":"2024-01-14T10:26:08","modified_gmt":"2024-01-14T09:26:08","slug":"pfeilspitzen-minimalistische-halskette-fur-herren","status":"publish","type":"product","link":"https:\/\/trimakasi.eu\/de\/product\/arrowhead-minimalist-necklace-for-men\/","title":{"rendered":"Minimalistische Pfeilspitzen-Halskette f\u00fcr M\u00e4nner"},"content":{"rendered":"","protected":false},"excerpt":{"rendered":"<p>Der minimalistische Anh\u00e4nger in Form einer Pfeilspitze ist aus hochwertigem Edelstahl gefertigt und verk\u00f6rpert eine subtile und dennoch markante \u00c4sthetik.<\/p>\n<p>Wenn weniger mehr ist.<\/p>\n<p>Die L\u00e4nge der Kette betr\u00e4gt 66cm.<\/p>","protected":false},"featured_media":165863,"comment_status":"closed","ping_status":"closed","template":"","meta":{"_acf_changed":false,"_themeisle_gutenberg_block_has_review":false},"product_brand":[],"product_cat":[1064,1150,1690],"product_tag":[],"class_list":{"0":"post-165999","1":"product","2":"type-product","3":"status-publish","4":"has-post-thumbnail","6":"product_cat-mens-jewellery","7":"product_cat-necklaces-for-men","8":"product_cat-necklaces","10":"first","11":"instock","12":"taxable","13":"shipping-taxable","14":"purchasable","15":"product-type-simple"},"acf":[],"_links":{"self":[{"href":"https:\/\/trimakasi.eu\/de\/wp-json\/wp\/v2\/product\/165999","targetHints":{"allow":["GET"]}}],"collection":[{"href":"https:\/\/trimakasi.eu\/de\/wp-json\/wp\/v2\/product"}],"about":[{"href":"https:\/\/trimakasi.eu\/de\/wp-json\/wp\/v2\/types\/product"}],"replies":[{"embeddable":true,"href":"https:\/\/trimakasi.eu\/de\/wp-json\/wp\/v2\/comments?post=165999"}],"wp:featuredmedia":[{"embeddable":true,"href":"https:\/\/trimakasi.eu\/de\/wp-json\/wp\/v2\/media\/165863"}],"wp:attachment":[{"href":"https:\/\/trimakasi.eu\/de\/wp-json\/wp\/v2\/media?parent=165999"}],"wp:term":[{"taxonomy":"product_brand","embeddable":true,"href":"https:\/\/trimakasi.eu\/de\/wp-json\/wp\/v2\/product_brand?post=165999"},{"taxonomy":"product_cat","embeddable":true,"href":"https:\/\/trimakasi.eu\/de\/wp-json\/wp\/v2\/product_cat?post=165999"},{"taxonomy":"product_tag","embeddable":true,"href":"https:\/\/trimakasi.eu\/de\/wp-json\/wp\/v2\/product_tag?post=165999"}],"curies":[{"name":"wp","href":"https:\/\/api.w.org\/{rel}","templated":true}]}}