{"id":165987,"date":"2022-01-09T13:06:46","date_gmt":"2022-01-09T12:06:46","guid":{"rendered":"https:\/\/trimakasi.eu\/?post_type=product&#038;p=165987"},"modified":"2024-03-25T18:24:24","modified_gmt":"2024-03-25T17:24:24","slug":"goldene-kreuz-halskette-fur-manner","status":"publish","type":"product","link":"https:\/\/trimakasi.eu\/de\/product\/golden-cross-necklace-for-men\/","title":{"rendered":"Goldene Kreuzkette f\u00fcr M\u00e4nner"},"content":{"rendered":"<p>&nbsp;<\/p>\n<h3>Labradorit \u2013 Stein von Aurora Borealis<\/h3>\n<p>Labradorit ist bei Menschen auf der ganzen Welt auf allen Ebenen ihrer spirituellen Reise zu einem sehr beliebten Stein geworden. Es ist ein Stein von Schamanen, Druiden, Heilern und allen, die ein tieferes Verst\u00e4ndnis dieser Welt und tieferes spirituelles Wissen suchen. Labradorit entz\u00fcndet das Feuer der Fatasie,  beruhigt die Meschen und schafft die Angst ab.<br \/>\nNach den Legenden der indigenen Inuit-St\u00e4mme wurde Labradorit durch einen Sturz aus der Aurora Borealis geschaffen, dem mysteri\u00f6sen Licht, das die \u201ereale Welt\u201c von der Welt hinter dem Vorhang trennt. Labradorit ist ein starker Besch\u00fctzer der menschlichen Aura, der das Austreten seiner Energie und jegliches Abflie\u00dfen Ihrer pers\u00f6nlichen Energie verhindert.<\/p>\n<p>Element: <strong>Wasser<\/strong><\/p>\n<p>Sternzeichen:<strong> Waage, Krebs, Steinbock<\/strong><\/p>\n<p>Das Armband harmonisiert alle Chakren.<\/p>\n<p><a href=\"https:\/\/trimakasi.eu\/de\/vlog\/\"><u>Besuchen Sie unseren Video-Blog und entdecken Sie die Verbindung zwischen Edelsteinen, Steinzeichen, Chakren und vieles mehr.<\/u><\/a><\/p>","protected":false},"excerpt":{"rendered":"<p>Das Labradorit-Kreuz, eingefasst in 18 Karat vergoldeten Edelstahl, vereint schlichtes Design und spirituelle Tiefe.<\/p>\n<p>Labradorit ist traditionell f\u00fcr seine F\u00e4higkeit bekannt, den Geist zu erleuchten und gleichzeitig Frieden und Schutz zu bieten, sodass die Seele sicher tiefer in die Welt des spirituellen Wissens eintauchen kann.<\/p>\n<p>Die Kettenl\u00e4nge betr\u00e4gt 66 cm und die Halskette wird in einer Wildleder-Schutztasche mit dem Trimakasi-Logo geliefert.<\/p>\n<p>Ein Schmuckst\u00fcck, das sich durch seine Langlebigkeit auszeichnet.<\/p>","protected":false},"featured_media":165823,"comment_status":"open","ping_status":"closed","template":"","meta":{"_acf_changed":false,"_themeisle_gutenberg_block_has_review":false},"product_brand":[],"product_cat":[1064,1150,1690],"product_tag":[],"class_list":{"0":"post-165987","1":"product","2":"type-product","3":"status-publish","4":"has-post-thumbnail","6":"product_cat-mens-jewellery","7":"product_cat-necklaces-for-men","8":"product_cat-necklaces","10":"first","11":"instock","12":"taxable","13":"shipping-taxable","14":"purchasable","15":"product-type-simple"},"acf":[],"_links":{"self":[{"href":"https:\/\/trimakasi.eu\/de\/wp-json\/wp\/v2\/product\/165987","targetHints":{"allow":["GET"]}}],"collection":[{"href":"https:\/\/trimakasi.eu\/de\/wp-json\/wp\/v2\/product"}],"about":[{"href":"https:\/\/trimakasi.eu\/de\/wp-json\/wp\/v2\/types\/product"}],"replies":[{"embeddable":true,"href":"https:\/\/trimakasi.eu\/de\/wp-json\/wp\/v2\/comments?post=165987"}],"wp:featuredmedia":[{"embeddable":true,"href":"https:\/\/trimakasi.eu\/de\/wp-json\/wp\/v2\/media\/165823"}],"wp:attachment":[{"href":"https:\/\/trimakasi.eu\/de\/wp-json\/wp\/v2\/media?parent=165987"}],"wp:term":[{"taxonomy":"product_brand","embeddable":true,"href":"https:\/\/trimakasi.eu\/de\/wp-json\/wp\/v2\/product_brand?post=165987"},{"taxonomy":"product_cat","embeddable":true,"href":"https:\/\/trimakasi.eu\/de\/wp-json\/wp\/v2\/product_cat?post=165987"},{"taxonomy":"product_tag","embeddable":true,"href":"https:\/\/trimakasi.eu\/de\/wp-json\/wp\/v2\/product_tag?post=165987"}],"curies":[{"name":"wp","href":"https:\/\/api.w.org\/{rel}","templated":true}]}}