{"id":165921,"date":"2023-10-04T18:17:05","date_gmt":"2023-10-04T16:17:05","guid":{"rendered":"https:\/\/trimakasi.eu\/?post_type=product&#038;p=165921"},"modified":"2025-06-29T16:04:24","modified_gmt":"2025-06-29T14:04:24","slug":"mondstein-halskette-tropfen-der-intuition","status":"publish","type":"product","link":"https:\/\/trimakasi.eu\/de\/product\/moonstone-necklace-drop-of-intuition\/","title":{"rendered":"Mondstein Halskette \u2013 Tropfen der Intuition"},"content":{"rendered":"<h3>Mondstein<\/h3>\n<p>Mondstein harmonisiert Emotionen auf der Ebene des menschlichen Unterbewusstseins, st\u00e4rkt die Intuition erheblich und hilft uns, auf unsere innere Stimme zu h\u00f6ren. Die  Harmonisierung von Emotionen hat eine stark heilende Wirkung auf den menschlichen Geist und K\u00f6rper.  Der Mondstein unterst\u00fctzt uns, wenn wir \u00fcber unsere Emotionen reden,  die bis jetzt auf der Ebene unseres Unterbewusstseins geblieben sind. Er mildert auch den Stress, der mit einem hohen Arbeitseinsatz verbunden ist.<\/p>\n<p>Der Mondstein, in Indien als \u201eChandra Kant Mani\u201c bekannt, ist ein heiliger Stein der Indern, f\u00fcr sie symbolisiert er Hoffnung, geistige Reinheit und die Unwichtigkeit eigenes Ego. Laut den Indern hilft dieser Stein den Materialismus zu bek\u00e4mpfen und st\u00e4rkt den Glauben der Gl\u00e4ubigen in allen Religionen. In der hinduistischen Mythologie wird behauptet, dass der Mondstein durch Versteinerung der Mondstrahlen gebildet worden ist.<\/p>\n<p>Mit dem Mondstein schenkt man besonders  Frauen gleichzeitig auch Liebe, denn er  harmonisert nicht nur Emotionen allgemein, sondern weckt auch die romantische Liebe auf. Dieser Edelstein hilft, den biologischen Rhythmus des menschlichen K\u00f6rpers zu harmonisieren und beeinflusst das weibliche Fortpflanzungssystem: Er erh\u00f6ht die Fruchtbarkeit, hilft bei Menstruationsproblemen, gleicht das Hormonsystem aus und beseitigt die Fl\u00fcssigkeitsretention.<\/p>\n<p>Herkunftsland: <strong>Sri Lanka<\/strong><\/p>\n<p>Element: <strong>Wasser<\/strong><\/p>\n<p>Sternzeichen: <strong>Krebs, Zwillinge, Fische, Skorpion<\/strong><\/p>\n<p>Dieses Armband harmoniert das Hals- und Kronenchakra<\/p>\n<p><a href=\"https:\/\/trimakasi.eu\/wp-content\/uploads\/\u010dakra5.jpg\"><img loading=\"lazy\" decoding=\"async\" class=\"alignnone size-full wp-image-138515\" src=\"https:\/\/trimakasi.eu\/wp-content\/uploads\/\u010dakra5.jpg\" alt=\"Halschakra\" width=\"81\" height=\"87\" srcset=\"https:\/\/trimakasi.eu\/wp-content\/uploads\/\u010dakra5.jpg 81w, https:\/\/trimakasi.eu\/wp-content\/uploads\/\u010dakra5-11x12.jpg 11w\" sizes=\"auto, (max-width: 81px) 100vw, 81px\" \/><\/a><a href=\"https:\/\/trimakasi.eu\/wp-content\/uploads\/crown-chakra.jpg\"><img loading=\"lazy\" decoding=\"async\" class=\"alignnone wp-image-132743\" src=\"https:\/\/trimakasi.eu\/wp-content\/uploads\/crown-chakra.jpg\" alt=\"\" width=\"82\" height=\"90\" srcset=\"https:\/\/trimakasi.eu\/wp-content\/uploads\/crown-chakra.jpg 92w, https:\/\/trimakasi.eu\/wp-content\/uploads\/crown-chakra-11x12.jpg 11w\" sizes=\"auto, (max-width: 82px) 100vw, 82px\" \/><\/a><\/p>\n<p><a href=\"https:\/\/trimakasi.eu\/de\/vlog\/\"><u>Besuchen Sie unseren Video-Blog und entdecken Sie die Verbindung zwischen Edelsteinen, Steinzeichen, Chakren und vieles mehr.<\/u><\/a><\/p>","protected":false},"excerpt":{"rendered":"<p>Halskette mit authentischem Mondstein, meisterhaft facettiert in einer eleganten Tropfenform. Jeder Mondsteinanh\u00e4nger wird wegen seiner einzigartigen blauen Farbreflexion ausgew\u00e4hlt und stellt so ein elegantes St\u00fcck dar, das so individuell ist wie Sie.<\/p>\n<p>Lassen Sie \u201eTropfen der Intuition\u201c Ihre innere St\u00e4rke widerspiegeln und Ihre Entscheidungen mit ihrem subtilen Charme leiten, der Sie jedes Mal, wenn Sie in Spiegel blicken, an die Kraft der Intuition erinnert.<\/p>\n<p>Die Kette hat eine verstellbare L\u00e4nge von 46-52 cm, ist aus Edelstahl gefertigt und f\u00fcr eine lange Haltbarkeit im PVD-Verfahren mit echtem 18-kar\u00e4tigem Gold beschichtet. Die Gr\u00f6\u00dfe des minimalistischen Anh\u00e4ngers betr\u00e4gt ca. 0,6 x 1,2 cm. Die Halskette wird in einer luxuri\u00f6sen rosafarbenen Schachtel mit dem Trimakasi-Logo geliefert und ist somit ein perfektes Geschenk.<\/p>","protected":false},"featured_media":166101,"comment_status":"open","ping_status":"closed","template":"","meta":{"_acf_changed":false,"_themeisle_gutenberg_block_has_review":false},"product_brand":[],"product_cat":[569,1690,1149,1316,553],"product_tag":[],"class_list":{"0":"post-165921","1":"product","2":"type-product","3":"status-publish","4":"has-post-thumbnail","6":"product_cat-minimalist-jewellery-for-women","7":"product_cat-necklaces","8":"product_cat-necklaces-for-women","9":"product_cat-rare-gemstone-bracelets","10":"product_cat-womens-jewellery","12":"first","13":"outofstock","14":"taxable","15":"shipping-taxable","16":"purchasable","17":"product-type-variable","18":"has-default-attributes"},"acf":[],"_links":{"self":[{"href":"https:\/\/trimakasi.eu\/de\/wp-json\/wp\/v2\/product\/165921","targetHints":{"allow":["GET"]}}],"collection":[{"href":"https:\/\/trimakasi.eu\/de\/wp-json\/wp\/v2\/product"}],"about":[{"href":"https:\/\/trimakasi.eu\/de\/wp-json\/wp\/v2\/types\/product"}],"replies":[{"embeddable":true,"href":"https:\/\/trimakasi.eu\/de\/wp-json\/wp\/v2\/comments?post=165921"}],"wp:featuredmedia":[{"embeddable":true,"href":"https:\/\/trimakasi.eu\/de\/wp-json\/wp\/v2\/media\/166101"}],"wp:attachment":[{"href":"https:\/\/trimakasi.eu\/de\/wp-json\/wp\/v2\/media?parent=165921"}],"wp:term":[{"taxonomy":"product_brand","embeddable":true,"href":"https:\/\/trimakasi.eu\/de\/wp-json\/wp\/v2\/product_brand?post=165921"},{"taxonomy":"product_cat","embeddable":true,"href":"https:\/\/trimakasi.eu\/de\/wp-json\/wp\/v2\/product_cat?post=165921"},{"taxonomy":"product_tag","embeddable":true,"href":"https:\/\/trimakasi.eu\/de\/wp-json\/wp\/v2\/product_tag?post=165921"}],"curies":[{"name":"wp","href":"https:\/\/api.w.org\/{rel}","templated":true}]}}