{"id":165917,"date":"2022-09-04T17:34:48","date_gmt":"2022-09-04T15:34:48","guid":{"rendered":"https:\/\/trimakasi.eu\/?post_type=product&#038;p=165917"},"modified":"2026-03-20T22:46:36","modified_gmt":"2026-03-20T21:46:36","slug":"labradorit-halskette-tropfen-des-bewusstseins","status":"publish","type":"product","link":"https:\/\/trimakasi.eu\/de\/product\/labradorite-necklace-drop-of-consciousness\/","title":{"rendered":"Labradorit Halskette \u2013 Tropfen des Bewusstseins"},"content":{"rendered":"<h3>Labradorit \u2013 Stein von Aurora Borealis<\/h3>\n<p>Labradorit ist bei Menschen auf der ganzen Welt auf allen Ebenen ihrer spirituellen Reise zu einem sehr beliebten Stein geworden. Es ist ein Stein von Schamanen, Druiden, Heilern und allen, die ein tieferes Verst\u00e4ndnis dieser Welt und tieferes spirituelles Wissen suchen. Labradorit entz\u00fcndet das Feuer der Fatasie,  beruhigt die Meschen und schafft die Angst ab.<\/p>\n<p>Nach den Legenden der indigenen Inuit-St\u00e4mme wurde Labradorit durch einen Sturz aus der Aurora Borealis geschaffen, dem mysteri\u00f6sen Licht, das die \u201ereale Welt\u201c von der Welt hinter dem Vorhang trennt. Labradorit ist ein starker Besch\u00fctzer der menschlichen Aura, der das Austreten seiner Energie und jegliches Abflie\u00dfen Ihrer pers\u00f6nlichen Energie verhindert.<\/p>\n<p>Element: <strong>Wasser<\/strong><\/p>\n<p>Sternzeichen:<strong> Waage, Krebs, Steinbock<\/strong><\/p>\n<p>Das Armband harmonisiert alle Chakren.<\/p>\n<p><a href=\"https:\/\/trimakasi.eu\/de\/vlog\/\"><u>Besuchen Sie unseren Video-Blog und entdecken Sie die Verbindung zwischen Edelsteinen, Steinzeichen, Chakren und vieles mehr.<\/u><\/a><\/p>","protected":false},"excerpt":{"rendered":"<p>Eine Halskette f\u00fcr Damen mit echtem Labradorit, kunstvoll facettiert in die Form eines eleganten Tropfens, wird ein geheimnisvolles Schmuckst\u00fcck an Ihrem Hals sein.<\/p>\n<p>Jeder Labradorit-Tropfen wird aufgrund seines einzigartigen Farbspiels handverlesen und symbolisiert das Erwachen Ihres Bewusstseins. Tragen Sie diese Halskette als t\u00e4gliche Erinnerung an Ihr weitreichendes Potenzial, die Sie mit Klarheit und Einsicht auf Ihrem Weg zu pers\u00f6nlichem Wachstum f\u00fchrt.<\/p>\n<p>Die Kette hat eine verstellbare L\u00e4nge von 46-52 cm, ist aus Edelstahl gefertigt und f\u00fcr eine lange Haltbarkeit im PVD-Verfahren mit echtem 18-kar\u00e4tigem Gold beschichtet. Die Gr\u00f6\u00dfe des minimalistischen Anh\u00e4ngers betr\u00e4gt ca. 0,6 x 1,2 cm. Die Halskette wird in einer luxuri\u00f6sen rosafarbenen Schachtel mit dem Trimakasi-Logo geliefert und ist somit ein perfektes Geschenk.<\/p>","protected":false},"featured_media":165872,"comment_status":"open","ping_status":"closed","template":"","meta":{"_acf_changed":false,"_themeisle_gutenberg_block_has_review":false},"product_brand":[],"product_cat":[569,1149,1690,553],"product_tag":[],"class_list":{"0":"post-165917","1":"product","2":"type-product","3":"status-publish","4":"has-post-thumbnail","6":"product_cat-minimalist-jewellery-for-women","7":"product_cat-necklaces-for-women","8":"product_cat-necklaces","9":"product_cat-womens-jewellery","11":"first","12":"instock","13":"taxable","14":"shipping-taxable","15":"purchasable","16":"product-type-variable","17":"has-default-attributes"},"acf":[],"_links":{"self":[{"href":"https:\/\/trimakasi.eu\/de\/wp-json\/wp\/v2\/product\/165917","targetHints":{"allow":["GET"]}}],"collection":[{"href":"https:\/\/trimakasi.eu\/de\/wp-json\/wp\/v2\/product"}],"about":[{"href":"https:\/\/trimakasi.eu\/de\/wp-json\/wp\/v2\/types\/product"}],"replies":[{"embeddable":true,"href":"https:\/\/trimakasi.eu\/de\/wp-json\/wp\/v2\/comments?post=165917"}],"wp:featuredmedia":[{"embeddable":true,"href":"https:\/\/trimakasi.eu\/de\/wp-json\/wp\/v2\/media\/165872"}],"wp:attachment":[{"href":"https:\/\/trimakasi.eu\/de\/wp-json\/wp\/v2\/media?parent=165917"}],"wp:term":[{"taxonomy":"product_brand","embeddable":true,"href":"https:\/\/trimakasi.eu\/de\/wp-json\/wp\/v2\/product_brand?post=165917"},{"taxonomy":"product_cat","embeddable":true,"href":"https:\/\/trimakasi.eu\/de\/wp-json\/wp\/v2\/product_cat?post=165917"},{"taxonomy":"product_tag","embeddable":true,"href":"https:\/\/trimakasi.eu\/de\/wp-json\/wp\/v2\/product_tag?post=165917"}],"curies":[{"name":"wp","href":"https:\/\/api.w.org\/{rel}","templated":true}]}}