{"id":165070,"date":"2023-09-30T10:42:59","date_gmt":"2023-09-30T08:42:59","guid":{"rendered":"https:\/\/trimakasi.eu\/?post_type=product&#038;p=165070"},"modified":"2024-07-28T13:31:35","modified_gmt":"2024-07-28T11:31:35","slug":"reisperlen-armband","status":"publish","type":"product","link":"https:\/\/trimakasi.eu\/de\/product\/rice-pearl-bracelet\/","title":{"rendered":"Reisperlenarmband"},"content":{"rendered":"<h3>S\u00fc\u00dfwasserreisperlen<\/h3>\n<p>Reisperlen haben eine charakteristische Form und Gr\u00f6\u00dfe, die den Reisk\u00f6rnern \u00e4hnelt. Ihre zarte und l\u00e4ngliche Form verleiht ihnen ein ungew\u00f6hnliches Aussehen und Eleganz.<br \/>\nTraditionell sind sie in Asien ein Symbol f\u00fcr Zartheit, Weiblichkeit und Perfektion. Sie werden mit Reinheit und Harmonie in Verbindung gebracht und gelten oft als Gl\u00fccks- und Schutztalismane.<\/p>\n<p>Naturperlen sind ein zeitloses Modeaccessoire, das garantiert alle Blicke auf sich zieht! Sie strahlen ein elegantes Temperament aus und sind ein Symbol f\u00fcr Gesundheit, Reinheit, Wohlstand und Gl\u00fcck. Jede Perle ist das Ergebnis eines langfristigen Prozesses in der Natur und tr\u00e4gt eine einzigartige Geschichte in sich, die in ihren Schichten festgehalten ist.<\/p>\n<p>Mit dem Kauf von Schmuck aus S\u00fc\u00dfwasserperlen (Flussperlen) treffen Sie auch eine ethische Entscheidung. Im Gegensatz zu Meeresperlen, deren Ernte sch\u00e4dlich f\u00fcr das Meeres\u00f6kosystem sein kann, werden S\u00fc\u00dfwasserperlen umweltfreundlicher in Fl\u00fcssen und Seen gez\u00fcchtet. Eine Investition in S\u00fc\u00dfwasserperlenschmuck ist eine Investition in dauerhafte Sch\u00f6nheit. Mit der Zeit l\u00e4sst ihr Glanz nicht nach, sondern nimmt zu, was ihnen eine tiefere und reichere Bedeutung verleiht.<\/p>\n<p>Naturperlen sind ein zeitloses Modeaccessoire und ein Symbol f\u00fcr Gesundheit, Reinheit, Wohlstand und Gl\u00fcck.<\/p>\n<p>Jede Perle ist in Farbe, Form und Gr\u00f6\u00dfe ein Original.<\/p>\n<p>Perlen k\u00f6nnen dabei helfen, das Gleichgewicht und den nat\u00fcrlichen Rhythmus des K\u00f6rpers vollst\u00e4ndig wiederherzustellen.<\/p>\n<p>Element: <strong>Wasser<\/strong><\/p>\n<p>Sternzeichen: <strong>Zwillinge, Krebs, Waage, Steinbock und Fische<\/strong><\/p>\n<p>Das Armband harmonisiert alle Chakren, aber haupts\u00e4chlich das Herz- und Kronenchakra:<\/p>\n<p><a href=\"https:\/\/trimakasi.eu\/wp-content\/uploads\/2020\/07\/\u010dakra4.jpg\"><img loading=\"lazy\" decoding=\"async\" class=\"alignnone size-full wp-image-83566\" src=\"https:\/\/trimakasi.eu\/wp-content\/uploads\/2020\/07\/\u010dakra4.jpg\" alt=\"Herzchakra\" width=\"79\" height=\"93\" srcset=\"https:\/\/trimakasi.eu\/wp-content\/uploads\/2020\/07\/\u010dakra4.jpg 79w, https:\/\/trimakasi.eu\/wp-content\/uploads\/2020\/07\/\u010dakra4-10x12.jpg 10w\" sizes=\"auto, (max-width: 79px) 100vw, 79px\" \/><\/a><img loading=\"lazy\" decoding=\"async\" class=\"alignnone wp-image-74571\" src=\"https:\/\/trimakasi.eu\/wp-content\/uploads\/2019\/05\/akra7.jpg\" alt=\"\" width=\"78\" height=\"86\" srcset=\"https:\/\/trimakasi.eu\/wp-content\/uploads\/2019\/05\/akra7.jpg 92w, https:\/\/trimakasi.eu\/wp-content\/uploads\/2019\/05\/akra7-11x12.jpg 11w\" sizes=\"auto, (max-width: 78px) 100vw, 78px\" \/><\/p>\n<p><a href=\"https:\/\/trimakasi.eu\/de\/vlog\/\"><u>Besuchen Sie unseren Video-Blog und entdecken Sie die Verbindung zwischen Edelsteinen, Steinzeichen, Chakren und vieles mehr.<\/u><\/a><\/p>","protected":false},"excerpt":{"rendered":"<p>Perlenarmband aus ausgew\u00e4hlten Flussperlen in Form und Gr\u00f6\u00dfe von Reisk\u00f6rnern. Reisperlen verleihen dem Armband ein v\u00f6llig originelles Aussehen, das \u00fcber gew\u00f6hnlichen Schmuck hinausgeht.<\/p>\n<p>Die Mode \u00e4ndert sich, aber Perlen bleiben! Jede Perle ist ein Unikat, keine gleicht der anderen \u2013 genau wie Sie.<\/p>\n<p>Verpassen Sie nicht die Gelegenheit, ein Schmuckst\u00fcck zu besitzen, das von der Meisterschaft der Natur zeugt und Sie mit Eleganz und Charme auf Ihrer Reise durchs Leben begleitet.<\/p>\n<p>Dank der verstellbaren Gr\u00f6\u00dfe passt es jeder Frau! Erfahren Sie unten mehr \u00fcber Perlen.<\/p>","protected":false},"featured_media":165085,"comment_status":"open","ping_status":"closed","template":"","meta":{"_acf_changed":false,"_themeisle_gutenberg_block_has_review":false},"product_brand":[],"product_cat":[569,1717,1689,553],"product_tag":[],"class_list":{"0":"post-165070","1":"product","2":"type-product","3":"status-publish","4":"has-post-thumbnail","6":"product_cat-minimalist-jewellery-for-women","7":"product_cat-pearl-jewellery","8":"product_cat-simple-bracelets","9":"product_cat-womens-jewellery","11":"first","12":"instock","13":"taxable","14":"shipping-taxable","15":"purchasable","16":"product-type-variable","17":"has-default-attributes"},"acf":[],"_links":{"self":[{"href":"https:\/\/trimakasi.eu\/de\/wp-json\/wp\/v2\/product\/165070","targetHints":{"allow":["GET"]}}],"collection":[{"href":"https:\/\/trimakasi.eu\/de\/wp-json\/wp\/v2\/product"}],"about":[{"href":"https:\/\/trimakasi.eu\/de\/wp-json\/wp\/v2\/types\/product"}],"replies":[{"embeddable":true,"href":"https:\/\/trimakasi.eu\/de\/wp-json\/wp\/v2\/comments?post=165070"}],"wp:featuredmedia":[{"embeddable":true,"href":"https:\/\/trimakasi.eu\/de\/wp-json\/wp\/v2\/media\/165085"}],"wp:attachment":[{"href":"https:\/\/trimakasi.eu\/de\/wp-json\/wp\/v2\/media?parent=165070"}],"wp:term":[{"taxonomy":"product_brand","embeddable":true,"href":"https:\/\/trimakasi.eu\/de\/wp-json\/wp\/v2\/product_brand?post=165070"},{"taxonomy":"product_cat","embeddable":true,"href":"https:\/\/trimakasi.eu\/de\/wp-json\/wp\/v2\/product_cat?post=165070"},{"taxonomy":"product_tag","embeddable":true,"href":"https:\/\/trimakasi.eu\/de\/wp-json\/wp\/v2\/product_tag?post=165070"}],"curies":[{"name":"wp","href":"https:\/\/api.w.org\/{rel}","templated":true}]}}