{"id":165065,"date":"2022-07-30T21:45:01","date_gmt":"2022-07-30T19:45:01","guid":{"rendered":"https:\/\/trimakasi.eu\/?post_type=product&#038;p=165065"},"modified":"2024-09-22T11:12:01","modified_gmt":"2024-09-22T09:12:01","slug":"tigerauge-pfeilspitzen-halskette-fur-herren","status":"publish","type":"product","link":"https:\/\/trimakasi.eu\/de\/product\/tigers-eye-arrowhead-necklace-for-men\/","title":{"rendered":"Pfeilspitze aus Tigerauge \u2013 Halskette f\u00fcr M\u00e4nner"},"content":{"rendered":"<h3 class=\"LC20lb\">Tigerauge<\/h3>\n<p>Dieses Mineral begleitet als Talisman die Menschheit seit der Antike. W\u00e4hrend der goldene Zeit des \u00e4gyptischen Reiches wurde es als Augen der Statuen der \u00e4gyptischen G\u00f6tter verwendet, von denen dieser Stein den Spitznamen \u201edas allwissende und allwissende Auge\u201c erhielt. Das Tigerauge dr\u00fcckte im alten \u00c4gypten G\u00f6ttlichkeit und Schutz durch die Kombination der Kraft der Erde und der Sonne aus (Ra, der Sonnengott, und Geb, der Gott der Erde und der Vater aller G\u00f6tter).<\/p>\n<p>R\u00f6mische Soldaten trugen in Schlachten ein Tigerauge in dem Glauben, dass sie sich mutiger f\u00fchlen werden. Dies h\u00e4ngt auch damit zusammen, dass dieser Stein immer noch als M\u00e4nnerschmuck gilt, der den Menschen die Essenz mutiger Krieger zur\u00fcckgibt. Interessant ist auch, dass dieser Stein im 16. Jahrhundert unter afrikanischen St\u00e4mmen teuerer als Gold war.<\/p>\n<p>Tigerauge hat die F\u00e4higkeit, Negativit\u00e4t zu zerstreuen. Seine goldene Farbe zieht Wohlstand und Reichtum an. Sie repr\u00e4sentiert die Sonne und die damit verbundene Tendenz, im Mittelpunkt zu stehen. Die starken, erdenden und positiven Schwingungen dieses Steins sind dazu geeignet, den tiefen Zustand der Meditation hervorrufen!<\/p>\n<p>Element: <strong>Erde, Feuer<\/strong><\/p>\n<p>Sternzeichen: <strong>Steinbock, Waage, Jungfrau, L\u00f6we, Zwillinge, Widder<\/strong><\/p>\n<p>Das Armband harmonisiert das Solarplexus-Chakra und das Wurzel-Chakra<\/p>\n<p><img loading=\"lazy\" decoding=\"async\" class=\"alignnone size-full wp-image-72745\" src=\"https:\/\/trimakasi.cz\/wp-content\/uploads\/2018\/07\/%C4%8Dakra3.jpg\" alt=\"\" width=\"77\" height=\"86\" \/><img loading=\"lazy\" decoding=\"async\" class=\"alignnone size-full wp-image-72742\" src=\"https:\/\/trimakasi.cz\/wp-content\/uploads\/2018\/08\/%C4%8Dakra1.jpg\" alt=\"Z\u00e1kladn\u00ed \u010dakra\" width=\"81\" height=\"88\" \/><\/p>\n<p><a href=\"https:\/\/trimakasi.eu\/de\/vlog\/\"><u>Besuchen Sie unseren Video-Blog und entdecken Sie die Verbindung zwischen Edelsteinen, Steinzeichen, Chakren und vieles mehr.<\/u><\/a><\/p>","protected":false},"excerpt":{"rendered":"<p>Erwecken Sie Ihren Erfolgsgeist mit unserer handgefertigten Tigerauge-Pfeilspitzen-Halskette. Geformt aus nat\u00fcrlichem Tigerauge, einem Edelstein, der traditionell getragen wird, um Wohlstand anzulocken und als sch\u00fctzendes Amulett zu dienen, ist diese Halskette nicht nur ein Accessoire \u2013 sie ist ein kraftvoller Talisman f\u00fcr Mut, Widerstandsf\u00e4higkeit und Erfolg.<\/p>\n<p>Mit ihrer einzigartigen Pfeilspitzenform wird diese Halskette zum Symbol Ihres unnachgiebigen Geistes und des Mutes, Ihre Ziele zu verfolgen. Lassen Sie die satten, goldenen Farbt\u00f6ne des Tigerauges auf Ihrer Reise zu Reichtum und Schutz inspirieren.<br \/>\nKettenl\u00e4nge: 69 cm oder 80 cm<\/p>\n<p>Kettenfarbe\/Material: Schwarz \/ PVD-beschichteter Edelstahl<\/p>\n<p>Steinma\u00dfe: ca. 5cm x 2cm<\/p>","protected":false},"featured_media":165060,"comment_status":"open","ping_status":"closed","template":"","meta":{"_acf_changed":false,"_themeisle_gutenberg_block_has_review":false},"product_brand":[],"product_cat":[1064,1690,1150],"product_tag":[],"class_list":{"0":"post-165065","1":"product","2":"type-product","3":"status-publish","4":"has-post-thumbnail","6":"product_cat-mens-jewellery","7":"product_cat-necklaces","8":"product_cat-necklaces-for-men","10":"first","11":"instock","12":"taxable","13":"shipping-taxable","14":"purchasable","15":"product-type-variable","16":"has-default-attributes"},"acf":[],"_links":{"self":[{"href":"https:\/\/trimakasi.eu\/de\/wp-json\/wp\/v2\/product\/165065","targetHints":{"allow":["GET"]}}],"collection":[{"href":"https:\/\/trimakasi.eu\/de\/wp-json\/wp\/v2\/product"}],"about":[{"href":"https:\/\/trimakasi.eu\/de\/wp-json\/wp\/v2\/types\/product"}],"replies":[{"embeddable":true,"href":"https:\/\/trimakasi.eu\/de\/wp-json\/wp\/v2\/comments?post=165065"}],"wp:featuredmedia":[{"embeddable":true,"href":"https:\/\/trimakasi.eu\/de\/wp-json\/wp\/v2\/media\/165060"}],"wp:attachment":[{"href":"https:\/\/trimakasi.eu\/de\/wp-json\/wp\/v2\/media?parent=165065"}],"wp:term":[{"taxonomy":"product_brand","embeddable":true,"href":"https:\/\/trimakasi.eu\/de\/wp-json\/wp\/v2\/product_brand?post=165065"},{"taxonomy":"product_cat","embeddable":true,"href":"https:\/\/trimakasi.eu\/de\/wp-json\/wp\/v2\/product_cat?post=165065"},{"taxonomy":"product_tag","embeddable":true,"href":"https:\/\/trimakasi.eu\/de\/wp-json\/wp\/v2\/product_tag?post=165065"}],"curies":[{"name":"wp","href":"https:\/\/api.w.org\/{rel}","templated":true}]}}