{"id":163398,"date":"2023-09-12T11:12:31","date_gmt":"2023-09-12T09:12:31","guid":{"rendered":"https:\/\/trimakasi.eu\/?post_type=product&#038;p=163398"},"modified":"2025-11-11T20:00:01","modified_gmt":"2025-11-11T19:00:01","slug":"buddha-armband-fur-frauen","status":"publish","type":"product","link":"https:\/\/trimakasi.eu\/de\/product\/buddha-bracelet-for-women\/","title":{"rendered":"Buddha-Armband f\u00fcr Frauen"},"content":{"rendered":"<h3>Mondstein<\/h3>\n<p>Mondstein harmonisiert Emotionen auf der Ebene des menschlichen Unterbewusstseins, st\u00e4rkt die Intuition erheblich und hilft uns, auf unsere innere Stimme zu h\u00f6ren. Die  Harmonisierung von Emotionen hat eine stark heilende Wirkung auf den menschlichen Geist und K\u00f6rper.  Der Mondstein unterst\u00fctzt uns, wenn wir \u00fcber unsere Emotionen reden,  die bis jetzt auf der Ebene unseres Unterbewusstseins geblieben sind. Er mildert auch den Stress, der mit einem hohen Arbeitseinsatz verbunden ist.<\/p>\n<p>Mit dem Mondstein schenkt man besonders  Frauen gleichzeitig auch Liebe, denn er  harmonisert nicht nur Emotionen allgemein, sondern weckt auch die romantische Liebe auf. Dieser Edelstein hilft, den biologischen Rhythmus des menschlichen K\u00f6rpers zu harmonisieren und beeinflusst das weibliche Fortpflanzungssystem: Er erh\u00f6ht die Fruchtbarkeit, hilft bei Menstruationsproblemen, gleicht das Hormonsystem aus und beseitigt die Fl\u00fcssigkeitsretention.<\/p>\n<h3 dir=\"ltr\" data-placeholder=\"P\u0159eklad\">Wei\u00dfer Quarz<\/h3>\n<p dir=\"ltr\" data-placeholder=\"P\u0159eklad\">Quarz ist ein sehr h\u00e4ufig vorkommendes Mineral, das meist in hellgrauer oder wei\u00dfer Farbe vorkommt und zusammen mit Feldsp\u00e4ten das am weitesten verbreitete Mineral in der Erdkruste ist. Wir berichten ehrlich, dass der von uns verwendete Quarz aufgrund der zus\u00e4tzlichen F\u00e4rbung eine strahlend wei\u00dfe Farbe hat, die einen sch\u00f6nen Kontrast zu anderen Perlen bildet.<\/p>\n<div><\/div>\n<p>Element:\u00a0<strong>Wasser, Luft<\/strong><\/p>\n<p>Sternzeichen:\u00a0<strong>Krebs, Zwillinge, Fische, Skorpion, L\u00f6we und Widder<\/strong><\/p>\n<p>Dieses Armband harmoniert das Hals- und Kronenchakra<\/p>\n<p><a href=\"https:\/\/trimakasi.eu\/wp-content\/uploads\/2020\/07\/\u010dakra4.jpg\"><img loading=\"lazy\" decoding=\"async\" class=\"alignnone size-full wp-image-83566\" src=\"https:\/\/trimakasi.eu\/wp-content\/uploads\/2020\/07\/\u010dakra4.jpg\" alt=\"Herzchakra\" width=\"79\" height=\"93\" srcset=\"https:\/\/trimakasi.eu\/wp-content\/uploads\/2020\/07\/\u010dakra4.jpg 79w, https:\/\/trimakasi.eu\/wp-content\/uploads\/2020\/07\/\u010dakra4-10x12.jpg 10w\" sizes=\"auto, (max-width: 79px) 100vw, 79px\" \/><\/a><\/p>\n<p><a href=\"https:\/\/trimakasi.eu\/de\/vlog\/\"><u>Besuchen Sie unseren Video-Blog und entdecken Sie die Verbindung zwischen Edelsteinen, Steinzeichen, Chakren und vieles mehr.<\/u><\/a><\/p>","protected":false},"excerpt":{"rendered":"<p>Buddhistisches Armband f\u00fcr Damen aus nat\u00fcrlichen Edelsteinen. Buddha ist ein Symbol f\u00fcr Weisheit, Entschlossenheit und Mut. Erfahren Sie unten mehr \u00fcber die Eigenschaften dieses Armbands.<\/p>\n<p>W\u00e4hlen Sie ein Armband nach Gr\u00f6\u00dfe und Farbe der letzten Perle. <a href=\"https:\/\/trimakasi.eu\/de\/wie-man-die-armbandgrose-wahlt\/\"><u>Anweisungen zur korrekten Bestimmung der Gr\u00f6\u00dfe finden Sie hier.<\/u><\/a><\/p>","protected":false},"featured_media":163420,"comment_status":"open","ping_status":"closed","template":"","meta":{"_acf_changed":false,"_themeisle_gutenberg_block_has_review":false},"product_brand":[],"product_cat":[1687,568,553],"product_tag":[],"class_list":{"0":"post-163398","1":"product","2":"type-product","3":"status-publish","4":"has-post-thumbnail","6":"product_cat-elastic-bracelets","7":"product_cat-premium-bracelets-for-women","8":"product_cat-womens-jewellery","10":"first","11":"instock","12":"taxable","13":"shipping-taxable","14":"purchasable","15":"product-type-variable","16":"has-default-attributes"},"acf":[],"_links":{"self":[{"href":"https:\/\/trimakasi.eu\/de\/wp-json\/wp\/v2\/product\/163398","targetHints":{"allow":["GET"]}}],"collection":[{"href":"https:\/\/trimakasi.eu\/de\/wp-json\/wp\/v2\/product"}],"about":[{"href":"https:\/\/trimakasi.eu\/de\/wp-json\/wp\/v2\/types\/product"}],"replies":[{"embeddable":true,"href":"https:\/\/trimakasi.eu\/de\/wp-json\/wp\/v2\/comments?post=163398"}],"wp:featuredmedia":[{"embeddable":true,"href":"https:\/\/trimakasi.eu\/de\/wp-json\/wp\/v2\/media\/163420"}],"wp:attachment":[{"href":"https:\/\/trimakasi.eu\/de\/wp-json\/wp\/v2\/media?parent=163398"}],"wp:term":[{"taxonomy":"product_brand","embeddable":true,"href":"https:\/\/trimakasi.eu\/de\/wp-json\/wp\/v2\/product_brand?post=163398"},{"taxonomy":"product_cat","embeddable":true,"href":"https:\/\/trimakasi.eu\/de\/wp-json\/wp\/v2\/product_cat?post=163398"},{"taxonomy":"product_tag","embeddable":true,"href":"https:\/\/trimakasi.eu\/de\/wp-json\/wp\/v2\/product_tag?post=163398"}],"curies":[{"name":"wp","href":"https:\/\/api.w.org\/{rel}","templated":true}]}}