{"id":163124,"date":"2021-06-04T19:37:43","date_gmt":"2021-06-04T17:37:43","guid":{"rendered":"https:\/\/trimakasi.eu\/?post_type=product&#038;p=163124"},"modified":"2025-12-28T23:51:23","modified_gmt":"2025-12-28T22:51:23","slug":"aquamarin-punkt-halskette-fur-damen","status":"publish","type":"product","link":"https:\/\/trimakasi.eu\/de\/product\/aquamarine-point-necklace-for-women\/","title":{"rendered":"Kristallhalskette f\u00fcr Damen \u2013 Aquamarin"},"content":{"rendered":"<h3>Aquamarin<\/h3>\n<p>Der Name Aquamarin kommt vom lateinischen Wort \u201eaqua marinus\u201c und bedeutet \u201eMeerwasser\u201c. Der Name bezieht sich auf die Farbe dieses Steins, die dem von den Wellen aufgesch\u00e4umten Meerwasser \u00e4hnelt. Aquamarin im menschlichen Geist erinnert an die Reinheit von klarem Wasser und gleichzeitig an einen Zustand tiefer Entspannung, der das Rauschen der Meereswellen an die K\u00fcste bringt. Es ist ein reinigender und beruhigender Edelstein, der Vertrauen und Wahrheit f\u00f6rdert. In der alten Tradition galt Aquamarin als versteinerte Tr\u00e4nen von Meerjungfrauen und wurde von Seeleuten als Gl\u00fccksbringer zur Furchtlosigkeit und zum Schutz verwendet.<\/p>\n<p>Im Mittelalter wurde der Aquamarin als Stein der Liebe verwendet, um die Leidenschaft von Ehepaaren zu beleben. Er war daher einer der beliebtesten Edelsteine f\u00fcr Schmuck als Geschenk zum Hochzeitstag. Aquamarin wurde sogar f\u00fcr die spektakul\u00e4rsten Schmuckst\u00fccke verwendet, wie zum Beispiel die St.-Wenzels-Krone, ein Teil der Tschechischen Kronjuwelen.<\/p>\n<p>Aquamarin st\u00e4rkt das Hals-Chakra und deshalb hilft, Angst vom Reden in der \u00d6ffentlichkeit zu \u00fcberwinden, und ist ein ausgezeichneter Stein f\u00fcr Sprecher. Au\u00dferdem unterst\u00fctzt Sie dabei,  in schwierigen Situationen klar und ohne Wut sprechen zu k\u00f6nnen.<\/p>\n<p>Element: <strong>Wasser<\/strong><\/p>\n<p>Sternzeichen: <strong>Fische, Sch\u00fctze, Skorpion und Zwillinge<\/strong><\/p>\n<p>Das Armband harmonisiert das Hals-Chakra.<\/p>\n<p><img loading=\"lazy\" decoding=\"async\" class=\"alignnone wp-image-72747\" src=\"https:\/\/trimakasi.cz\/wp-content\/uploads\/2018\/07\/\u010dakra5.jpg\" alt=\"\" width=\"68\" height=\"74\" \/><\/p>\n<p><a href=\"https:\/\/trimakasi.eu\/de\/vlog\/\"><u>Besuchen Sie unseren Video-Blog und entdecken Sie die Verbindung zwischen Edelsteinen, Steinzeichen, Chakren und vieles mehr.<\/u><\/a><\/p>","protected":false},"excerpt":{"rendered":"<p>Damenkette mit sechseckigem Anh\u00e4nger aus nat\u00fcrlichem Edelstein Aquamarin. Dieser Edelstein erinnert an die Reinheit von klarem Wasser und gleichzeitig an einen Zustand tiefer Entspannung, der das Rauschen der Meereswellen an der K\u00fcste hervorruft. Erfahren Sie unten mehr \u00fcber die Eigenschaften dieses Steins.<\/p>\n<p>Elegante, 46 cm lange, minimalistische Kette, gefertigt aus poliertem Edelstahl mit einer langlebigen 18-Karat-Goldbeschichtung, verziert mit einem 3 cm x 0,8 cm gro\u00dfen nat\u00fcrlichen Aquamarinkristall.<\/p>\n<p>Die Halskette wird in einer luxuri\u00f6sen rosafarbenen Schachtel mit dem Trimakasi-Logo geliefert und ist somit ein perfektes Geschenk.<\/p>\n<p>Lassen Sie sich von der Sch\u00f6nheit mitrei\u00dfen - jeder Kristall in unseren Halsketten ist ein einzigartiges Wunder der Natur.<\/p>","protected":false},"featured_media":163010,"comment_status":"open","ping_status":"closed","template":"","meta":{"_acf_changed":false,"_themeisle_gutenberg_block_has_review":false},"product_brand":[],"product_cat":[569,1690,1149,553],"product_tag":[],"class_list":{"0":"post-163124","1":"product","2":"type-product","3":"status-publish","4":"has-post-thumbnail","6":"product_cat-minimalist-jewellery-for-women","7":"product_cat-necklaces","8":"product_cat-necklaces-for-women","9":"product_cat-womens-jewellery","11":"first","12":"instock","13":"taxable","14":"shipping-taxable","15":"purchasable","16":"product-type-variable","17":"has-default-attributes"},"acf":[],"_links":{"self":[{"href":"https:\/\/trimakasi.eu\/de\/wp-json\/wp\/v2\/product\/163124","targetHints":{"allow":["GET"]}}],"collection":[{"href":"https:\/\/trimakasi.eu\/de\/wp-json\/wp\/v2\/product"}],"about":[{"href":"https:\/\/trimakasi.eu\/de\/wp-json\/wp\/v2\/types\/product"}],"replies":[{"embeddable":true,"href":"https:\/\/trimakasi.eu\/de\/wp-json\/wp\/v2\/comments?post=163124"}],"wp:featuredmedia":[{"embeddable":true,"href":"https:\/\/trimakasi.eu\/de\/wp-json\/wp\/v2\/media\/163010"}],"wp:attachment":[{"href":"https:\/\/trimakasi.eu\/de\/wp-json\/wp\/v2\/media?parent=163124"}],"wp:term":[{"taxonomy":"product_brand","embeddable":true,"href":"https:\/\/trimakasi.eu\/de\/wp-json\/wp\/v2\/product_brand?post=163124"},{"taxonomy":"product_cat","embeddable":true,"href":"https:\/\/trimakasi.eu\/de\/wp-json\/wp\/v2\/product_cat?post=163124"},{"taxonomy":"product_tag","embeddable":true,"href":"https:\/\/trimakasi.eu\/de\/wp-json\/wp\/v2\/product_tag?post=163124"}],"curies":[{"name":"wp","href":"https:\/\/api.w.org\/{rel}","templated":true}]}}