{"id":163044,"date":"2023-12-27T13:42:20","date_gmt":"2023-12-27T12:42:20","guid":{"rendered":"https:\/\/trimakasi.eu\/?post_type=product&#038;p=163044"},"modified":"2026-03-27T15:53:47","modified_gmt":"2026-03-27T14:53:47","slug":"rohschwarze-turmalin-halskette-fur-damen","status":"publish","type":"product","link":"https:\/\/trimakasi.eu\/de\/product\/raw-black-tourmaline-necklace-for-women\/","title":{"rendered":"Damen Halskette Roher Turmalin"},"content":{"rendered":"<h3>Schwarzer Turmalin<\/h3>\n<p>Turmalin ist ein typisches Mineral, das durch hohe Temperaturen und Dr\u00fccke im Erdkern entsteht und durch vulkanische Aktivit\u00e4t an die Oberfl\u00e4che gelangt. Eine alt\u00e4gyptische Legende erw\u00e4hnt, wie lange Turmalin vom Erdkern aus reisen musste, um an die Oberfl\u00e4che zu gelangen. In dieser Legende steht auch, dass der Turmalin durch den Regenbogen ging und somit in vielen Farben erscheint. Dies ist \u00fcberhaupt nicht weit von der Wahrheit entfernt, da dieses Juwel in vielen Farben und Schattierungen vorkommen kann.<\/p>\n<p><span lang=\"en\" tabindex=\"0\">Schwarzer Onyx, schwarzer Turmalin und schwarzer Obsidian gelten aufgrund ihrer dunklen Farbe als traditionelle Schutzsteine. Sie k\u00f6nnen Sie mit einer sch\u00fctzenden Atmosph\u00e4re umgeben, die die gesamte Negativit\u00e4t Ihrer Umgebung absorbiert. Vor allem helfen sie, negative Gedankenmuster zu \u00fcberwinden, die sich aus den schw\u00e4chsten und giftigsten Emotionen entwickeln - aus Angst.<\/span><\/p>\n<p>Nach den Legenden ist schwarzer Turmalin als \u201eReinigungsstein\u201c bekannt, da er sowohl K\u00f6rper als auch Seele von Negativit\u00e4t reinigen kann. Es wird immer noch von verschiedenen Schamanen und Druiden auf der ganzen Welt verwendet, insbesondere bei einheimischen St\u00e4mmen in Afrika und Amerika, als Eckpfeiler ihrer Heilrituale gegen geistige und k\u00f6rperliche Krankheiten.<\/p>\n<p>Element: <strong>Wasser<\/strong><\/p>\n<p>Sternzeichen: <strong>Steinbock, Zwillinge, Skorpion und Waage<\/strong><\/p>\n<p>Dieses Armband harmonisiert das Wurzelchakra.<\/p>\n<p><img loading=\"lazy\" decoding=\"async\" class=\"alignnone wp-image-72742\" src=\"https:\/\/trimakasi.cz\/wp-content\/uploads\/2018\/08\/%C4%8Dakra1.jpg\" alt=\"Z\u00e1kladn\u00ed \u010dakra\" width=\"66\" height=\"72\" \/><\/p>\n<p><a href=\"https:\/\/trimakasi.eu\/de\/vlog\/\"><u>Besuchen Sie unseren Video-Blog und entdecken Sie die Verbindung zwischen Edelsteinen, Steinzeichen, Chakren und vieles mehr.<\/u><\/a><\/p>","protected":false},"excerpt":{"rendered":"<p>Einzigartige minimalistische Halskette mit rohem, nat\u00fcrlichem schwarzem Turmalin. Perfekt, um jedem Outfit einen Hauch von Eleganz zu verleihen.<\/p>\n<p>Schwarzer Turmalin ist ein sch\u00fctzender und reinigender Stein. Jedes St\u00fcck ist einzigartig! Scrollen Sie nach unten, um mehr \u00fcber die Eigenschaften der Steine zu erfahren.<\/p>\n<p>Die Kette ist in der L\u00e4nge von 46-52 cm verstellbar, aus Edelstahl gefertigt und f\u00fcr eine lange Haltbarkeit im PVD-Verfahren mit echtem 18-kar\u00e4tigem Gold beschichtet. Die Abmessungen des minimalistischen Steins betragen ca. 0,6 x 1,2 cm. Die Halskette wird in einer luxuri\u00f6sen rosafarbenen Schachtel mit dem Trimakasi-Logo geliefert und ist somit ein perfektes Geschenk.<\/p>","protected":false},"featured_media":173883,"comment_status":"open","ping_status":"closed","template":"","meta":{"_acf_changed":false,"_themeisle_gutenberg_block_has_review":false},"product_brand":[],"product_cat":[1714,569,1149,1690,553],"product_tag":[],"class_list":{"0":"post-163044","1":"product","2":"type-product","3":"status-publish","4":"has-post-thumbnail","6":"product_cat-jewellery-discounts","7":"product_cat-minimalist-jewellery-for-women","8":"product_cat-necklaces-for-women","9":"product_cat-necklaces","10":"product_cat-womens-jewellery","12":"first","13":"instock","14":"taxable","15":"shipping-taxable","16":"purchasable","17":"product-type-variable","18":"has-default-attributes"},"acf":[],"_links":{"self":[{"href":"https:\/\/trimakasi.eu\/de\/wp-json\/wp\/v2\/product\/163044","targetHints":{"allow":["GET"]}}],"collection":[{"href":"https:\/\/trimakasi.eu\/de\/wp-json\/wp\/v2\/product"}],"about":[{"href":"https:\/\/trimakasi.eu\/de\/wp-json\/wp\/v2\/types\/product"}],"replies":[{"embeddable":true,"href":"https:\/\/trimakasi.eu\/de\/wp-json\/wp\/v2\/comments?post=163044"}],"wp:featuredmedia":[{"embeddable":true,"href":"https:\/\/trimakasi.eu\/de\/wp-json\/wp\/v2\/media\/173883"}],"wp:attachment":[{"href":"https:\/\/trimakasi.eu\/de\/wp-json\/wp\/v2\/media?parent=163044"}],"wp:term":[{"taxonomy":"product_brand","embeddable":true,"href":"https:\/\/trimakasi.eu\/de\/wp-json\/wp\/v2\/product_brand?post=163044"},{"taxonomy":"product_cat","embeddable":true,"href":"https:\/\/trimakasi.eu\/de\/wp-json\/wp\/v2\/product_cat?post=163044"},{"taxonomy":"product_tag","embeddable":true,"href":"https:\/\/trimakasi.eu\/de\/wp-json\/wp\/v2\/product_tag?post=163044"}],"curies":[{"name":"wp","href":"https:\/\/api.w.org\/{rel}","templated":true}]}}