{"id":162205,"date":"2021-02-07T18:46:18","date_gmt":"2021-02-07T17:46:18","guid":{"rendered":"https:\/\/trimakasi.eu\/?post_type=product&#038;p=162205"},"modified":"2024-06-28T22:35:43","modified_gmt":"2024-06-28T20:35:43","slug":"herz-rosen-quarz-armband","status":"publish","type":"product","link":"https:\/\/trimakasi.eu\/de\/product\/heart-rose-quartz-bracelet\/","title":{"rendered":"Herz Rosenquarz Armband"},"content":{"rendered":"<h3>Rosenquarz<\/h3>\n<p>Dieser Stein ist ein Symbol f\u00fcr Liebe, Sch\u00f6nheit und Gesundheit. Er lehrt uns Geduld bei der L\u00f6sung von Problemen, Selbstliebe und gibt Kraft, denen zu vergeben, die uns verletzt haben. Er belebt Fantasie und kreatives Denken.<\/p>\n<p>Element:<strong> Erde<\/strong><\/p>\n<p>Sternzeichen:<strong> L\u00f6we, Skorpion, Widder, Krebs, Stier, Steinbock<\/strong><\/p>\n<p>Das Armband harmonisiert das Herzchakra:<\/p>\n<p><a href=\"https:\/\/trimakasi.eu\/wp-content\/uploads\/2020\/07\/\u010dakra4.jpg\"><img loading=\"lazy\" decoding=\"async\" class=\"alignnone size-full wp-image-83566\" src=\"https:\/\/trimakasi.eu\/wp-content\/uploads\/2020\/07\/\u010dakra4.jpg\" alt=\"Herzchakra\" width=\"79\" height=\"93\" srcset=\"https:\/\/trimakasi.eu\/wp-content\/uploads\/2020\/07\/\u010dakra4.jpg 79w, https:\/\/trimakasi.eu\/wp-content\/uploads\/2020\/07\/\u010dakra4-10x12.jpg 10w\" sizes=\"auto, (max-width: 79px) 100vw, 79px\" \/><\/a><\/p>\n<p><a href=\"https:\/\/trimakasi.eu\/de\/vlog\/\"><u>Besuchen Sie unseren Video-Blog und entdecken Sie die Verbindung zwischen Edelsteinen, Steinzeichen, Chakren und vieles mehr.<\/u><\/a><\/p>","protected":false},"excerpt":{"rendered":"<p>Anst\u00e4ndiges und bequemes Armband, das Sie nicht mehr ausziehen m\u00f6chten!<\/p>\n<p>Hergestellt aus hochwertiger nat\u00fcrlicher Seidenkordel und herzf\u00f6rmigem Edelstein Rosenquarz.<\/p>\n<p>Es ist in der Gr\u00f6\u00dfe verstellbar und passt daher jeder Frau.<\/p>\n<p>Ein hervorragendes Schmuckst\u00fcck zur Harmonisierung des Herzchakras!<\/p>\n<p>Erfahren Sie unten mehr \u00fcber den Rosenquarz-Edelstein.<\/p>","protected":false},"featured_media":162207,"comment_status":"open","ping_status":"closed","template":"","meta":{"_acf_changed":false,"_themeisle_gutenberg_block_has_review":false},"product_brand":[],"product_cat":[569,1689,553],"product_tag":[],"class_list":{"0":"post-162205","1":"product","2":"type-product","3":"status-publish","4":"has-post-thumbnail","6":"product_cat-minimalist-jewellery-for-women","7":"product_cat-simple-bracelets","8":"product_cat-womens-jewellery","10":"first","11":"instock","12":"taxable","13":"shipping-taxable","14":"purchasable","15":"product-type-simple"},"acf":[],"_links":{"self":[{"href":"https:\/\/trimakasi.eu\/de\/wp-json\/wp\/v2\/product\/162205","targetHints":{"allow":["GET"]}}],"collection":[{"href":"https:\/\/trimakasi.eu\/de\/wp-json\/wp\/v2\/product"}],"about":[{"href":"https:\/\/trimakasi.eu\/de\/wp-json\/wp\/v2\/types\/product"}],"replies":[{"embeddable":true,"href":"https:\/\/trimakasi.eu\/de\/wp-json\/wp\/v2\/comments?post=162205"}],"wp:featuredmedia":[{"embeddable":true,"href":"https:\/\/trimakasi.eu\/de\/wp-json\/wp\/v2\/media\/162207"}],"wp:attachment":[{"href":"https:\/\/trimakasi.eu\/de\/wp-json\/wp\/v2\/media?parent=162205"}],"wp:term":[{"taxonomy":"product_brand","embeddable":true,"href":"https:\/\/trimakasi.eu\/de\/wp-json\/wp\/v2\/product_brand?post=162205"},{"taxonomy":"product_cat","embeddable":true,"href":"https:\/\/trimakasi.eu\/de\/wp-json\/wp\/v2\/product_cat?post=162205"},{"taxonomy":"product_tag","embeddable":true,"href":"https:\/\/trimakasi.eu\/de\/wp-json\/wp\/v2\/product_tag?post=162205"}],"curies":[{"name":"wp","href":"https:\/\/api.w.org\/{rel}","templated":true}]}}