{"id":162140,"date":"2020-01-07T12:58:40","date_gmt":"2020-01-07T11:58:40","guid":{"rendered":"https:\/\/trimakasi.eu\/?post_type=product&#038;p=162140"},"modified":"2024-07-10T22:39:39","modified_gmt":"2024-07-10T20:39:39","slug":"rohkristall-quarz-armband","status":"publish","type":"product","link":"https:\/\/trimakasi.eu\/de\/product\/raw-crystal-quartz-bracelet\/","title":{"rendered":"Damenarmband aus rohem Bergkristall"},"content":{"rendered":"<h3>Kristallquarz<\/h3>\n<p id=\"tw-target-text\" class=\"tw-data-text tw-ta tw-text-small\" dir=\"ltr\" data-placeholder=\"P\u0159eklad\"><span lang=\"en\" tabindex=\"0\">Der Stein sch\u00fctzt die Reinheit der Seele, verbessert die Konzentration, sch\u00fctzt vor Negativit\u00e4t, ist zur Meditation geeignet und erh\u00f6ht insgesamt die mentale St\u00e4rke.<\/span><\/p>\n<p class=\"tw-data-text tw-ta tw-text-small\" dir=\"ltr\" data-placeholder=\"P\u0159eklad\"><span lang=\"en\" tabindex=\"0\">Zu den historischen Namen dieses Steins geh\u00f6ren Ausdr\u00fccke wie \u201egefrorenes Licht\u201c, \u201eheiliges Wasser\u201c oder \u201eDrachenessenz\u201c, wie es in chinesischen und japanischen Traditionen bekannt ist. Die Buddhisten nannten es &quot;sichtbares Nichts&quot;, und die australischen Ureinwohner nannten es &quot;versteinertes Licht&quot; und glaubten, dass es die Essenz des Gro\u00dfen Geistes enth\u00e4lt. In der griechischen Tradition wurde es &quot;reines Eis&quot; genannt, das nach Legenden in Tausende von St\u00fccken zerschmettert wurde, nachdem Herkules es vom heiligen Olymp fallen gelassen hatte.<\/span><\/p>\n<p id=\"tw-target-text\" class=\"tw-data-text tw-ta tw-text-small\" dir=\"ltr\" data-placeholder=\"P\u0159eklad\"><span lang=\"en\" tabindex=\"0\">Element: <strong>Erde, Feuer, Wasser, Luft<\/strong><\/span><\/p>\n<p class=\"tw-data-text tw-ta tw-text-small\" dir=\"ltr\" data-placeholder=\"P\u0159eklad\"><span lang=\"en\" tabindex=\"0\">Sternzeichen: <strong>Geeignet f\u00fcr jedes Zeichen.<\/strong><\/span><\/p>\n<p>Das Armband harmonisiert alle Chakren, aber haupts\u00e4chlich das Kronenchakra:<\/p>\n<p><img loading=\"lazy\" decoding=\"async\" class=\"alignnone wp-image-74571\" src=\"https:\/\/trimakasi.eu\/wp-content\/uploads\/2019\/05\/akra7.jpg\" alt=\"\" width=\"78\" height=\"86\" srcset=\"https:\/\/trimakasi.eu\/wp-content\/uploads\/2019\/05\/akra7.jpg 92w, https:\/\/trimakasi.eu\/wp-content\/uploads\/2019\/05\/akra7-11x12.jpg 11w\" sizes=\"auto, (max-width: 78px) 100vw, 78px\" \/><\/p>\n<p><a href=\"https:\/\/trimakasi.eu\/de\/vlog\/\"><u>Besuchen Sie unseren Video-Blog und entdecken Sie die Verbindung zwischen Edelsteinen, Steinzeichen, Chakren und vieles mehr.<\/u><\/a><\/p>","protected":false},"excerpt":{"rendered":"<p>Anst\u00e4ndiges und bequemes Armband, das Sie nicht mehr ausziehen m\u00f6chten!<\/p>\n<p>Das Armbad ist aus hochwertigem Seidenkordel und rohem Edelstein hergestellt. Jeder Stein ist ein  Original und deshalbt verleiht die Originalit\u00e4t dem gesamten Schmuckst\u00fcck.<\/p>\n<p>Es ist in der Gr\u00f6\u00dfe verstellbar und passt daher jeder Frau.<\/p>\n<p>Erfahren Sie unten mehr \u00fcber den Kristallquarz-Edelstein.<\/p>","protected":false},"featured_media":162148,"comment_status":"open","ping_status":"closed","template":"","meta":{"_acf_changed":false,"_themeisle_gutenberg_block_has_review":false},"product_brand":[],"product_cat":[569,1689,553],"product_tag":[],"class_list":{"0":"post-162140","1":"product","2":"type-product","3":"status-publish","4":"has-post-thumbnail","6":"product_cat-minimalist-jewellery-for-women","7":"product_cat-simple-bracelets","8":"product_cat-womens-jewellery","10":"first","11":"instock","12":"taxable","13":"shipping-taxable","14":"purchasable","15":"product-type-variable","16":"has-default-attributes"},"acf":[],"_links":{"self":[{"href":"https:\/\/trimakasi.eu\/de\/wp-json\/wp\/v2\/product\/162140","targetHints":{"allow":["GET"]}}],"collection":[{"href":"https:\/\/trimakasi.eu\/de\/wp-json\/wp\/v2\/product"}],"about":[{"href":"https:\/\/trimakasi.eu\/de\/wp-json\/wp\/v2\/types\/product"}],"replies":[{"embeddable":true,"href":"https:\/\/trimakasi.eu\/de\/wp-json\/wp\/v2\/comments?post=162140"}],"wp:featuredmedia":[{"embeddable":true,"href":"https:\/\/trimakasi.eu\/de\/wp-json\/wp\/v2\/media\/162148"}],"wp:attachment":[{"href":"https:\/\/trimakasi.eu\/de\/wp-json\/wp\/v2\/media?parent=162140"}],"wp:term":[{"taxonomy":"product_brand","embeddable":true,"href":"https:\/\/trimakasi.eu\/de\/wp-json\/wp\/v2\/product_brand?post=162140"},{"taxonomy":"product_cat","embeddable":true,"href":"https:\/\/trimakasi.eu\/de\/wp-json\/wp\/v2\/product_cat?post=162140"},{"taxonomy":"product_tag","embeddable":true,"href":"https:\/\/trimakasi.eu\/de\/wp-json\/wp\/v2\/product_tag?post=162140"}],"curies":[{"name":"wp","href":"https:\/\/api.w.org\/{rel}","templated":true}]}}